{"id":9758,"date":"2024-09-06T19:03:50","date_gmt":"2024-09-06T17:03:50","guid":{"rendered":"https:\/\/ateliersi.it\/si\/?page_id=9758"},"modified":"2024-09-12T20:44:06","modified_gmt":"2024-09-12T18:44:06","slug":"le-congiunzioni-avversative-2024-2025","status":"publish","type":"page","link":"https:\/\/ateliersi.it\/si\/le-congiunzioni-avversative-2024-2025\/","title":{"rendered":"LE CONGIUNZIONI AVVERSATIVE 2024-2025"},"content":{"rendered":"<div class=\"two_columns_75_25 clearfix\">\n<div class=\"column1\"><div class=\"column_inner\">\n<p>Ateliersi ama le affermazioni, <em><strong>ma<\/strong><\/em> si inoltra al di l\u00e0 dei punti a capo che le vorrebbero blindare.<br \/>\nL&#8217;Atelier S\u00ec \u00e8 il luogo per frequentare gli estremi, <em><strong>per\u00f2<\/strong><\/em> spinge l&#8217;esperienza oltre l&#8217;autodefinizione, cos\u00ec che il discorso resti aperto.<br \/>\nIl volere del potere minaccia il poter volere, <em><strong>ci\u00f2 nonostante<\/strong><\/em>, sappiamo che l&#8217;immaginazione \u00e8 in grado di esercitare un contropotere.<br \/>\nViviamo sull&#8217;orlo, <em><strong>eppure<\/strong><\/em> danziamo.<br \/>\nSi trincerano i luoghi istituzionali, come se fossero gli obbiettivi simbolici di una guerra, come i sepolcri o i santuari, <em><strong>mentre<\/strong><\/em> la vita scorre nella mutevolezza dei percorsi indipendenti.<br \/>\n<em><strong>Piuttosto che<\/strong><\/em> scegliere un&#8217;identit\u00e0 per contrapporla alle altre, preferiamo accoglierne decine, centinaia, migliaia: tutte quelle che riusciamo a immaginare. <em><strong>Anzi<\/strong><\/em>, anche quelle che non immaginiamo e ci sorprenderanno. <em><strong>Peraltro<\/strong><\/em>, non si pu\u00f2 che riconoscerle, quando si manifestano.<br \/>\nNon sempre una crepa si ripara, <strong><em>al contrario<\/em><\/strong> pu\u00f2 aprirsi ancora e diventare lo spazio di un dubbio. Dubbi che non limitano lo sguardo <em><strong>bens\u00ec<\/strong><\/em> ampliano la visione, includendo anche ci\u00f2 che era fuori campo, fuori tema, fuori luogo.<br \/>\nA volte un&#8217;affermazione sembra essere conclusiva, <em><strong>tuttavia<\/strong><\/em> se ne pu\u00f2 sempre congiungere un&#8217;altra che apre a nuove possibilit\u00e0.<br \/>\nNo?<br \/>\n<em><strong>Invece<\/strong><\/em> S\u00ec<\/p>\n<p>&nbsp;<\/p>\n<p><img loading=\"lazy\" decoding=\"async\" class=\"size-full wp-image-9808 alignnone\" src=\"https:\/\/ateliersi.it\/si\/wp-content\/uploads\/2024\/09\/ateliersi_CA2425-anima-2_big.gif\" alt=\"\" width=\"320\" height=\"320\" \/><\/p>\n<p>&nbsp;<\/p>\n<p>A <a href=\"https:\/\/ateliersi.it\/si\/programma-2024-2025\/\" rel=\"noopener\">questo link<\/a> gli approfondimenti sul programma<\/p>\n<\/div><\/div>\n<div class=\"column2\"><div class=\"column_inner\">\n<\/div><\/div>\n<\/div>\n<p>&nbsp;<\/p>\n","protected":false},"excerpt":{"rendered":"<p>&nbsp;<\/p>\n","protected":false},"author":1,"featured_media":0,"parent":0,"menu_order":0,"comment_status":"closed","ping_status":"closed","template":"","meta":{"footnotes":""},"class_list":["post-9758","page","type-page","status-publish","hentry"],"yoast_head":"<!-- This site is optimized with the Yoast SEO plugin v27.1.1 - https:\/\/yoast.com\/product\/yoast-seo-wordpress\/ -->\n<title>LE CONGIUNZIONI AVVERSATIVE 2024-2025 - S\u00ec<\/title>\n<meta name=\"robots\" content=\"index, follow, max-snippet:-1, max-image-preview:large, max-video-preview:-1\" \/>\n<link rel=\"canonical\" href=\"https:\/\/ateliersi.it\/si\/le-congiunzioni-avversative-2024-2025\/\" \/>\n<meta property=\"og:locale\" content=\"it_IT\" \/>\n<meta property=\"og:type\" content=\"article\" \/>\n<meta property=\"og:title\" content=\"LE CONGIUNZIONI AVVERSATIVE 2024-2025 - S\u00ec\" \/>\n<meta property=\"og:description\" content=\"&nbsp;\" \/>\n<meta property=\"og:url\" content=\"https:\/\/ateliersi.it\/si\/le-congiunzioni-avversative-2024-2025\/\" \/>\n<meta property=\"og:site_name\" content=\"S\u00ec\" \/>\n<meta property=\"article:publisher\" content=\"https:\/\/www.facebook.com\/si.ateliersi\" \/>\n<meta property=\"article:modified_time\" content=\"2024-09-12T18:44:06+00:00\" \/>\n<meta property=\"og:image\" content=\"https:\/\/ateliersi.it\/si\/wp-content\/uploads\/2024\/09\/ateliersi_CA2425-anima-2_big.gif\" \/>\n<meta name=\"twitter:card\" content=\"summary_large_image\" \/>\n<meta name=\"twitter:site\" content=\"@AtelierSi\" \/>\n<meta name=\"twitter:label1\" content=\"Tempo di lettura stimato\" \/>\n\t<meta name=\"twitter:data1\" content=\"2 minuti\" \/>\n<!-- \/ Yoast SEO plugin. -->","yoast_head_json":{"title":"LE CONGIUNZIONI AVVERSATIVE 2024-2025 - S\u00ec","robots":{"index":"index","follow":"follow","max-snippet":"max-snippet:-1","max-image-preview":"max-image-preview:large","max-video-preview":"max-video-preview:-1"},"canonical":"https:\/\/ateliersi.it\/si\/le-congiunzioni-avversative-2024-2025\/","og_locale":"it_IT","og_type":"article","og_title":"LE CONGIUNZIONI AVVERSATIVE 2024-2025 - S\u00ec","og_description":"&nbsp;","og_url":"https:\/\/ateliersi.it\/si\/le-congiunzioni-avversative-2024-2025\/","og_site_name":"S\u00ec","article_publisher":"https:\/\/www.facebook.com\/si.ateliersi","article_modified_time":"2024-09-12T18:44:06+00:00","og_image":[{"url":"https:\/\/ateliersi.it\/si\/wp-content\/uploads\/2024\/09\/ateliersi_CA2425-anima-2_big.gif","type":"","width":"","height":""}],"twitter_card":"summary_large_image","twitter_site":"@AtelierSi","twitter_misc":{"Tempo di lettura stimato":"2 minuti"},"schema":{"@context":"https:\/\/schema.org","@graph":[{"@type":"WebPage","@id":"https:\/\/ateliersi.it\/si\/le-congiunzioni-avversative-2024-2025\/","url":"https:\/\/ateliersi.it\/si\/le-congiunzioni-avversative-2024-2025\/","name":"LE CONGIUNZIONI AVVERSATIVE 2024-2025 - S\u00ec","isPartOf":{"@id":"https:\/\/ateliersi.it\/si\/#website"},"primaryImageOfPage":{"@id":"https:\/\/ateliersi.it\/si\/le-congiunzioni-avversative-2024-2025\/#primaryimage"},"image":{"@id":"https:\/\/ateliersi.it\/si\/le-congiunzioni-avversative-2024-2025\/#primaryimage"},"thumbnailUrl":"https:\/\/ateliersi.it\/si\/wp-content\/uploads\/2024\/09\/ateliersi_CA2425-anima-2_big.gif","datePublished":"2024-09-06T17:03:50+00:00","dateModified":"2024-09-12T18:44:06+00:00","breadcrumb":{"@id":"https:\/\/ateliersi.it\/si\/le-congiunzioni-avversative-2024-2025\/#breadcrumb"},"inLanguage":"it-IT","potentialAction":[{"@type":"ReadAction","target":["https:\/\/ateliersi.it\/si\/le-congiunzioni-avversative-2024-2025\/"]}]},{"@type":"ImageObject","inLanguage":"it-IT","@id":"https:\/\/ateliersi.it\/si\/le-congiunzioni-avversative-2024-2025\/#primaryimage","url":"","contentUrl":""},{"@type":"BreadcrumbList","@id":"https:\/\/ateliersi.it\/si\/le-congiunzioni-avversative-2024-2025\/#breadcrumb","itemListElement":[{"@type":"ListItem","position":1,"name":"Home","item":"https:\/\/ateliersi.it\/si\/"},{"@type":"ListItem","position":2,"name":"LE CONGIUNZIONI AVVERSATIVE 2024-2025"}]},{"@type":"WebSite","@id":"https:\/\/ateliersi.it\/si\/#website","url":"https:\/\/ateliersi.it\/si\/","name":"S\u00ec","description":"","publisher":{"@id":"https:\/\/ateliersi.it\/si\/#organization"},"potentialAction":[{"@type":"SearchAction","target":{"@type":"EntryPoint","urlTemplate":"https:\/\/ateliersi.it\/si\/?s={search_term_string}"},"query-input":{"@type":"PropertyValueSpecification","valueRequired":true,"valueName":"search_term_string"}}],"inLanguage":"it-IT"},{"@type":"Organization","@id":"https:\/\/ateliersi.it\/si\/#organization","name":"S\u00ec \u2013 Ateliersi","url":"https:\/\/ateliersi.it\/si\/","logo":{"@type":"ImageObject","inLanguage":"it-IT","@id":"https:\/\/ateliersi.it\/si\/#\/schema\/logo\/image\/","url":"https:\/\/ateliersi.it\/si\/wp-content\/uploads\/2015\/09\/cropped-si_head_1516.png","contentUrl":"https:\/\/ateliersi.it\/si\/wp-content\/uploads\/2015\/09\/cropped-si_head_1516.png","width":512,"height":512,"caption":"S\u00ec \u2013 Ateliersi"},"image":{"@id":"https:\/\/ateliersi.it\/si\/#\/schema\/logo\/image\/"},"sameAs":["https:\/\/www.facebook.com\/si.ateliersi","https:\/\/x.com\/AtelierSi","https:\/\/www.instagram.com\/si.ateliersi\/"]}]}},"rttpg_featured_image_url":null,"rttpg_author":{"display_name":"D1gh3z_1975","author_link":"https:\/\/ateliersi.it\/si\/author\/d1gh3z_1975\/"},"rttpg_comment":0,"rttpg_category":" <a href=\"https:\/\/ateliersi.it\/si\/?taxonomy=translation_priority&#038;term=opzionale\" rel=\"tag\">Opzionale<\/a>","rttpg_excerpt":"&nbsp;","_links":{"self":[{"href":"https:\/\/ateliersi.it\/si\/wp-json\/wp\/v2\/pages\/9758","targetHints":{"allow":["GET"]}}],"collection":[{"href":"https:\/\/ateliersi.it\/si\/wp-json\/wp\/v2\/pages"}],"about":[{"href":"https:\/\/ateliersi.it\/si\/wp-json\/wp\/v2\/types\/page"}],"author":[{"embeddable":true,"href":"https:\/\/ateliersi.it\/si\/wp-json\/wp\/v2\/users\/1"}],"replies":[{"embeddable":true,"href":"https:\/\/ateliersi.it\/si\/wp-json\/wp\/v2\/comments?post=9758"}],"version-history":[{"count":6,"href":"https:\/\/ateliersi.it\/si\/wp-json\/wp\/v2\/pages\/9758\/revisions"}],"predecessor-version":[{"id":9865,"href":"https:\/\/ateliersi.it\/si\/wp-json\/wp\/v2\/pages\/9758\/revisions\/9865"}],"wp:attachment":[{"href":"https:\/\/ateliersi.it\/si\/wp-json\/wp\/v2\/media?parent=9758"}],"curies":[{"name":"wp","href":"https:\/\/api.w.org\/{rel}","templated":true}]}}