{"id":8879,"date":"2023-09-18T18:47:14","date_gmt":"2023-09-18T16:47:14","guid":{"rendered":"https:\/\/ateliersi.it\/si\/?page_id=8879"},"modified":"2024-07-04T15:41:08","modified_gmt":"2024-07-04T13:41:08","slug":"iperfocale-2023-2024","status":"publish","type":"page","link":"https:\/\/ateliersi.it\/si\/iperfocale-2023-2024\/","title":{"rendered":"IPERFOCALE 2023-2024"},"content":{"rendered":"<div class=\"two_columns_75_25 clearfix\">\n<div class=\"column1\"><div class=\"column_inner\">\n<p>Per mettere a fuoco sia il soggetto che lo sfondo.<br \/>\nPer comprendere nel fuoco sia il s\u00e9 che l&#8217;infinito.<\/p>\n<p>Iperfocale ambisce a espandere le zone di nitidezza. Decimo anno di una vita che &#8211; da quel primo cantiere che ha configurato il S\u00ec nei suoi spazi attuali &#8211; ammira da vicino l&#8217;emergere delle individualit\u00e0 nel loro mettersi a fuoco, del loro mondo magico, dei loro miti personali, dei loro processi di individuazione, della loro autenticit\u00e0 nell&#8217;inimitabile, personale, stranezza. Poi lo sguardo si estende perch\u00e9 si delineino i tratti di quelle transizioni culturali nelle quali in molte e molti siamo impegnati per emanciparci dalle oppressioni del presente.<\/p>\n<p>Si apre e si racchiude il S\u00ec. Respira, come un diaframma, come un organismo vivo. Si apre per esplorare, si racchiude per proteggere, sia apre per esporre e si racchiude per curare. Una dinamica che permette a chi lo attraversa come artista ospite o residente di disporre del tempo e dello spazio. Un modo, per il pubblico, per entrare in relazione sia con le opere che con i processi che le generano. E cos\u00ec la ferocia e la delicatezza della relazione con la madre dentro s\u00e9, il brivido della propria immagine lavorativa nel futuro, la trasformazione degli immaginari sui corpi, l&#8217;evoluzione delle visioni oniriche, la potenza di gesti atletici che attraversano i millenni e le tante altre creazioni e creature accolte dal S\u00ec divengono occasioni per estendere la profondit\u00e0 di campo mantenendo a fuoco le singole anime. Per generare intuizioni trasformative partendo da ci\u00f2 che qui si pu\u00f2 toccare, le anime appunto.<\/p>\n<p>&nbsp;<\/p>\n<p><img loading=\"lazy\" decoding=\"async\" class=\"wp-image-8880 size-full alignnone\" src=\"https:\/\/ateliersi.it\/si\/wp-content\/uploads\/2023\/09\/iperfocale-grande.gif\" alt=\"\" width=\"300\" height=\"300\" \/><\/p>\n<p>&nbsp;<\/p>\n<p>A <a href=\"https:\/\/ateliersi.it\/si\/category\/programma-2023-24\/\" rel=\"noopener\">questo link<\/a> gli approfondimenti sul programma<\/p>\n<\/div><\/div>\n<div class=\"column2\"><div class=\"column_inner\">\n<\/div><\/div>\n<\/div>\n<p>&nbsp;<\/p>\n","protected":false},"excerpt":{"rendered":"<p>&nbsp;<\/p>\n","protected":false},"author":1,"featured_media":0,"parent":0,"menu_order":0,"comment_status":"closed","ping_status":"closed","template":"","meta":{"footnotes":""},"class_list":["post-8879","page","type-page","status-publish","hentry"],"yoast_head":"<!-- This site is optimized with the Yoast SEO plugin v27.1.1 - https:\/\/yoast.com\/product\/yoast-seo-wordpress\/ -->\n<title>IPERFOCALE 2023-2024 - S\u00ec<\/title>\n<meta name=\"robots\" content=\"index, follow, max-snippet:-1, max-image-preview:large, max-video-preview:-1\" \/>\n<link rel=\"canonical\" href=\"https:\/\/ateliersi.it\/si\/iperfocale-2023-2024\/\" \/>\n<meta property=\"og:locale\" content=\"it_IT\" \/>\n<meta property=\"og:type\" content=\"article\" \/>\n<meta property=\"og:title\" content=\"IPERFOCALE 2023-2024 - S\u00ec\" \/>\n<meta property=\"og:description\" content=\"&nbsp;\" \/>\n<meta property=\"og:url\" content=\"https:\/\/ateliersi.it\/si\/iperfocale-2023-2024\/\" \/>\n<meta property=\"og:site_name\" content=\"S\u00ec\" \/>\n<meta property=\"article:publisher\" content=\"https:\/\/www.facebook.com\/si.ateliersi\" \/>\n<meta property=\"article:modified_time\" content=\"2024-07-04T13:41:08+00:00\" \/>\n<meta property=\"og:image\" content=\"https:\/\/ateliersi.it\/si\/wp-content\/uploads\/2023\/09\/iperfocale-grande.gif\" \/>\n<meta name=\"twitter:card\" content=\"summary_large_image\" \/>\n<meta name=\"twitter:site\" content=\"@AtelierSi\" \/>\n<meta name=\"twitter:label1\" content=\"Tempo di lettura stimato\" \/>\n\t<meta name=\"twitter:data1\" content=\"2 minuti\" \/>\n<!-- \/ Yoast SEO plugin. -->","yoast_head_json":{"title":"IPERFOCALE 2023-2024 - S\u00ec","robots":{"index":"index","follow":"follow","max-snippet":"max-snippet:-1","max-image-preview":"max-image-preview:large","max-video-preview":"max-video-preview:-1"},"canonical":"https:\/\/ateliersi.it\/si\/iperfocale-2023-2024\/","og_locale":"it_IT","og_type":"article","og_title":"IPERFOCALE 2023-2024 - S\u00ec","og_description":"&nbsp;","og_url":"https:\/\/ateliersi.it\/si\/iperfocale-2023-2024\/","og_site_name":"S\u00ec","article_publisher":"https:\/\/www.facebook.com\/si.ateliersi","article_modified_time":"2024-07-04T13:41:08+00:00","og_image":[{"url":"https:\/\/ateliersi.it\/si\/wp-content\/uploads\/2023\/09\/iperfocale-grande.gif","type":"","width":"","height":""}],"twitter_card":"summary_large_image","twitter_site":"@AtelierSi","twitter_misc":{"Tempo di lettura stimato":"2 minuti"},"schema":{"@context":"https:\/\/schema.org","@graph":[{"@type":"WebPage","@id":"https:\/\/ateliersi.it\/si\/iperfocale-2023-2024\/","url":"https:\/\/ateliersi.it\/si\/iperfocale-2023-2024\/","name":"IPERFOCALE 2023-2024 - S\u00ec","isPartOf":{"@id":"https:\/\/ateliersi.it\/si\/#website"},"primaryImageOfPage":{"@id":"https:\/\/ateliersi.it\/si\/iperfocale-2023-2024\/#primaryimage"},"image":{"@id":"https:\/\/ateliersi.it\/si\/iperfocale-2023-2024\/#primaryimage"},"thumbnailUrl":"https:\/\/ateliersi.it\/si\/wp-content\/uploads\/2023\/09\/iperfocale-grande.gif","datePublished":"2023-09-18T16:47:14+00:00","dateModified":"2024-07-04T13:41:08+00:00","breadcrumb":{"@id":"https:\/\/ateliersi.it\/si\/iperfocale-2023-2024\/#breadcrumb"},"inLanguage":"it-IT","potentialAction":[{"@type":"ReadAction","target":["https:\/\/ateliersi.it\/si\/iperfocale-2023-2024\/"]}]},{"@type":"ImageObject","inLanguage":"it-IT","@id":"https:\/\/ateliersi.it\/si\/iperfocale-2023-2024\/#primaryimage","url":"https:\/\/ateliersi.it\/si\/wp-content\/uploads\/2023\/09\/iperfocale-grande.gif","contentUrl":"https:\/\/ateliersi.it\/si\/wp-content\/uploads\/2023\/09\/iperfocale-grande.gif","width":300,"height":300},{"@type":"BreadcrumbList","@id":"https:\/\/ateliersi.it\/si\/iperfocale-2023-2024\/#breadcrumb","itemListElement":[{"@type":"ListItem","position":1,"name":"Home","item":"https:\/\/ateliersi.it\/si\/"},{"@type":"ListItem","position":2,"name":"IPERFOCALE 2023-2024"}]},{"@type":"WebSite","@id":"https:\/\/ateliersi.it\/si\/#website","url":"https:\/\/ateliersi.it\/si\/","name":"S\u00ec","description":"","publisher":{"@id":"https:\/\/ateliersi.it\/si\/#organization"},"potentialAction":[{"@type":"SearchAction","target":{"@type":"EntryPoint","urlTemplate":"https:\/\/ateliersi.it\/si\/?s={search_term_string}"},"query-input":{"@type":"PropertyValueSpecification","valueRequired":true,"valueName":"search_term_string"}}],"inLanguage":"it-IT"},{"@type":"Organization","@id":"https:\/\/ateliersi.it\/si\/#organization","name":"S\u00ec \u2013 Ateliersi","url":"https:\/\/ateliersi.it\/si\/","logo":{"@type":"ImageObject","inLanguage":"it-IT","@id":"https:\/\/ateliersi.it\/si\/#\/schema\/logo\/image\/","url":"https:\/\/ateliersi.it\/si\/wp-content\/uploads\/2015\/09\/cropped-si_head_1516.png","contentUrl":"https:\/\/ateliersi.it\/si\/wp-content\/uploads\/2015\/09\/cropped-si_head_1516.png","width":512,"height":512,"caption":"S\u00ec \u2013 Ateliersi"},"image":{"@id":"https:\/\/ateliersi.it\/si\/#\/schema\/logo\/image\/"},"sameAs":["https:\/\/www.facebook.com\/si.ateliersi","https:\/\/x.com\/AtelierSi","https:\/\/www.instagram.com\/si.ateliersi\/"]}]}},"rttpg_featured_image_url":null,"rttpg_author":{"display_name":"D1gh3z_1975","author_link":"https:\/\/ateliersi.it\/si\/author\/d1gh3z_1975\/"},"rttpg_comment":0,"rttpg_category":" <a href=\"https:\/\/ateliersi.it\/si\/?taxonomy=translation_priority&#038;term=opzionale\" rel=\"tag\">Opzionale<\/a>","rttpg_excerpt":"&nbsp;","_links":{"self":[{"href":"https:\/\/ateliersi.it\/si\/wp-json\/wp\/v2\/pages\/8879","targetHints":{"allow":["GET"]}}],"collection":[{"href":"https:\/\/ateliersi.it\/si\/wp-json\/wp\/v2\/pages"}],"about":[{"href":"https:\/\/ateliersi.it\/si\/wp-json\/wp\/v2\/types\/page"}],"author":[{"embeddable":true,"href":"https:\/\/ateliersi.it\/si\/wp-json\/wp\/v2\/users\/1"}],"replies":[{"embeddable":true,"href":"https:\/\/ateliersi.it\/si\/wp-json\/wp\/v2\/comments?post=8879"}],"version-history":[{"count":7,"href":"https:\/\/ateliersi.it\/si\/wp-json\/wp\/v2\/pages\/8879\/revisions"}],"predecessor-version":[{"id":9558,"href":"https:\/\/ateliersi.it\/si\/wp-json\/wp\/v2\/pages\/8879\/revisions\/9558"}],"wp:attachment":[{"href":"https:\/\/ateliersi.it\/si\/wp-json\/wp\/v2\/media?parent=8879"}],"curies":[{"name":"wp","href":"https:\/\/api.w.org\/{rel}","templated":true}]}}