{"id":7653,"date":"2021-09-16T10:29:19","date_gmt":"2021-09-16T08:29:19","guid":{"rendered":"https:\/\/ateliersi.it\/si\/?page_id=7653"},"modified":"2022-08-24T14:09:01","modified_gmt":"2022-08-24T12:09:01","slug":"quando-prende-corpo-2021-2022","status":"publish","type":"page","link":"https:\/\/ateliersi.it\/si\/quando-prende-corpo-2021-2022\/","title":{"rendered":"QUANDO PRENDE CORPO 2021-2022"},"content":{"rendered":"<div class=\"two_columns_75_25 clearfix\">\n<div class=\"column1\"><div class=\"column_inner\">\n<p>Quando prende corpo un&#8217;idea, l&#8217;energia potenziale racchiusa in tutte le sue possibilit\u00e0 si trasforma in movimento, nella cinetica delle scelte che ne determinano il percorso nel mondo.<br \/>\nI corpi &#8211; anche se rinchiusi, limitati, circoscritti &#8211; generano idee, pensieri e soprattutto desideri.<br \/>\nDentro le case dell&#8217;io nasce la mancanza.<br \/>\n<em>In fondo, in fondo<\/em>: non per dire che si sa come vanno le cose &#8211; che tanto non \u00e8 vero &#8211; ma per dire che \u00e8 da l\u00ec in fondo che si desidera ripartire.<br \/>\nDa quello che troviamo laggi\u00f9, tra le radici da cui nascono i gesti.<br \/>\nL&#8217;Atelier S\u00ec svela cos\u00ec la sua natura di gesto divergente, frutto di una pratica che negli anni ha portato chi lo genera, chi ne \u00e8 accolto e chi lo attraversa a disegnare modalit\u00e0 di fatto alternative e indipendenti di creazione e fruizione.<\/p>\n<p>Il S\u00ec \u00e8 quell&#8217;ambiente in cui in una dimensione determinata e permanente si creano le condizioni perch\u00e9 l&#8217;incontro artistico avvenga senza fissit\u00e0 di ruoli, al di l\u00e0 delle labili gerarchie del momento, perch\u00e9 ci\u00f2 che \u00e8 in nuce nasca, prenda corpo.<br \/>\nQuando da una residenza prende corpo uno spettacolo, da un workshop un gruppo di lavoro, da una performance una nuova relazione, da uno sguardo un canto, da una parola una danza, gli occhi si guardano certo consapevoli di quello che si potrebbe chiamare metodo o curatela, ma principalmente meravigliati del fatto che sia possibile creare qualit\u00e0 senza violenza.<\/p>\n<p>Il S\u00ec \u00e8 un gesto di contestazione della violenza come metodo artistico e curatoriale e della scarsit\u00e0 come metodo di selezione. Con il desiderio di moltiplicare le possibilit\u00e0 e le opportunit\u00e0, vi si lavora dentro e intorno per costruire spazi di legittimit\u00e0 sempre pi\u00f9 ampi destinati a scritture originali, percorsi di ricerca e trasformazione, identit\u00e0 irrequiete, multiple ed eccedenti. E allora la cura e la selezione smettono di essere strumenti per amministrare potere utilizzando la scarsit\u00e0 di risorse come un&#8217;arma (come se fosse un destino e non il frutto di scelte precise, compiute o subite) e divengono dimensioni da abitare insieme in forma di domande che richiamano ognuno alle proprie responsabilit\u00e0, alle proprie vocazioni. La vocazione del S\u00ec \u00e8 quella di ampliare i limiti del possibile affinch\u00e9 i progetti luminosi prendano corpo.<\/p>\n<p>Per questo il S\u00ec \u00e8 chi lo cura, chi lo gestisce, chi lo sostiene, ma anche chi lo vive, chi lo attraversa e tutte le artiste e gli artisti che ne fanno nido.<br \/>\n\u00c8 come un inizio, sempre, ma non \u00e8 un inizio.<\/p>\n<p>&nbsp;<\/p>\n<p><img loading=\"lazy\" decoding=\"async\" class=\"wp-image-7768 size-full alignnone\" src=\"https:\/\/ateliersi.it\/si\/wp-content\/uploads\/2021\/09\/ateliersi_quando_prende_corpo_web.jpg\" alt=\"\" width=\"695\" height=\"403\" srcset=\"https:\/\/ateliersi.it\/si\/wp-content\/uploads\/2021\/09\/ateliersi_quando_prende_corpo_web.jpg 695w, https:\/\/ateliersi.it\/si\/wp-content\/uploads\/2021\/09\/ateliersi_quando_prende_corpo_web-300x174.jpg 300w\" sizes=\"auto, (max-width: 695px) 100vw, 695px\" \/><\/p>\n<p>&nbsp;<\/p>\n<p>A <a href=\"https:\/\/ateliersi.it\/si\/category\/programma-2021-22\/\">questo link<\/a> gli approfondimenti sul programma<\/p>\n<\/div><\/div>\n<div class=\"column2\"><div class=\"column_inner\">\n<\/div><\/div>\n<\/div>\n<p>&nbsp;<\/p>\n","protected":false},"excerpt":{"rendered":"<p>&nbsp;<\/p>\n","protected":false},"author":1,"featured_media":0,"parent":0,"menu_order":0,"comment_status":"closed","ping_status":"closed","template":"","meta":{"footnotes":""},"class_list":["post-7653","page","type-page","status-publish","hentry"],"yoast_head":"<!-- This site is optimized with the Yoast SEO plugin v27.1.1 - https:\/\/yoast.com\/product\/yoast-seo-wordpress\/ -->\n<title>QUANDO PRENDE CORPO 2021-2022 - S\u00ec<\/title>\n<meta name=\"robots\" content=\"index, follow, max-snippet:-1, max-image-preview:large, max-video-preview:-1\" \/>\n<link rel=\"canonical\" href=\"https:\/\/ateliersi.it\/si\/quando-prende-corpo-2021-2022\/\" \/>\n<meta property=\"og:locale\" content=\"it_IT\" \/>\n<meta property=\"og:type\" content=\"article\" \/>\n<meta property=\"og:title\" content=\"QUANDO PRENDE CORPO 2021-2022 - S\u00ec\" \/>\n<meta property=\"og:description\" content=\"&nbsp;\" \/>\n<meta property=\"og:url\" content=\"https:\/\/ateliersi.it\/si\/quando-prende-corpo-2021-2022\/\" \/>\n<meta property=\"og:site_name\" content=\"S\u00ec\" \/>\n<meta property=\"article:publisher\" content=\"https:\/\/www.facebook.com\/si.ateliersi\" \/>\n<meta property=\"article:modified_time\" content=\"2022-08-24T12:09:01+00:00\" \/>\n<meta property=\"og:image\" content=\"https:\/\/ateliersi.it\/si\/wp-content\/uploads\/2021\/09\/ateliersi_quando_prende_corpo_web.jpg\" \/>\n<meta name=\"twitter:card\" content=\"summary_large_image\" \/>\n<meta name=\"twitter:site\" content=\"@AtelierSi\" \/>\n<meta name=\"twitter:label1\" content=\"Tempo di lettura stimato\" \/>\n\t<meta name=\"twitter:data1\" content=\"3 minuti\" \/>\n<!-- \/ Yoast SEO plugin. -->","yoast_head_json":{"title":"QUANDO PRENDE CORPO 2021-2022 - S\u00ec","robots":{"index":"index","follow":"follow","max-snippet":"max-snippet:-1","max-image-preview":"max-image-preview:large","max-video-preview":"max-video-preview:-1"},"canonical":"https:\/\/ateliersi.it\/si\/quando-prende-corpo-2021-2022\/","og_locale":"it_IT","og_type":"article","og_title":"QUANDO PRENDE CORPO 2021-2022 - S\u00ec","og_description":"&nbsp;","og_url":"https:\/\/ateliersi.it\/si\/quando-prende-corpo-2021-2022\/","og_site_name":"S\u00ec","article_publisher":"https:\/\/www.facebook.com\/si.ateliersi","article_modified_time":"2022-08-24T12:09:01+00:00","og_image":[{"url":"https:\/\/ateliersi.it\/si\/wp-content\/uploads\/2021\/09\/ateliersi_quando_prende_corpo_web.jpg","type":"","width":"","height":""}],"twitter_card":"summary_large_image","twitter_site":"@AtelierSi","twitter_misc":{"Tempo di lettura stimato":"3 minuti"},"schema":{"@context":"https:\/\/schema.org","@graph":[{"@type":"WebPage","@id":"https:\/\/ateliersi.it\/si\/quando-prende-corpo-2021-2022\/","url":"https:\/\/ateliersi.it\/si\/quando-prende-corpo-2021-2022\/","name":"QUANDO PRENDE CORPO 2021-2022 - S\u00ec","isPartOf":{"@id":"https:\/\/ateliersi.it\/si\/#website"},"primaryImageOfPage":{"@id":"https:\/\/ateliersi.it\/si\/quando-prende-corpo-2021-2022\/#primaryimage"},"image":{"@id":"https:\/\/ateliersi.it\/si\/quando-prende-corpo-2021-2022\/#primaryimage"},"thumbnailUrl":"https:\/\/ateliersi.it\/si\/wp-content\/uploads\/2021\/09\/ateliersi_quando_prende_corpo_web.jpg","datePublished":"2021-09-16T08:29:19+00:00","dateModified":"2022-08-24T12:09:01+00:00","breadcrumb":{"@id":"https:\/\/ateliersi.it\/si\/quando-prende-corpo-2021-2022\/#breadcrumb"},"inLanguage":"it-IT","potentialAction":[{"@type":"ReadAction","target":["https:\/\/ateliersi.it\/si\/quando-prende-corpo-2021-2022\/"]}]},{"@type":"ImageObject","inLanguage":"it-IT","@id":"https:\/\/ateliersi.it\/si\/quando-prende-corpo-2021-2022\/#primaryimage","url":"https:\/\/ateliersi.it\/si\/wp-content\/uploads\/2021\/09\/ateliersi_quando_prende_corpo_web.jpg","contentUrl":"https:\/\/ateliersi.it\/si\/wp-content\/uploads\/2021\/09\/ateliersi_quando_prende_corpo_web.jpg","width":695,"height":403},{"@type":"BreadcrumbList","@id":"https:\/\/ateliersi.it\/si\/quando-prende-corpo-2021-2022\/#breadcrumb","itemListElement":[{"@type":"ListItem","position":1,"name":"Home","item":"https:\/\/ateliersi.it\/si\/"},{"@type":"ListItem","position":2,"name":"QUANDO PRENDE CORPO 2021-2022"}]},{"@type":"WebSite","@id":"https:\/\/ateliersi.it\/si\/#website","url":"https:\/\/ateliersi.it\/si\/","name":"S\u00ec","description":"","publisher":{"@id":"https:\/\/ateliersi.it\/si\/#organization"},"potentialAction":[{"@type":"SearchAction","target":{"@type":"EntryPoint","urlTemplate":"https:\/\/ateliersi.it\/si\/?s={search_term_string}"},"query-input":{"@type":"PropertyValueSpecification","valueRequired":true,"valueName":"search_term_string"}}],"inLanguage":"it-IT"},{"@type":"Organization","@id":"https:\/\/ateliersi.it\/si\/#organization","name":"S\u00ec \u2013 Ateliersi","url":"https:\/\/ateliersi.it\/si\/","logo":{"@type":"ImageObject","inLanguage":"it-IT","@id":"https:\/\/ateliersi.it\/si\/#\/schema\/logo\/image\/","url":"https:\/\/ateliersi.it\/si\/wp-content\/uploads\/2015\/09\/cropped-si_head_1516.png","contentUrl":"https:\/\/ateliersi.it\/si\/wp-content\/uploads\/2015\/09\/cropped-si_head_1516.png","width":512,"height":512,"caption":"S\u00ec \u2013 Ateliersi"},"image":{"@id":"https:\/\/ateliersi.it\/si\/#\/schema\/logo\/image\/"},"sameAs":["https:\/\/www.facebook.com\/si.ateliersi","https:\/\/x.com\/AtelierSi","https:\/\/www.instagram.com\/si.ateliersi\/"]}]}},"rttpg_featured_image_url":null,"rttpg_author":{"display_name":"D1gh3z_1975","author_link":"https:\/\/ateliersi.it\/si\/author\/d1gh3z_1975\/"},"rttpg_comment":0,"rttpg_category":" <a href=\"https:\/\/ateliersi.it\/si\/?taxonomy=translation_priority&#038;term=opzionale\" rel=\"tag\">Opzionale<\/a>","rttpg_excerpt":"&nbsp;","_links":{"self":[{"href":"https:\/\/ateliersi.it\/si\/wp-json\/wp\/v2\/pages\/7653","targetHints":{"allow":["GET"]}}],"collection":[{"href":"https:\/\/ateliersi.it\/si\/wp-json\/wp\/v2\/pages"}],"about":[{"href":"https:\/\/ateliersi.it\/si\/wp-json\/wp\/v2\/types\/page"}],"author":[{"embeddable":true,"href":"https:\/\/ateliersi.it\/si\/wp-json\/wp\/v2\/users\/1"}],"replies":[{"embeddable":true,"href":"https:\/\/ateliersi.it\/si\/wp-json\/wp\/v2\/comments?post=7653"}],"version-history":[{"count":1,"href":"https:\/\/ateliersi.it\/si\/wp-json\/wp\/v2\/pages\/7653\/revisions"}],"predecessor-version":[{"id":8213,"href":"https:\/\/ateliersi.it\/si\/wp-json\/wp\/v2\/pages\/7653\/revisions\/8213"}],"wp:attachment":[{"href":"https:\/\/ateliersi.it\/si\/wp-json\/wp\/v2\/media?parent=7653"}],"curies":[{"name":"wp","href":"https:\/\/api.w.org\/{rel}","templated":true}]}}