{"id":6259,"date":"2019-09-16T16:23:00","date_gmt":"2019-09-16T14:23:00","guid":{"rendered":"http:\/\/ateliersi.it\/si\/?page_id=6259"},"modified":"2020-09-15T10:57:40","modified_gmt":"2020-09-15T08:57:40","slug":"una-precisa-consistenza-2019-2020","status":"publish","type":"page","link":"https:\/\/ateliersi.it\/si\/una-precisa-consistenza-2019-2020\/","title":{"rendered":"UNA PRECISA CONSISTENZA 2019-2020"},"content":{"rendered":"<div class=\"two_columns_75_25 clearfix\">\n<div class=\"column1\"><div class=\"column_inner\">\n<p><em>Accendere una lampada e sparire<\/em><br \/>\n<em>Questo fanno i poeti<\/em><br \/>\n<em>Ma le scintille che hanno ravvivato<\/em><br \/>\n<em>se \u00e8 vivida la luce<\/em><br \/>\n<em>durano come i soli<\/em><br \/>\n\u2014 Emily Dickinson, <em>Poets Light but Lamps<\/em><\/p>\n<p><em>Finch\u00e9 le cose rimangono esclusivamente nel nostro intelletto, sono nostre opinioni, sono nozioni che possono esser vere o false, accettate o contraddette. Esse acquisiscono consistenza soltanto legandosi agli enti esterni.<\/em><br \/>\n\u2014 Denis Diderot, <em>De l\u2019interpr\u00e9tation de la nature<\/em><\/p>\n<p>Per prendere consistenza vanno allevati i desideri.<br \/>\nI desideri ci attorniano, tirano e strattonano, indicano direzioni nuove spingendo lo sguardo oltre. Naso a terra come cani da punta, mettono i corpi in movimento. All\u2019inseguimento.<br \/>\nCi sono anche i desideri misti a paura. Desideri di primato, di presunta difesa della propria esistenza, di un io sovrano solo nel suo povero regno.<br \/>\nTra i desideri si pu\u00f2 scegliere, se ne ha facolt\u00e0.<br \/>\nAi desideri di forza e chiusura si pu\u00f2 opporre la propria consistenza.<\/p>\n<p>Si pu\u00f2 scegliere quali desideri seguire.<br \/>\nSi pu\u00f2 desiderare l\u2019atto di creazione.<br \/>\nSi pu\u00f2 fare al S\u00ec, negli spazi del tempo raro.<br \/>\nIl tempo raro per comprendere questioni complesse, per non fuggire da ci\u00f2 che non si capisce. Il tempo raro della formazione, della visione e dell\u2019incontro. Il tempo raro per mettersi in relazione con la Storia, che non ti prevede come spettatore. Il tempo che viviamo aprendo le porte, accogliendo al S\u00ec persone che non vogliono solo vedere, ma desiderano portare la propria qualit\u00e0, il proprio gusto, la propria capacit\u00e0 elaborativa. Per poter essere parte attiva dei processi di trasformazione. Per poter essere consistenti.<br \/>\nNon siamo soli nel porci le domande pi\u00f9 grandi, non siamo soli nel costruire visioni.<br \/>\nPossiamo anche stringerci un po\u2019, perch\u00e9 il flusso non lo ferma un decreto.<br \/>\nIl fuoco avanza, l\u2019acqua sale, la terra si secca e l\u2019aria manca: in teatro non si pu\u00f2 pi\u00f9 esser soli. E non siamo soli, noi che amiamo i pronomi, noi che siamo anche voi e anche loro.<br \/>\nSiamo struttura, in virt\u00f9 delle molte colonne, e siamo flusso, che muta attraverso le forme. E lo siamo grazie a coloro &#8211; noi-voi-loro &#8211; che vivono il S\u00ec.<br \/>\nGrazie al <em>Canto per voce e tempesta<\/em> e al nuovo disco <em>Ascendente<\/em>, grazie a chi condivide il <em>Distacco<\/em>, grazie a chi fotografa <em>l\u2019invisibile<\/em> e a chi percorre <em>il cammino dell\u2019insolito<\/em>. Grazie alle voci delle poetesse amate, che suggeriscono di <em>Non stare ferma nel vento<\/em>, e grazie a quello sguardo feroce che ha squarciato il velo ancor prima di <em>SOLI<\/em>. Grazie all\u2019<em>Oroscopo<\/em> dei danzatori pensatori e ai laboratori sulla <em>dimensione parallela della scena<\/em>. Grazie agli artisti residenti, ai corpi che danzano in prova, ai molti che passano e stanno. Grazie a chi, per la sua consistenza, la propria creatura la vuole far crescere al S\u00ec.<\/p>\n<p>&nbsp;<\/p>\n<p><a href=\"http:\/\/ateliersi.it\/si\/wp-content\/uploads\/2019\/09\/ateliersi_consistenza_animazione-02.gif\"><img loading=\"lazy\" decoding=\"async\" class=\"wp-image-6260 size-full aligncenter\" src=\"http:\/\/ateliersi.it\/si\/wp-content\/uploads\/2019\/09\/ateliersi_consistenza_animazione-02.gif\" alt=\"\" width=\"500\" height=\"500\" \/><\/a>A <a href=\"https:\/\/ateliersi.it\/si\/category\/programma-2019-20\/\">questo link<\/a> gli approfondimenti sul programma<\/p>\n<\/div><\/div>\n<div class=\"column2\"><div class=\"column_inner\">\n<\/div><\/div>\n<\/div>\n<p>&nbsp;<\/p>\n","protected":false},"excerpt":{"rendered":"<p>&nbsp;<\/p>\n","protected":false},"author":1,"featured_media":0,"parent":0,"menu_order":0,"comment_status":"closed","ping_status":"closed","template":"","meta":{"footnotes":""},"class_list":["post-6259","page","type-page","status-publish","hentry"],"yoast_head":"<!-- This site is optimized with the Yoast SEO plugin v27.1.1 - https:\/\/yoast.com\/product\/yoast-seo-wordpress\/ -->\n<title>UNA PRECISA CONSISTENZA 2019-2020 - S\u00ec<\/title>\n<meta name=\"robots\" content=\"index, follow, max-snippet:-1, max-image-preview:large, max-video-preview:-1\" \/>\n<link rel=\"canonical\" href=\"https:\/\/ateliersi.it\/si\/una-precisa-consistenza-2019-2020\/\" \/>\n<meta property=\"og:locale\" content=\"it_IT\" \/>\n<meta property=\"og:type\" content=\"article\" \/>\n<meta property=\"og:title\" content=\"UNA PRECISA CONSISTENZA 2019-2020 - S\u00ec\" \/>\n<meta property=\"og:description\" content=\"&nbsp;\" \/>\n<meta property=\"og:url\" content=\"https:\/\/ateliersi.it\/si\/una-precisa-consistenza-2019-2020\/\" \/>\n<meta property=\"og:site_name\" content=\"S\u00ec\" \/>\n<meta property=\"article:publisher\" content=\"https:\/\/www.facebook.com\/si.ateliersi\" \/>\n<meta property=\"article:modified_time\" content=\"2020-09-15T08:57:40+00:00\" \/>\n<meta property=\"og:image\" content=\"http:\/\/ateliersi.it\/si\/wp-content\/uploads\/2019\/09\/ateliersi_consistenza_animazione-02.gif\" \/>\n<meta name=\"twitter:card\" content=\"summary_large_image\" \/>\n<meta name=\"twitter:site\" content=\"@AtelierSi\" \/>\n<meta name=\"twitter:label1\" content=\"Tempo di lettura stimato\" \/>\n\t<meta name=\"twitter:data1\" content=\"2 minuti\" \/>\n<!-- \/ Yoast SEO plugin. -->","yoast_head_json":{"title":"UNA PRECISA CONSISTENZA 2019-2020 - S\u00ec","robots":{"index":"index","follow":"follow","max-snippet":"max-snippet:-1","max-image-preview":"max-image-preview:large","max-video-preview":"max-video-preview:-1"},"canonical":"https:\/\/ateliersi.it\/si\/una-precisa-consistenza-2019-2020\/","og_locale":"it_IT","og_type":"article","og_title":"UNA PRECISA CONSISTENZA 2019-2020 - S\u00ec","og_description":"&nbsp;","og_url":"https:\/\/ateliersi.it\/si\/una-precisa-consistenza-2019-2020\/","og_site_name":"S\u00ec","article_publisher":"https:\/\/www.facebook.com\/si.ateliersi","article_modified_time":"2020-09-15T08:57:40+00:00","og_image":[{"url":"http:\/\/ateliersi.it\/si\/wp-content\/uploads\/2019\/09\/ateliersi_consistenza_animazione-02.gif","type":"","width":"","height":""}],"twitter_card":"summary_large_image","twitter_site":"@AtelierSi","twitter_misc":{"Tempo di lettura stimato":"2 minuti"},"schema":{"@context":"https:\/\/schema.org","@graph":[{"@type":"WebPage","@id":"https:\/\/ateliersi.it\/si\/una-precisa-consistenza-2019-2020\/","url":"https:\/\/ateliersi.it\/si\/una-precisa-consistenza-2019-2020\/","name":"UNA PRECISA CONSISTENZA 2019-2020 - S\u00ec","isPartOf":{"@id":"https:\/\/ateliersi.it\/si\/#website"},"primaryImageOfPage":{"@id":"https:\/\/ateliersi.it\/si\/una-precisa-consistenza-2019-2020\/#primaryimage"},"image":{"@id":"https:\/\/ateliersi.it\/si\/una-precisa-consistenza-2019-2020\/#primaryimage"},"thumbnailUrl":"http:\/\/ateliersi.it\/si\/wp-content\/uploads\/2019\/09\/ateliersi_consistenza_animazione-02.gif","datePublished":"2019-09-16T14:23:00+00:00","dateModified":"2020-09-15T08:57:40+00:00","breadcrumb":{"@id":"https:\/\/ateliersi.it\/si\/una-precisa-consistenza-2019-2020\/#breadcrumb"},"inLanguage":"it-IT","potentialAction":[{"@type":"ReadAction","target":["https:\/\/ateliersi.it\/si\/una-precisa-consistenza-2019-2020\/"]}]},{"@type":"ImageObject","inLanguage":"it-IT","@id":"https:\/\/ateliersi.it\/si\/una-precisa-consistenza-2019-2020\/#primaryimage","url":"https:\/\/ateliersi.it\/si\/wp-content\/uploads\/2019\/09\/ateliersi_consistenza_animazione-02.gif","contentUrl":"https:\/\/ateliersi.it\/si\/wp-content\/uploads\/2019\/09\/ateliersi_consistenza_animazione-02.gif","width":500,"height":500},{"@type":"BreadcrumbList","@id":"https:\/\/ateliersi.it\/si\/una-precisa-consistenza-2019-2020\/#breadcrumb","itemListElement":[{"@type":"ListItem","position":1,"name":"Home","item":"https:\/\/ateliersi.it\/si\/"},{"@type":"ListItem","position":2,"name":"UNA PRECISA CONSISTENZA 2019-2020"}]},{"@type":"WebSite","@id":"https:\/\/ateliersi.it\/si\/#website","url":"https:\/\/ateliersi.it\/si\/","name":"S\u00ec","description":"","publisher":{"@id":"https:\/\/ateliersi.it\/si\/#organization"},"potentialAction":[{"@type":"SearchAction","target":{"@type":"EntryPoint","urlTemplate":"https:\/\/ateliersi.it\/si\/?s={search_term_string}"},"query-input":{"@type":"PropertyValueSpecification","valueRequired":true,"valueName":"search_term_string"}}],"inLanguage":"it-IT"},{"@type":"Organization","@id":"https:\/\/ateliersi.it\/si\/#organization","name":"S\u00ec \u2013 Ateliersi","url":"https:\/\/ateliersi.it\/si\/","logo":{"@type":"ImageObject","inLanguage":"it-IT","@id":"https:\/\/ateliersi.it\/si\/#\/schema\/logo\/image\/","url":"https:\/\/ateliersi.it\/si\/wp-content\/uploads\/2015\/09\/cropped-si_head_1516.png","contentUrl":"https:\/\/ateliersi.it\/si\/wp-content\/uploads\/2015\/09\/cropped-si_head_1516.png","width":512,"height":512,"caption":"S\u00ec \u2013 Ateliersi"},"image":{"@id":"https:\/\/ateliersi.it\/si\/#\/schema\/logo\/image\/"},"sameAs":["https:\/\/www.facebook.com\/si.ateliersi","https:\/\/x.com\/AtelierSi","https:\/\/www.instagram.com\/si.ateliersi\/"]}]}},"rttpg_featured_image_url":null,"rttpg_author":{"display_name":"D1gh3z_1975","author_link":"https:\/\/ateliersi.it\/si\/author\/d1gh3z_1975\/"},"rttpg_comment":0,"rttpg_category":false,"rttpg_excerpt":"&nbsp;","_links":{"self":[{"href":"https:\/\/ateliersi.it\/si\/wp-json\/wp\/v2\/pages\/6259","targetHints":{"allow":["GET"]}}],"collection":[{"href":"https:\/\/ateliersi.it\/si\/wp-json\/wp\/v2\/pages"}],"about":[{"href":"https:\/\/ateliersi.it\/si\/wp-json\/wp\/v2\/types\/page"}],"author":[{"embeddable":true,"href":"https:\/\/ateliersi.it\/si\/wp-json\/wp\/v2\/users\/1"}],"replies":[{"embeddable":true,"href":"https:\/\/ateliersi.it\/si\/wp-json\/wp\/v2\/comments?post=6259"}],"version-history":[{"count":0,"href":"https:\/\/ateliersi.it\/si\/wp-json\/wp\/v2\/pages\/6259\/revisions"}],"wp:attachment":[{"href":"https:\/\/ateliersi.it\/si\/wp-json\/wp\/v2\/media?parent=6259"}],"curies":[{"name":"wp","href":"https:\/\/api.w.org\/{rel}","templated":true}]}}