{"id":59,"date":"2014-01-21T11:49:58","date_gmt":"2014-01-21T10:49:58","guid":{"rendered":"http:\/\/ateliersi.it\/si\/?page_id=59"},"modified":"2024-04-03T17:04:37","modified_gmt":"2024-04-03T15:04:37","slug":"2010-2012","status":"publish","type":"page","link":"https:\/\/ateliersi.it\/si\/2010-2012\/","title":{"rendered":"2010 &#8211; 2012"},"content":{"rendered":"<div style=\"margin-top:20px;margin-bottom:20px;height:0px;\" class=\"separator\"><\/div>\n<h1>Il S\u00ec tra il 2010 e il 2012<\/h1>\n<div class=\"two_columns_75_25 clearfix\">\n<div class=\"column1\"><div class=\"column_inner\">\n<p>La filosofia che contraddistingue l\u2019apertura del nuovo S\u00ec, e che ha portato Ateliersi a programmare <em><strong>con il fervore del sale<\/strong><\/em> le attivit\u00e0 per il 2014\/15 trova le sue radici nei progetti Si*metrica e Pas d\u2019habitude, il cui spirito viene ripreso attraverso un progetto strutturato in un nuovo concept incentrato sulla connettivit\u00e0 e la relazione tra interno ed esterno.<\/p>\n<p>Nello specifico, gi\u00e0 con il progetto <strong><em>S\u00ec*metrica<\/em><\/strong>, curato in collaborazione con Elena Di Gioia negli anni 2010\/2011, si \u00e8 manifestata la vocazione de S\u00ec ad essere un luogo nel quale si snodano progetti realizzati con la citt\u00e0 e i suoi artisti, che vengono affiancati ai percorsi produttivi di Ateliersi, a favore delle creativit\u00e0, della produzione e della legittimit\u00e0 culturale del contemporaneo.<\/p>\n<p>Negli anni 2011\/2012 il progetto ha arricchito ulteriormente la sua proposta aprendo le porte ad artisti e compagnie teatrali attivi sul territorio nazionale e all\u2019estero e dedicandosi in particolare al teatro con le residenze, i momenti performativi e le presentazioni della sezione <strong><em>Pas d\u2019Habitude<\/em><\/strong>.<\/p>\n<p>Sin dall\u2019apertura si \u00e8 scelto di affidare ad un artista visivo l\u2019allestimento annuale del Foyer e di individuare un giovane visionario che interpretasse e alterasse la porta d\u2019ingresso.<\/p>\n<p>Di seguito gli artisti e i pensatori ospitati al S\u00ec tra il 2010 e il 2012.<\/p>\n<p><strong>Residenze artistiche<\/strong><br \/>\nClio Abbate, Anna Amadori, Bauci Teatri, Carla Bozulich, Massimo Carozzi, Cosmesi, Eiplassef, Francesca Grilli, Matteo Garattoni, Gli Incauti, Alice Keller, KomaKino, Nessun Teatro, Re:Habitat\/Organismo di Rigenerazione Urbana, Cristina Rizzo, Rosaura, Marcello Spada, Teatri di Silenzio, Teatro Fuoriluogo, Cosimo Terlizzi.<\/p>\n<p><strong>Arti performative<\/strong><br \/>\nAnoikis, Monique Arnaud (DMS-UniBo), Arretos Kura, Caterina Basso, Citepo, Gino Delia, Mette Edvardsen (F.I.S.Co), Elvira Frosini\/Kataklisma, ErosAntEros, Fanny e Alexander, Festival of Festivals, Fruntktisnacht, Fratelli Broche, Elena Guerrini, Jurta\/Francesca Rossi, Mabel Lopez, Umewaka Naohiko (DMS-Universit\u00e0 di Bologna), Macellerie Pasolini, MK (F.I.S.Co), Massimilano Martines, Zachary Oberzan (F.I.S.Co), Stefano Questorio, Marcella Riccardi, Ambra Senatore, Teatro della Beffa, Daniele Timpano, ZivagoBazar.<\/p>\n<p><strong>Arti visive<\/strong><br \/>\nBilBOLbul, F.I.S.Co\/Festival Internazionale sullo Spettacolo Contemporaneo, Flavio de Marco, Eva Geatti, Gemis Luciani, Nero su Nero, Nomadica\/Festival del cinema e delle arti, Arjan Serjanaj, Unterbahn.<\/p>\n<p><strong>Arti sonore e notturne<\/strong><br \/>\nAhleuchatistas, Alive Lab, Aria Meccanica, Oren Ambarchi, Karin Andersen, Audio Werner, Auriga, Bloody Clows, Brown VS Brown, Roberto Dani, Dumbo Gets Mad, Patrizio Fariselli, Manuel Giannini, Gianpaolo Guerini, Francesco Guerri, Habitat, Homework Festival, Scuola di musica popolare Ivan Illich, Made in Woman-Galaktica, Phil Minton\u2019s Feral Choir, Julius Pastorius trio, NYC, Offset Rassegna, One On Stage, Vakki Plakkula, Christian Rainer, Segnale Audio\/Alberto Fiori, Revolver, Ruins Alone and Sabo, Softmoon, Toro y Moi, Trees of Mint e Apes on Tapes.<\/p>\n<p><strong>Arti sociali<\/strong><br \/>\nCorso di formazione di Accademia degli Artefatti, corso di formazione di Flora Benedetti e Anna de Manincor, Bologna Lesbian Film Festival, Manuele Fior, Laboratorio Hamelin, Laboratorio di ricerca Mirasole, MOB &#8211; Quartiere San Vitale, corso di formazione di Nicola Laudati, Scuola dell\u2019Opera, Scuola di Teatro Galante Garrone, corso di Teatro Noh a cura del DMS\/Universit\u00e0 di Bologna.<\/p>\n<p><strong>Arti di riflessione teorico-critica<\/strong><br \/>\nAltre Velocit\u00e0, Marco Belpoliti, Citt\u00e0 di Ebla-Festival Ipercorpo, Lorenzo Donati,<br \/>\nRoberto Grandi, Elena Di Gioia, Elio Grazioli, Matteo Lepore, Massimo Marino, Silvia Mei, Adriana Polveroni, Alberto Ronchi, Serena Terranova, Transeuropa Festival, Casa Editrice Verdenero.<\/p>\n<p>&nbsp;<\/p>\n<\/div><\/div>\n<div class=\"column2\"><div class=\"column_inner\">\n<\/div><\/div>\n<\/div>\n<p>&nbsp;<\/p>\n","protected":false},"excerpt":{"rendered":"<p>Il S\u00ec tra il 2010 e il 2012 &nbsp;<\/p>\n","protected":false},"author":1,"featured_media":0,"parent":0,"menu_order":0,"comment_status":"closed","ping_status":"closed","template":"","meta":{"footnotes":""},"class_list":["post-59","page","type-page","status-publish","hentry"],"yoast_head":"<!-- This site is optimized with the Yoast SEO plugin v27.1.1 - https:\/\/yoast.com\/product\/yoast-seo-wordpress\/ -->\n<title>2010 - 2012 - S\u00ec<\/title>\n<meta name=\"robots\" content=\"index, follow, max-snippet:-1, max-image-preview:large, max-video-preview:-1\" \/>\n<link rel=\"canonical\" href=\"https:\/\/ateliersi.it\/si\/2010-2012\/\" \/>\n<meta property=\"og:locale\" content=\"it_IT\" \/>\n<meta property=\"og:type\" content=\"article\" \/>\n<meta property=\"og:title\" content=\"2010 - 2012 - S\u00ec\" \/>\n<meta property=\"og:description\" content=\"Il S\u00ec tra il 2010 e il 2012 &nbsp;\" \/>\n<meta property=\"og:url\" content=\"https:\/\/ateliersi.it\/si\/2010-2012\/\" \/>\n<meta property=\"og:site_name\" content=\"S\u00ec\" \/>\n<meta property=\"article:publisher\" content=\"https:\/\/www.facebook.com\/si.ateliersi\" \/>\n<meta property=\"article:modified_time\" content=\"2024-04-03T15:04:37+00:00\" \/>\n<meta name=\"twitter:card\" content=\"summary_large_image\" \/>\n<meta name=\"twitter:site\" content=\"@AtelierSi\" \/>\n<meta name=\"twitter:label1\" content=\"Tempo di lettura stimato\" \/>\n\t<meta name=\"twitter:data1\" content=\"3 minuti\" \/>\n<!-- \/ Yoast SEO plugin. -->","yoast_head_json":{"title":"2010 - 2012 - S\u00ec","robots":{"index":"index","follow":"follow","max-snippet":"max-snippet:-1","max-image-preview":"max-image-preview:large","max-video-preview":"max-video-preview:-1"},"canonical":"https:\/\/ateliersi.it\/si\/2010-2012\/","og_locale":"it_IT","og_type":"article","og_title":"2010 - 2012 - S\u00ec","og_description":"Il S\u00ec tra il 2010 e il 2012 &nbsp;","og_url":"https:\/\/ateliersi.it\/si\/2010-2012\/","og_site_name":"S\u00ec","article_publisher":"https:\/\/www.facebook.com\/si.ateliersi","article_modified_time":"2024-04-03T15:04:37+00:00","twitter_card":"summary_large_image","twitter_site":"@AtelierSi","twitter_misc":{"Tempo di lettura stimato":"3 minuti"},"schema":{"@context":"https:\/\/schema.org","@graph":[{"@type":"WebPage","@id":"https:\/\/ateliersi.it\/si\/2010-2012\/","url":"https:\/\/ateliersi.it\/si\/2010-2012\/","name":"2010 - 2012 - S\u00ec","isPartOf":{"@id":"https:\/\/ateliersi.it\/si\/#website"},"datePublished":"2014-01-21T10:49:58+00:00","dateModified":"2024-04-03T15:04:37+00:00","breadcrumb":{"@id":"https:\/\/ateliersi.it\/si\/2010-2012\/#breadcrumb"},"inLanguage":"it-IT","potentialAction":[{"@type":"ReadAction","target":["https:\/\/ateliersi.it\/si\/2010-2012\/"]}]},{"@type":"BreadcrumbList","@id":"https:\/\/ateliersi.it\/si\/2010-2012\/#breadcrumb","itemListElement":[{"@type":"ListItem","position":1,"name":"Home","item":"https:\/\/ateliersi.it\/si\/"},{"@type":"ListItem","position":2,"name":"2010 &#8211; 2012"}]},{"@type":"WebSite","@id":"https:\/\/ateliersi.it\/si\/#website","url":"https:\/\/ateliersi.it\/si\/","name":"S\u00ec","description":"","publisher":{"@id":"https:\/\/ateliersi.it\/si\/#organization"},"potentialAction":[{"@type":"SearchAction","target":{"@type":"EntryPoint","urlTemplate":"https:\/\/ateliersi.it\/si\/?s={search_term_string}"},"query-input":{"@type":"PropertyValueSpecification","valueRequired":true,"valueName":"search_term_string"}}],"inLanguage":"it-IT"},{"@type":"Organization","@id":"https:\/\/ateliersi.it\/si\/#organization","name":"S\u00ec \u2013 Ateliersi","url":"https:\/\/ateliersi.it\/si\/","logo":{"@type":"ImageObject","inLanguage":"it-IT","@id":"https:\/\/ateliersi.it\/si\/#\/schema\/logo\/image\/","url":"https:\/\/ateliersi.it\/si\/wp-content\/uploads\/2015\/09\/cropped-si_head_1516.png","contentUrl":"https:\/\/ateliersi.it\/si\/wp-content\/uploads\/2015\/09\/cropped-si_head_1516.png","width":512,"height":512,"caption":"S\u00ec \u2013 Ateliersi"},"image":{"@id":"https:\/\/ateliersi.it\/si\/#\/schema\/logo\/image\/"},"sameAs":["https:\/\/www.facebook.com\/si.ateliersi","https:\/\/x.com\/AtelierSi","https:\/\/www.instagram.com\/si.ateliersi\/"]}]}},"rttpg_featured_image_url":null,"rttpg_author":{"display_name":"D1gh3z_1975","author_link":"https:\/\/ateliersi.it\/si\/author\/d1gh3z_1975\/"},"rttpg_comment":0,"rttpg_category":" <a href=\"https:\/\/ateliersi.it\/si\/?taxonomy=translation_priority&#038;term=opzionale\" rel=\"tag\">Opzionale<\/a>","rttpg_excerpt":"Il S\u00ec tra il 2010 e il 2012 &nbsp;","_links":{"self":[{"href":"https:\/\/ateliersi.it\/si\/wp-json\/wp\/v2\/pages\/59","targetHints":{"allow":["GET"]}}],"collection":[{"href":"https:\/\/ateliersi.it\/si\/wp-json\/wp\/v2\/pages"}],"about":[{"href":"https:\/\/ateliersi.it\/si\/wp-json\/wp\/v2\/types\/page"}],"author":[{"embeddable":true,"href":"https:\/\/ateliersi.it\/si\/wp-json\/wp\/v2\/users\/1"}],"replies":[{"embeddable":true,"href":"https:\/\/ateliersi.it\/si\/wp-json\/wp\/v2\/comments?post=59"}],"version-history":[{"count":3,"href":"https:\/\/ateliersi.it\/si\/wp-json\/wp\/v2\/pages\/59\/revisions"}],"predecessor-version":[{"id":9488,"href":"https:\/\/ateliersi.it\/si\/wp-json\/wp\/v2\/pages\/59\/revisions\/9488"}],"wp:attachment":[{"href":"https:\/\/ateliersi.it\/si\/wp-json\/wp\/v2\/media?parent=59"}],"curies":[{"name":"wp","href":"https:\/\/api.w.org\/{rel}","templated":true}]}}