{"id":57,"date":"2014-01-21T11:49:44","date_gmt":"2014-01-21T10:49:44","guid":{"rendered":"http:\/\/ateliersi.it\/si\/?page_id=57"},"modified":"2018-03-13T13:06:30","modified_gmt":"2018-03-13T12:06:30","slug":"2014-2015","status":"publish","type":"page","link":"https:\/\/ateliersi.it\/si\/2014-2015\/","title":{"rendered":"CON IL FERVORE DEL SALE 2014\/2015"},"content":{"rendered":"<p><a href=\"http:\/\/ateliersi.it\/si\/wp-content\/uploads\/2014\/01\/fervore_web.jpg\"><img loading=\"lazy\" decoding=\"async\" class=\"wp-image-746 aligncenter\" src=\"http:\/\/ateliersi.it\/si\/wp-content\/uploads\/2014\/01\/fervore_web.jpg\" alt=\"fervore_web\" width=\"500\" height=\"459\" srcset=\"https:\/\/ateliersi.it\/si\/wp-content\/uploads\/2014\/01\/fervore_web.jpg 690w, https:\/\/ateliersi.it\/si\/wp-content\/uploads\/2014\/01\/fervore_web-300x276.jpg 300w\" sizes=\"auto, (max-width: 500px) 100vw, 500px\" \/><\/a><\/p>\n<div class=\"two_columns_75_25 clearfix\">\n<div class=\"column1\"><div class=\"column_inner\">\n<p><em>Senza \u201cil fervore del sale\u201d, dicevano gli alchimisti, \u201cnon si pu\u00f2 produrre alcuna mutazione degli elementi\u201d: si diventa sciapi, malcontenti, quasi infelici, come collettivit\u00e0 e forse anche come singoli, si legge nel 47\u00b0 Rapporto annuale sulla situazione sociale del Paese del Censis (Franco Angeli, 2013). La cifra della necessaria rimodulazione della coesistenza dei soggetti sociali, che il centro studi propone, \u00e8 <strong>la connettivit\u00e0<\/strong>. Si tratta di un fenomeno operante dal basso, nella quotidianit\u00e0 delle cose, che tende a propagarsi in avanti attraverso una sempre maggiore coesistenza orizzontale di soggetti e comportamenti sociali.<\/em><\/p>\n<p><em>Il filo rosso che accompagner\u00e0 la cura dell&#8217;Atelier S\u00ec nel 2014\/15 e che vorremmo illuminasse le cose e le persone che ospiteremo, sar\u00e0 il pensiero sulla dicotomia <strong>tra il pubblico e il privato<\/strong>, <strong>tra l\u2019esterno e l\u2019interno<\/strong>: cosa muove l&#8217;IO ad aprirsi al NOI?<\/em><\/p>\n<p><em>Alcune delle domande che ci poniamo sono: Il TU \u00e8 una risorsa di poesia? Il mondo, come ogni in- fra (in-between), mette in relazione o separa gli uomini? L&#8217;uomo nasce indipendente? L&#8217;organo della bocca \u00e8 il simbolo dell&#8217;unione del pubblico e privato? Il lavoro appartiene alla sfera pubblica o quella privata? Cosa perdi del privato entrando nel pubblico? Cosa ottieni? Il reale dove sta? Cos&#8217;\u00e8 il bene dell&#8217;uomo? Cos&#8217;\u00e8 il bene supremo della citt\u00e0? Qual \u00e8 lo scopo comune? N\u00e9 bestie n\u00e9 dei? E bestie e dei?<\/em><\/p>\n<p><em>Da diversi anni Ateliersi si interroga sull&#8217;atto performativo quale elemento di cerniera tra esterno e interno in organico dialogo con la filosofia, la sociologia e l\u2019antropologia, e in stretta collaborazione drammaturgica con la arti visive e sonore. In <\/em>Open Options Project<em>, iniziato con un viaggio nel mondo dei rom macedoni, abbiamo riflettuto sui temi dell&#8217;appartenenza, del diritto alla felicit\u00e0, della libert\u00e0 e dell\u2019uguaglianza. Con <\/em>Idem Identity Project<em> ci siamo soffermati, attraverso il motivo della scelta, sui temi dell&#8217;identit\u00e0 singola, identit\u00e0 collettiva, identit\u00e0 Europea. Della sottile linea che sta tra la sfera pubblica e quella privata, ci stiamo attualmente occupando attraverso un focus sul gesto della scrittura murale, all&#8217;interno del percorso <\/em>Urban Spray Lexicon Project<em>.<\/em><\/p>\n<p><em>Le nostre attivit\u00e0 di creazione artistica, di formazione e di cura del S\u00ec sono strettamente connesse, e per questo riteniamo importante confrontarci sui temi affrontati anche con gli artisti ospiti, e con gli spettatori che incrociamo. L&#8217;occasione di questo incontro-confronto nasce nello spazio che abitiamo: il S\u00ec ci \u00e8 stato dato in convenzione dal Comune di Bologna come luogo di creazione artistica e noi abbiamo sentito il desiderio e il dovere di condividerlo con i nostri concittadini.<\/em><\/p>\n<p><em>Del fervore ci interessa l&#8217;intensit\u00e0 e il bollore, il movimento interiore; del sale il gesto sapido e piccante, la sua quotidianit\u00e0, concretezza, cristallinit\u00e0, il largo del mare. Dopo un secolo che ha detto tutto sull&#8217;impossibilit\u00e0 della comunicazione, pensiamo che qui \u00e8 il tempo del dicibile, che sia necessario uno sforzo di trasformazione, verso il chiarore del sale.<\/em><\/p>\n<p>A <a href=\"http:\/\/ateliersi.it\/si\/category\/programma-201415\/\">questo link<\/a> gli approfondimenti sul programma.<br \/>\n<\/div><\/div>\n<div class=\"column2\"><div class=\"column_inner\">\n<\/div><\/div>\n<\/div>\n<p>&nbsp;<\/p>\n","protected":false},"excerpt":{"rendered":"<p>&nbsp;<\/p>\n","protected":false},"author":1,"featured_media":0,"parent":0,"menu_order":0,"comment_status":"closed","ping_status":"closed","template":"","meta":{"footnotes":""},"class_list":["post-57","page","type-page","status-publish","hentry"],"yoast_head":"<!-- This site is optimized with the Yoast SEO plugin v27.1.1 - https:\/\/yoast.com\/product\/yoast-seo-wordpress\/ -->\n<title>CON IL FERVORE DEL SALE 2014\/2015 - S\u00ec<\/title>\n<meta name=\"robots\" content=\"index, follow, max-snippet:-1, max-image-preview:large, max-video-preview:-1\" \/>\n<link rel=\"canonical\" href=\"https:\/\/ateliersi.it\/si\/2014-2015\/\" \/>\n<meta property=\"og:locale\" content=\"it_IT\" \/>\n<meta property=\"og:type\" content=\"article\" \/>\n<meta property=\"og:title\" content=\"CON IL FERVORE DEL SALE 2014\/2015 - S\u00ec\" \/>\n<meta property=\"og:description\" content=\"&nbsp;\" \/>\n<meta property=\"og:url\" content=\"https:\/\/ateliersi.it\/si\/2014-2015\/\" \/>\n<meta property=\"og:site_name\" content=\"S\u00ec\" \/>\n<meta property=\"article:publisher\" content=\"https:\/\/www.facebook.com\/si.ateliersi\" \/>\n<meta property=\"article:modified_time\" content=\"2018-03-13T12:06:30+00:00\" \/>\n<meta property=\"og:image\" content=\"http:\/\/ateliersi.it\/si\/wp-content\/uploads\/2014\/01\/fervore_web.jpg\" \/>\n<meta name=\"twitter:card\" content=\"summary_large_image\" \/>\n<meta name=\"twitter:site\" content=\"@AtelierSi\" \/>\n<meta name=\"twitter:label1\" content=\"Tempo di lettura stimato\" \/>\n\t<meta name=\"twitter:data1\" content=\"2 minuti\" \/>\n<!-- \/ Yoast SEO plugin. -->","yoast_head_json":{"title":"CON IL FERVORE DEL SALE 2014\/2015 - S\u00ec","robots":{"index":"index","follow":"follow","max-snippet":"max-snippet:-1","max-image-preview":"max-image-preview:large","max-video-preview":"max-video-preview:-1"},"canonical":"https:\/\/ateliersi.it\/si\/2014-2015\/","og_locale":"it_IT","og_type":"article","og_title":"CON IL FERVORE DEL SALE 2014\/2015 - S\u00ec","og_description":"&nbsp;","og_url":"https:\/\/ateliersi.it\/si\/2014-2015\/","og_site_name":"S\u00ec","article_publisher":"https:\/\/www.facebook.com\/si.ateliersi","article_modified_time":"2018-03-13T12:06:30+00:00","og_image":[{"url":"http:\/\/ateliersi.it\/si\/wp-content\/uploads\/2014\/01\/fervore_web.jpg","type":"","width":"","height":""}],"twitter_card":"summary_large_image","twitter_site":"@AtelierSi","twitter_misc":{"Tempo di lettura stimato":"2 minuti"},"schema":{"@context":"https:\/\/schema.org","@graph":[{"@type":"WebPage","@id":"https:\/\/ateliersi.it\/si\/2014-2015\/","url":"https:\/\/ateliersi.it\/si\/2014-2015\/","name":"CON IL FERVORE DEL SALE 2014\/2015 - S\u00ec","isPartOf":{"@id":"https:\/\/ateliersi.it\/si\/#website"},"primaryImageOfPage":{"@id":"https:\/\/ateliersi.it\/si\/2014-2015\/#primaryimage"},"image":{"@id":"https:\/\/ateliersi.it\/si\/2014-2015\/#primaryimage"},"thumbnailUrl":"http:\/\/ateliersi.it\/si\/wp-content\/uploads\/2014\/01\/fervore_web.jpg","datePublished":"2014-01-21T10:49:44+00:00","dateModified":"2018-03-13T12:06:30+00:00","breadcrumb":{"@id":"https:\/\/ateliersi.it\/si\/2014-2015\/#breadcrumb"},"inLanguage":"it-IT","potentialAction":[{"@type":"ReadAction","target":["https:\/\/ateliersi.it\/si\/2014-2015\/"]}]},{"@type":"ImageObject","inLanguage":"it-IT","@id":"https:\/\/ateliersi.it\/si\/2014-2015\/#primaryimage","url":"https:\/\/ateliersi.it\/si\/wp-content\/uploads\/2014\/01\/fervore_web.jpg","contentUrl":"https:\/\/ateliersi.it\/si\/wp-content\/uploads\/2014\/01\/fervore_web.jpg","width":690,"height":634},{"@type":"BreadcrumbList","@id":"https:\/\/ateliersi.it\/si\/2014-2015\/#breadcrumb","itemListElement":[{"@type":"ListItem","position":1,"name":"Home","item":"https:\/\/ateliersi.it\/si\/"},{"@type":"ListItem","position":2,"name":"CON IL FERVORE DEL SALE 2014\/2015"}]},{"@type":"WebSite","@id":"https:\/\/ateliersi.it\/si\/#website","url":"https:\/\/ateliersi.it\/si\/","name":"S\u00ec","description":"","publisher":{"@id":"https:\/\/ateliersi.it\/si\/#organization"},"potentialAction":[{"@type":"SearchAction","target":{"@type":"EntryPoint","urlTemplate":"https:\/\/ateliersi.it\/si\/?s={search_term_string}"},"query-input":{"@type":"PropertyValueSpecification","valueRequired":true,"valueName":"search_term_string"}}],"inLanguage":"it-IT"},{"@type":"Organization","@id":"https:\/\/ateliersi.it\/si\/#organization","name":"S\u00ec \u2013 Ateliersi","url":"https:\/\/ateliersi.it\/si\/","logo":{"@type":"ImageObject","inLanguage":"it-IT","@id":"https:\/\/ateliersi.it\/si\/#\/schema\/logo\/image\/","url":"https:\/\/ateliersi.it\/si\/wp-content\/uploads\/2015\/09\/cropped-si_head_1516.png","contentUrl":"https:\/\/ateliersi.it\/si\/wp-content\/uploads\/2015\/09\/cropped-si_head_1516.png","width":512,"height":512,"caption":"S\u00ec \u2013 Ateliersi"},"image":{"@id":"https:\/\/ateliersi.it\/si\/#\/schema\/logo\/image\/"},"sameAs":["https:\/\/www.facebook.com\/si.ateliersi","https:\/\/x.com\/AtelierSi","https:\/\/www.instagram.com\/si.ateliersi\/"]}]}},"rttpg_featured_image_url":null,"rttpg_author":{"display_name":"D1gh3z_1975","author_link":"https:\/\/ateliersi.it\/si\/author\/d1gh3z_1975\/"},"rttpg_comment":0,"rttpg_category":false,"rttpg_excerpt":"&nbsp;","_links":{"self":[{"href":"https:\/\/ateliersi.it\/si\/wp-json\/wp\/v2\/pages\/57","targetHints":{"allow":["GET"]}}],"collection":[{"href":"https:\/\/ateliersi.it\/si\/wp-json\/wp\/v2\/pages"}],"about":[{"href":"https:\/\/ateliersi.it\/si\/wp-json\/wp\/v2\/types\/page"}],"author":[{"embeddable":true,"href":"https:\/\/ateliersi.it\/si\/wp-json\/wp\/v2\/users\/1"}],"replies":[{"embeddable":true,"href":"https:\/\/ateliersi.it\/si\/wp-json\/wp\/v2\/comments?post=57"}],"version-history":[{"count":0,"href":"https:\/\/ateliersi.it\/si\/wp-json\/wp\/v2\/pages\/57\/revisions"}],"wp:attachment":[{"href":"https:\/\/ateliersi.it\/si\/wp-json\/wp\/v2\/media?parent=57"}],"curies":[{"name":"wp","href":"https:\/\/api.w.org\/{rel}","templated":true}]}}