{"id":5503,"date":"2018-09-13T17:57:10","date_gmt":"2018-09-13T15:57:10","guid":{"rendered":"http:\/\/ateliersi.it\/si\/?page_id=5503"},"modified":"2019-12-06T10:39:07","modified_gmt":"2019-12-06T09:39:07","slug":"lincredibile-adesso-2018-2019","status":"publish","type":"page","link":"https:\/\/ateliersi.it\/si\/lincredibile-adesso-2018-2019\/","title":{"rendered":"L&#8217;INCREDIBILE ADESSO 2018-2019"},"content":{"rendered":"<div class=\"two_columns_75_25 clearfix\">\n<div class=\"column1\"><div class=\"column_inner\">\n<p>Allucinante, bestiale, fantastico, appare il paesaggio che muta.<br \/>\nGuardarlo a distacco compiuto, essere guardati da esso,<br \/>\nd\u00e0 consistenza e materia alle cose di cui si \u00e8 fatti.<br \/>\nE da questa materia, si muove la persona in trasformazione,<br \/>\naccesa degli sguardi che vi si posano.<\/p>\n<p>L\u2019inconcepibile si \u00e8 manifestato, l\u2019evento traumatico \u00e8 avvenuto.<br \/>\nParole odiate di morte raccolgono nuovo consenso.<br \/>\nParole amate di lotta vanno a ruba, sottratte dai ladri di lingua, per scopi contrari alla gioia.<br \/>\nServe sapere, servono capacit\u00e0 nuove di fare.<\/p>\n<p>Mettere insieme artisti e pensatori. Sguardi e linguaggi a s\u00e9 stanti.<br \/>\nIn modo non specialistico. Nello stesso luogo, nello stesso tempo.<br \/>\nQuesta la scelta del S\u00ec, questo \u00e8 possibile adesso.<\/p>\n<p>Se mi apro a ci\u00f2 che conosci, ammirando il diverso da me,<br \/>\nmorbido \u00e8 possibile pormi, verso ci\u00f2 che ancora non so.<\/p>\n<p>E allora S\u00ec.<\/p>\n<p>S\u00ec allo sconfinamento nella dimensione &#8220;Non normale, non rassicurante dell\u2019al di l\u00e0&#8221; con Here we go!<br \/>\nS\u00ec allo sviluppo dei Do.Ma.Ni, dispositivi dalla lunga durata dedicati alla sperimentazione visiva, sonora e relazionale.<br \/>\nS\u00ec alle esplorazioni letterarie verso est.<br \/>\nS\u00ec all\u2019affiorare della materia espressiva nel corso della Workshop Esplosion.<br \/>\nS\u00ec all\u2019irruzione nello spazio pubblico del Collectif l\u2019art au quotidien.<br \/>\nS\u00ec all\u2019indagine sulle spinte elementari alla ribellione per GAP. Cos\u2019\u00e8 un GAP?<br \/>\nS\u00ec alle eruzioni, agli atlanti e ai poemi ferroviari.<\/p>\n<p>S\u00ec alla complicit\u00e0 con i tanti che progettano e propongono al S\u00ec.<br \/>\nS\u00ec all\u2019incontro tra le discipline diverse.<br \/>\nS\u00ec al reciproco accogliersi, per espandere i limiti imposti.<br \/>\nS\u00ec alla cura di spazi che non temono il sapere degli altri.<\/p>\n<p>S\u00ec a un teatro che abitui a non difendere la propria ignoranza.<\/p>\n<p>&nbsp;<\/p>\n<p><img loading=\"lazy\" decoding=\"async\" class=\"aligncenter wp-image-5505 size-full\" src=\"http:\/\/ateliersi.it\/si\/wp-content\/uploads\/2018\/09\/ateliersi_incredibile_wide.gif\" alt=\"\" width=\"659\" height=\"500\" \/><\/p>\n<p>A <a href=\"http:\/\/ateliersi.it\/si\/category\/programma-2018-19\/\">questo link<\/a> gli approfondimenti sul programma<\/p>\n<\/div><\/div>\n<div class=\"column2\"><div class=\"column_inner\">\n<\/div><\/div>\n<\/div>\n<p>&nbsp;<\/p>\n","protected":false},"excerpt":{"rendered":"<p>&nbsp;<\/p>\n","protected":false},"author":1,"featured_media":0,"parent":0,"menu_order":0,"comment_status":"closed","ping_status":"closed","template":"","meta":{"footnotes":""},"class_list":["post-5503","page","type-page","status-publish","hentry"],"yoast_head":"<!-- This site is optimized with the Yoast SEO plugin v27.1.1 - https:\/\/yoast.com\/product\/yoast-seo-wordpress\/ -->\n<title>L&#039;INCREDIBILE ADESSO 2018-2019 - S\u00ec<\/title>\n<meta name=\"robots\" content=\"index, follow, max-snippet:-1, max-image-preview:large, max-video-preview:-1\" \/>\n<link rel=\"canonical\" href=\"https:\/\/ateliersi.it\/si\/lincredibile-adesso-2018-2019\/\" \/>\n<meta property=\"og:locale\" content=\"it_IT\" \/>\n<meta property=\"og:type\" content=\"article\" \/>\n<meta property=\"og:title\" content=\"L&#039;INCREDIBILE ADESSO 2018-2019 - S\u00ec\" \/>\n<meta property=\"og:description\" content=\"&nbsp;\" \/>\n<meta property=\"og:url\" content=\"https:\/\/ateliersi.it\/si\/lincredibile-adesso-2018-2019\/\" \/>\n<meta property=\"og:site_name\" content=\"S\u00ec\" \/>\n<meta property=\"article:publisher\" content=\"https:\/\/www.facebook.com\/si.ateliersi\" \/>\n<meta property=\"article:modified_time\" content=\"2019-12-06T09:39:07+00:00\" \/>\n<meta property=\"og:image\" content=\"http:\/\/ateliersi.it\/si\/wp-content\/uploads\/2018\/09\/ateliersi_incredibile_wide.gif\" \/>\n<meta name=\"twitter:card\" content=\"summary_large_image\" \/>\n<meta name=\"twitter:site\" content=\"@AtelierSi\" \/>\n<meta name=\"twitter:label1\" content=\"Tempo di lettura stimato\" \/>\n\t<meta name=\"twitter:data1\" content=\"1 minuto\" \/>\n<!-- \/ Yoast SEO plugin. -->","yoast_head_json":{"title":"L'INCREDIBILE ADESSO 2018-2019 - S\u00ec","robots":{"index":"index","follow":"follow","max-snippet":"max-snippet:-1","max-image-preview":"max-image-preview:large","max-video-preview":"max-video-preview:-1"},"canonical":"https:\/\/ateliersi.it\/si\/lincredibile-adesso-2018-2019\/","og_locale":"it_IT","og_type":"article","og_title":"L'INCREDIBILE ADESSO 2018-2019 - S\u00ec","og_description":"&nbsp;","og_url":"https:\/\/ateliersi.it\/si\/lincredibile-adesso-2018-2019\/","og_site_name":"S\u00ec","article_publisher":"https:\/\/www.facebook.com\/si.ateliersi","article_modified_time":"2019-12-06T09:39:07+00:00","og_image":[{"url":"http:\/\/ateliersi.it\/si\/wp-content\/uploads\/2018\/09\/ateliersi_incredibile_wide.gif","type":"","width":"","height":""}],"twitter_card":"summary_large_image","twitter_site":"@AtelierSi","twitter_misc":{"Tempo di lettura stimato":"1 minuto"},"schema":{"@context":"https:\/\/schema.org","@graph":[{"@type":"WebPage","@id":"https:\/\/ateliersi.it\/si\/lincredibile-adesso-2018-2019\/","url":"https:\/\/ateliersi.it\/si\/lincredibile-adesso-2018-2019\/","name":"L'INCREDIBILE ADESSO 2018-2019 - S\u00ec","isPartOf":{"@id":"https:\/\/ateliersi.it\/si\/#website"},"primaryImageOfPage":{"@id":"https:\/\/ateliersi.it\/si\/lincredibile-adesso-2018-2019\/#primaryimage"},"image":{"@id":"https:\/\/ateliersi.it\/si\/lincredibile-adesso-2018-2019\/#primaryimage"},"thumbnailUrl":"http:\/\/ateliersi.it\/si\/wp-content\/uploads\/2018\/09\/ateliersi_incredibile_wide.gif","datePublished":"2018-09-13T15:57:10+00:00","dateModified":"2019-12-06T09:39:07+00:00","breadcrumb":{"@id":"https:\/\/ateliersi.it\/si\/lincredibile-adesso-2018-2019\/#breadcrumb"},"inLanguage":"it-IT","potentialAction":[{"@type":"ReadAction","target":["https:\/\/ateliersi.it\/si\/lincredibile-adesso-2018-2019\/"]}]},{"@type":"ImageObject","inLanguage":"it-IT","@id":"https:\/\/ateliersi.it\/si\/lincredibile-adesso-2018-2019\/#primaryimage","url":"https:\/\/ateliersi.it\/si\/wp-content\/uploads\/2018\/09\/ateliersi_incredibile_wide.gif","contentUrl":"https:\/\/ateliersi.it\/si\/wp-content\/uploads\/2018\/09\/ateliersi_incredibile_wide.gif","width":659,"height":500},{"@type":"BreadcrumbList","@id":"https:\/\/ateliersi.it\/si\/lincredibile-adesso-2018-2019\/#breadcrumb","itemListElement":[{"@type":"ListItem","position":1,"name":"Home","item":"https:\/\/ateliersi.it\/si\/"},{"@type":"ListItem","position":2,"name":"L&#8217;INCREDIBILE ADESSO 2018-2019"}]},{"@type":"WebSite","@id":"https:\/\/ateliersi.it\/si\/#website","url":"https:\/\/ateliersi.it\/si\/","name":"S\u00ec","description":"","publisher":{"@id":"https:\/\/ateliersi.it\/si\/#organization"},"potentialAction":[{"@type":"SearchAction","target":{"@type":"EntryPoint","urlTemplate":"https:\/\/ateliersi.it\/si\/?s={search_term_string}"},"query-input":{"@type":"PropertyValueSpecification","valueRequired":true,"valueName":"search_term_string"}}],"inLanguage":"it-IT"},{"@type":"Organization","@id":"https:\/\/ateliersi.it\/si\/#organization","name":"S\u00ec \u2013 Ateliersi","url":"https:\/\/ateliersi.it\/si\/","logo":{"@type":"ImageObject","inLanguage":"it-IT","@id":"https:\/\/ateliersi.it\/si\/#\/schema\/logo\/image\/","url":"https:\/\/ateliersi.it\/si\/wp-content\/uploads\/2015\/09\/cropped-si_head_1516.png","contentUrl":"https:\/\/ateliersi.it\/si\/wp-content\/uploads\/2015\/09\/cropped-si_head_1516.png","width":512,"height":512,"caption":"S\u00ec \u2013 Ateliersi"},"image":{"@id":"https:\/\/ateliersi.it\/si\/#\/schema\/logo\/image\/"},"sameAs":["https:\/\/www.facebook.com\/si.ateliersi","https:\/\/x.com\/AtelierSi","https:\/\/www.instagram.com\/si.ateliersi\/"]}]}},"rttpg_featured_image_url":null,"rttpg_author":{"display_name":"D1gh3z_1975","author_link":"https:\/\/ateliersi.it\/si\/author\/d1gh3z_1975\/"},"rttpg_comment":0,"rttpg_category":false,"rttpg_excerpt":"&nbsp;","_links":{"self":[{"href":"https:\/\/ateliersi.it\/si\/wp-json\/wp\/v2\/pages\/5503","targetHints":{"allow":["GET"]}}],"collection":[{"href":"https:\/\/ateliersi.it\/si\/wp-json\/wp\/v2\/pages"}],"about":[{"href":"https:\/\/ateliersi.it\/si\/wp-json\/wp\/v2\/types\/page"}],"author":[{"embeddable":true,"href":"https:\/\/ateliersi.it\/si\/wp-json\/wp\/v2\/users\/1"}],"replies":[{"embeddable":true,"href":"https:\/\/ateliersi.it\/si\/wp-json\/wp\/v2\/comments?post=5503"}],"version-history":[{"count":0,"href":"https:\/\/ateliersi.it\/si\/wp-json\/wp\/v2\/pages\/5503\/revisions"}],"wp:attachment":[{"href":"https:\/\/ateliersi.it\/si\/wp-json\/wp\/v2\/media?parent=5503"}],"curies":[{"name":"wp","href":"https:\/\/api.w.org\/{rel}","templated":true}]}}