{"id":55,"date":"2014-01-21T11:49:17","date_gmt":"2014-01-21T10:49:17","guid":{"rendered":"http:\/\/ateliersi.it\/si\/?page_id=55"},"modified":"2018-03-13T13:08:05","modified_gmt":"2018-03-13T12:08:05","slug":"si","status":"publish","type":"page","link":"https:\/\/ateliersi.it\/si\/si\/","title":{"rendered":"S\u00ec"},"content":{"rendered":"<div class=\"two_columns_75_25 clearfix\">\n<div class=\"column1\"><div class=\"column_inner\">\n<p>Ateliersi \u00e8 un collettivo di produzione artistica che opera nell\u2019ambito della arti performative e teatrali e che si occupa di:<\/p>\n<p style=\"padding-left: 30px;\">\u2022 creazione artistica (spettacoli, performance, scritture, progetti editoriali, formazione)<br \/>\n\u2022 cura della programmazione culturale dell\u2019Atelier S\u00ec, detto anche il S\u00ec<\/p>\n<p><strong>L\u2019Atelier S\u00ec<\/strong> \u00e8 la sede del gruppo, atelier di sperimentazione e produzione e anche spazio pubblico che ospita artisti e presenta opere offrendo un confronto di pensieri ed esperienze estetiche.<\/p>\n<p>I temi e le modalit\u00e0 tipiche della ricerca artistica del collettivo, vengono trasferiti nella cura dell\u2019Atelier S\u00ec, non solo sede produttiva del gruppo, ma anche luogo aperto al pubblico dove Ateliersi disegna un\u2019articolata attivit\u00e0 di programmazione pluriartistica che consiste in:<\/p>\n<p><strong>ARTI TEATRALI E PERFORMATIVE<\/strong> (spettacoli, performance, residenze)<br \/>\n<strong>ARTI VISIVE<\/strong> (installazioni, performance, residenze)<br \/>\n<strong>ARTI SONORE E NOTTURNE<\/strong> (concerti, dj set)<br \/>\n<strong>ARTI DEL S\u00c9<\/strong> (quando lo spettatore diventa partecipante attivo)<br \/>\n<strong>ARTI DEL DISCORSO E DELLE SCRITTURE<\/strong>\u00a0(incontri, approfondimenti, scritture)<\/p>\n<p>ed \u00e8 caratterizzata da:<\/p>\n<p style=\"padding-left: 30px;\">\u2022 un focus sulle residenze artistiche;<br \/>\n\u2022\u00a0una intra-relazione tra la produzione e la programmazione<br \/>\n\u2022 un\u2019attenzione alla formazione ad ampio spettro;<br \/>\n\u2022\u00a0un dialogo con ambiti emergenti quali l\u2019innovazione sociale, l\u2019audience e il community building;<br \/>\n\u2022 una programmazione volontariamente mobile che, in ascolto del fervore dell&#8217;attuale, opera variazioni e definizioni in fieri;<br \/>\n\u2022 la convinzione che stare e dialogare nell\u2019arte generi bellezza.<\/p>\n<p>La programmazione che si tesse presso l\u2019Atelier S\u00ec \u00e8 sostenuta attraverso politiche economiche di reciprocit\u00e0, compartecipazione e ospitalit\u00e0: il S\u00ec si apre ad attivit\u00e0 ospitate e co-organizzate con altre associazioni e nuclei artistici che presentano gi\u00e0 un loro profilo di sostenibilit\u00e0, ma il cui inserimento all\u2019interno del programma garantisce pi\u00f9 alti margini di realizzabilit\u00e0.<\/p>\n<p>&nbsp;<\/p>\n<\/div><\/div>\n<div class=\"column2\"><div class=\"column_inner\">\n<\/div><\/div>\n<\/div>\n","protected":false},"excerpt":{"rendered":"","protected":false},"author":1,"featured_media":0,"parent":0,"menu_order":0,"comment_status":"closed","ping_status":"closed","template":"","meta":{"footnotes":""},"class_list":["post-55","page","type-page","status-publish","hentry"],"yoast_head":"<!-- This site is optimized with the Yoast SEO plugin v27.1.1 - https:\/\/yoast.com\/product\/yoast-seo-wordpress\/ -->\n<title>S\u00ec - S\u00ec<\/title>\n<meta name=\"robots\" content=\"index, follow, max-snippet:-1, max-image-preview:large, max-video-preview:-1\" \/>\n<link rel=\"canonical\" href=\"https:\/\/ateliersi.it\/si\/si\/\" \/>\n<meta property=\"og:locale\" content=\"it_IT\" \/>\n<meta property=\"og:type\" content=\"article\" \/>\n<meta property=\"og:title\" content=\"S\u00ec - S\u00ec\" \/>\n<meta property=\"og:url\" content=\"https:\/\/ateliersi.it\/si\/si\/\" \/>\n<meta property=\"og:site_name\" content=\"S\u00ec\" \/>\n<meta property=\"article:publisher\" content=\"https:\/\/www.facebook.com\/si.ateliersi\" \/>\n<meta property=\"article:modified_time\" content=\"2018-03-13T12:08:05+00:00\" \/>\n<meta name=\"twitter:card\" content=\"summary_large_image\" \/>\n<meta name=\"twitter:site\" content=\"@AtelierSi\" \/>\n<meta name=\"twitter:label1\" content=\"Tempo di lettura stimato\" \/>\n\t<meta name=\"twitter:data1\" content=\"1 minuto\" \/>\n<!-- \/ Yoast SEO plugin. -->","yoast_head_json":{"title":"S\u00ec - S\u00ec","robots":{"index":"index","follow":"follow","max-snippet":"max-snippet:-1","max-image-preview":"max-image-preview:large","max-video-preview":"max-video-preview:-1"},"canonical":"https:\/\/ateliersi.it\/si\/si\/","og_locale":"it_IT","og_type":"article","og_title":"S\u00ec - S\u00ec","og_url":"https:\/\/ateliersi.it\/si\/si\/","og_site_name":"S\u00ec","article_publisher":"https:\/\/www.facebook.com\/si.ateliersi","article_modified_time":"2018-03-13T12:08:05+00:00","twitter_card":"summary_large_image","twitter_site":"@AtelierSi","twitter_misc":{"Tempo di lettura stimato":"1 minuto"},"schema":{"@context":"https:\/\/schema.org","@graph":[{"@type":"WebPage","@id":"https:\/\/ateliersi.it\/si\/si\/","url":"https:\/\/ateliersi.it\/si\/si\/","name":"S\u00ec - S\u00ec","isPartOf":{"@id":"https:\/\/ateliersi.it\/si\/#website"},"datePublished":"2014-01-21T10:49:17+00:00","dateModified":"2018-03-13T12:08:05+00:00","breadcrumb":{"@id":"https:\/\/ateliersi.it\/si\/si\/#breadcrumb"},"inLanguage":"it-IT","potentialAction":[{"@type":"ReadAction","target":["https:\/\/ateliersi.it\/si\/si\/"]}]},{"@type":"BreadcrumbList","@id":"https:\/\/ateliersi.it\/si\/si\/#breadcrumb","itemListElement":[{"@type":"ListItem","position":1,"name":"Home","item":"https:\/\/ateliersi.it\/si\/"},{"@type":"ListItem","position":2,"name":"S\u00ec"}]},{"@type":"WebSite","@id":"https:\/\/ateliersi.it\/si\/#website","url":"https:\/\/ateliersi.it\/si\/","name":"S\u00ec","description":"","publisher":{"@id":"https:\/\/ateliersi.it\/si\/#organization"},"potentialAction":[{"@type":"SearchAction","target":{"@type":"EntryPoint","urlTemplate":"https:\/\/ateliersi.it\/si\/?s={search_term_string}"},"query-input":{"@type":"PropertyValueSpecification","valueRequired":true,"valueName":"search_term_string"}}],"inLanguage":"it-IT"},{"@type":"Organization","@id":"https:\/\/ateliersi.it\/si\/#organization","name":"S\u00ec \u2013 Ateliersi","url":"https:\/\/ateliersi.it\/si\/","logo":{"@type":"ImageObject","inLanguage":"it-IT","@id":"https:\/\/ateliersi.it\/si\/#\/schema\/logo\/image\/","url":"https:\/\/ateliersi.it\/si\/wp-content\/uploads\/2015\/09\/cropped-si_head_1516.png","contentUrl":"https:\/\/ateliersi.it\/si\/wp-content\/uploads\/2015\/09\/cropped-si_head_1516.png","width":512,"height":512,"caption":"S\u00ec \u2013 Ateliersi"},"image":{"@id":"https:\/\/ateliersi.it\/si\/#\/schema\/logo\/image\/"},"sameAs":["https:\/\/www.facebook.com\/si.ateliersi","https:\/\/x.com\/AtelierSi","https:\/\/www.instagram.com\/si.ateliersi\/"]}]}},"rttpg_featured_image_url":null,"rttpg_author":{"display_name":"D1gh3z_1975","author_link":"https:\/\/ateliersi.it\/si\/author\/d1gh3z_1975\/"},"rttpg_comment":0,"rttpg_category":false,"rttpg_excerpt":null,"_links":{"self":[{"href":"https:\/\/ateliersi.it\/si\/wp-json\/wp\/v2\/pages\/55","targetHints":{"allow":["GET"]}}],"collection":[{"href":"https:\/\/ateliersi.it\/si\/wp-json\/wp\/v2\/pages"}],"about":[{"href":"https:\/\/ateliersi.it\/si\/wp-json\/wp\/v2\/types\/page"}],"author":[{"embeddable":true,"href":"https:\/\/ateliersi.it\/si\/wp-json\/wp\/v2\/users\/1"}],"replies":[{"embeddable":true,"href":"https:\/\/ateliersi.it\/si\/wp-json\/wp\/v2\/comments?post=55"}],"version-history":[{"count":0,"href":"https:\/\/ateliersi.it\/si\/wp-json\/wp\/v2\/pages\/55\/revisions"}],"wp:attachment":[{"href":"https:\/\/ateliersi.it\/si\/wp-json\/wp\/v2\/media?parent=55"}],"curies":[{"name":"wp","href":"https:\/\/api.w.org\/{rel}","templated":true}]}}