{"id":51,"date":"2014-01-21T11:47:54","date_gmt":"2014-01-21T10:47:54","guid":{"rendered":"http:\/\/ateliersi.it\/si\/?page_id=51"},"modified":"2023-07-25T16:38:07","modified_gmt":"2023-07-25T14:38:07","slug":"storia","status":"publish","type":"page","link":"https:\/\/ateliersi.it\/si\/storia\/","title":{"rendered":"Storia"},"content":{"rendered":"<p><img loading=\"lazy\" decoding=\"async\" class=\"wp-image-454 size-full alignnone\" src=\"https:\/\/ateliersi.it\/si\/wp-content\/uploads\/2014\/01\/ateliersi_storia.jpg\" alt=\"\" width=\"940\" height=\"488\" srcset=\"https:\/\/ateliersi.it\/si\/wp-content\/uploads\/2014\/01\/ateliersi_storia.jpg 940w, https:\/\/ateliersi.it\/si\/wp-content\/uploads\/2014\/01\/ateliersi_storia-300x156.jpg 300w, https:\/\/ateliersi.it\/si\/wp-content\/uploads\/2014\/01\/ateliersi_storia-768x399.jpg 768w\" sizes=\"auto, (max-width: 940px) 100vw, 940px\" \/><\/p>\n<div class=\"two_columns_75_25 clearfix\">\n<div class=\"column1\"><div class=\"column_inner\">\n<p>Atelier S\u00ec fa parte del complesso San Leonardo ubicato all&#8217;incrocio fra via San Vitale e vicolo Bolognetti. L\u2019intitolazione \u00e8 riconducibile alla devozione della cultura popolare in epoca medievale nei confronti di Leonardo, o Lienard, nobile del secolo VI discepolo di San Remigio di Reims. Fondata nel XII secolo, la chiesa fu riedificata all&#8217;inizio del secolo successivo quando risulta svolgere anche funzioni di parrocchia. Nel 1546 vi si insedi\u00f2 una comunit\u00e0 di monache cistercensi provenienti dal monastero ormai diroccato di Sant&#8217;Orsola che era poco distante fuori Porta San Vitale. Nel 1558 la chiesa prese il nome dei Santi Leonardo e Orsola. Nell&#8217;arco del secolo XVII le cistercensi rinnovarono tutto il monastero. La soppressione della comunit\u00e0 religiosa avvenne nel 1799 e il monastero fu trasformato in orfanotrofio.<\/p>\n<p>Nel corso della storia si alternarono periodi di soppressione del culto e di nuove consacrazioni. Nel 1810 la chiesa venne adibita a magazzino per la canapa, nel 1918 a sede scolastica. Dopo che la costruzione fu gravemente danneggiata dai bombardamenti della seconda guerra mondiale, la chiesa venne definitivamente chiusa al culto e dedicata ad uso profano. Molte opere pittoriche in essa conservate, realizzate per esempio, dai Carracci, da Alessandro Tiarini e da Elisabetta Sirani, sono state trasportate presso la Pinacoteca nazionale.<\/p>\n<p>Nell&#8217;epoca contemporanea il complesso diventa in parte sede degli uffici del quartiere San Vitale e in parte luogo simbolo della vita artistica di Bologna. Fu la casa del primo Teatro Testoni Ragazzi, di Leo De Berardinis, del Circo Teatro San Leonardo di Alessandra Galante Garrone ed \u00e8 oggi sede delle associazioni Pierrot Lunaire e Ateliersi. Un pensiero va a Leo per come attrezz\u00f2 quella che una volta era la sacrestia della chiesa, poi il suo Teatro Laboratorio, oggi il S\u00ec.<\/p>\n<\/div><\/div>\n<div class=\"column2\"><div class=\"column_inner\">\n<\/div><\/div>\n<\/div>\n<p>&nbsp;<\/p>\n","protected":false},"excerpt":{"rendered":"<p>&nbsp;<\/p>\n","protected":false},"author":1,"featured_media":0,"parent":0,"menu_order":0,"comment_status":"closed","ping_status":"closed","template":"","meta":{"footnotes":""},"class_list":["post-51","page","type-page","status-publish","hentry"],"yoast_head":"<!-- This site is optimized with the Yoast SEO plugin v27.1.1 - https:\/\/yoast.com\/product\/yoast-seo-wordpress\/ -->\n<title>Storia - S\u00ec<\/title>\n<meta name=\"robots\" content=\"index, follow, max-snippet:-1, max-image-preview:large, max-video-preview:-1\" \/>\n<link rel=\"canonical\" href=\"https:\/\/ateliersi.it\/si\/storia\/\" \/>\n<meta property=\"og:locale\" content=\"it_IT\" \/>\n<meta property=\"og:type\" content=\"article\" \/>\n<meta property=\"og:title\" content=\"Storia - S\u00ec\" \/>\n<meta property=\"og:description\" content=\"&nbsp;\" \/>\n<meta property=\"og:url\" content=\"https:\/\/ateliersi.it\/si\/storia\/\" \/>\n<meta property=\"og:site_name\" content=\"S\u00ec\" \/>\n<meta property=\"article:publisher\" content=\"https:\/\/www.facebook.com\/si.ateliersi\" \/>\n<meta property=\"article:modified_time\" content=\"2023-07-25T14:38:07+00:00\" \/>\n<meta property=\"og:image\" content=\"https:\/\/ateliersi.it\/si\/wp-content\/uploads\/2014\/01\/ateliersi_storia.jpg\" \/>\n<meta name=\"twitter:card\" content=\"summary_large_image\" \/>\n<meta name=\"twitter:site\" content=\"@AtelierSi\" \/>\n<meta name=\"twitter:label1\" content=\"Tempo di lettura stimato\" \/>\n\t<meta name=\"twitter:data1\" content=\"2 minuti\" \/>\n<!-- \/ Yoast SEO plugin. -->","yoast_head_json":{"title":"Storia - S\u00ec","robots":{"index":"index","follow":"follow","max-snippet":"max-snippet:-1","max-image-preview":"max-image-preview:large","max-video-preview":"max-video-preview:-1"},"canonical":"https:\/\/ateliersi.it\/si\/storia\/","og_locale":"it_IT","og_type":"article","og_title":"Storia - S\u00ec","og_description":"&nbsp;","og_url":"https:\/\/ateliersi.it\/si\/storia\/","og_site_name":"S\u00ec","article_publisher":"https:\/\/www.facebook.com\/si.ateliersi","article_modified_time":"2023-07-25T14:38:07+00:00","og_image":[{"url":"https:\/\/ateliersi.it\/si\/wp-content\/uploads\/2014\/01\/ateliersi_storia.jpg","type":"","width":"","height":""}],"twitter_card":"summary_large_image","twitter_site":"@AtelierSi","twitter_misc":{"Tempo di lettura stimato":"2 minuti"},"schema":{"@context":"https:\/\/schema.org","@graph":[{"@type":"WebPage","@id":"https:\/\/ateliersi.it\/si\/storia\/","url":"https:\/\/ateliersi.it\/si\/storia\/","name":"Storia - S\u00ec","isPartOf":{"@id":"https:\/\/ateliersi.it\/si\/#website"},"primaryImageOfPage":{"@id":"https:\/\/ateliersi.it\/si\/storia\/#primaryimage"},"image":{"@id":"https:\/\/ateliersi.it\/si\/storia\/#primaryimage"},"thumbnailUrl":"https:\/\/ateliersi.it\/si\/wp-content\/uploads\/2014\/01\/ateliersi_storia.jpg","datePublished":"2014-01-21T10:47:54+00:00","dateModified":"2023-07-25T14:38:07+00:00","breadcrumb":{"@id":"https:\/\/ateliersi.it\/si\/storia\/#breadcrumb"},"inLanguage":"it-IT","potentialAction":[{"@type":"ReadAction","target":["https:\/\/ateliersi.it\/si\/storia\/"]}]},{"@type":"ImageObject","inLanguage":"it-IT","@id":"https:\/\/ateliersi.it\/si\/storia\/#primaryimage","url":"https:\/\/ateliersi.it\/si\/wp-content\/uploads\/2014\/01\/ateliersi_storia.jpg","contentUrl":"https:\/\/ateliersi.it\/si\/wp-content\/uploads\/2014\/01\/ateliersi_storia.jpg","width":940,"height":488},{"@type":"BreadcrumbList","@id":"https:\/\/ateliersi.it\/si\/storia\/#breadcrumb","itemListElement":[{"@type":"ListItem","position":1,"name":"Home","item":"https:\/\/ateliersi.it\/si\/"},{"@type":"ListItem","position":2,"name":"Storia"}]},{"@type":"WebSite","@id":"https:\/\/ateliersi.it\/si\/#website","url":"https:\/\/ateliersi.it\/si\/","name":"S\u00ec","description":"","publisher":{"@id":"https:\/\/ateliersi.it\/si\/#organization"},"potentialAction":[{"@type":"SearchAction","target":{"@type":"EntryPoint","urlTemplate":"https:\/\/ateliersi.it\/si\/?s={search_term_string}"},"query-input":{"@type":"PropertyValueSpecification","valueRequired":true,"valueName":"search_term_string"}}],"inLanguage":"it-IT"},{"@type":"Organization","@id":"https:\/\/ateliersi.it\/si\/#organization","name":"S\u00ec \u2013 Ateliersi","url":"https:\/\/ateliersi.it\/si\/","logo":{"@type":"ImageObject","inLanguage":"it-IT","@id":"https:\/\/ateliersi.it\/si\/#\/schema\/logo\/image\/","url":"https:\/\/ateliersi.it\/si\/wp-content\/uploads\/2015\/09\/cropped-si_head_1516.png","contentUrl":"https:\/\/ateliersi.it\/si\/wp-content\/uploads\/2015\/09\/cropped-si_head_1516.png","width":512,"height":512,"caption":"S\u00ec \u2013 Ateliersi"},"image":{"@id":"https:\/\/ateliersi.it\/si\/#\/schema\/logo\/image\/"},"sameAs":["https:\/\/www.facebook.com\/si.ateliersi","https:\/\/x.com\/AtelierSi","https:\/\/www.instagram.com\/si.ateliersi\/"]}]}},"rttpg_featured_image_url":null,"rttpg_author":{"display_name":"D1gh3z_1975","author_link":"https:\/\/ateliersi.it\/si\/author\/d1gh3z_1975\/"},"rttpg_comment":0,"rttpg_category":" <a href=\"https:\/\/ateliersi.it\/si\/?taxonomy=translation_priority&#038;term=opzionale\" rel=\"tag\">Opzionale<\/a>","rttpg_excerpt":"&nbsp;","_links":{"self":[{"href":"https:\/\/ateliersi.it\/si\/wp-json\/wp\/v2\/pages\/51","targetHints":{"allow":["GET"]}}],"collection":[{"href":"https:\/\/ateliersi.it\/si\/wp-json\/wp\/v2\/pages"}],"about":[{"href":"https:\/\/ateliersi.it\/si\/wp-json\/wp\/v2\/types\/page"}],"author":[{"embeddable":true,"href":"https:\/\/ateliersi.it\/si\/wp-json\/wp\/v2\/users\/1"}],"replies":[{"embeddable":true,"href":"https:\/\/ateliersi.it\/si\/wp-json\/wp\/v2\/comments?post=51"}],"version-history":[{"count":1,"href":"https:\/\/ateliersi.it\/si\/wp-json\/wp\/v2\/pages\/51\/revisions"}],"predecessor-version":[{"id":8766,"href":"https:\/\/ateliersi.it\/si\/wp-json\/wp\/v2\/pages\/51\/revisions\/8766"}],"wp:attachment":[{"href":"https:\/\/ateliersi.it\/si\/wp-json\/wp\/v2\/media?parent=51"}],"curies":[{"name":"wp","href":"https:\/\/api.w.org\/{rel}","templated":true}]}}