{"id":4698,"date":"2017-09-16T12:00:23","date_gmt":"2017-09-16T10:00:23","guid":{"rendered":"http:\/\/ateliersi.it\/si\/?page_id=4698"},"modified":"2018-07-02T11:49:44","modified_gmt":"2018-07-02T09:49:44","slug":"prima-del-distacco-2017-2018","status":"publish","type":"page","link":"https:\/\/ateliersi.it\/si\/prima-del-distacco-2017-2018\/","title":{"rendered":"PRIMA DEL DISTACCO 2017-2018"},"content":{"rendered":"<div class=\"two_columns_75_25 clearfix\">\n<div class=\"column1\"><div class=\"column_inner\">\n<p>Quando si avvicina il momento del distacco il corpo si fa pi\u00f9 sensibile e la mente si affina, cresce la paura, spinge forte il desiderio.<\/p>\n<p>L\u2019immaginazione separa la forma futura da ogni aspetto gi\u00e0 assunto.<\/p>\n<p>Il dolore della lacerazione sta per giungere,<br \/>\nla libert\u00e0 cerca spazio e i contorni dei progetti si fanno pi\u00f9 netti.<\/p>\n<p>Si stacca da terra chi attraversa il mare, si stacca quando ne muore.<\/p>\n<p>Si staccano pezzi di citt\u00e0, vengono spinti fuori: chi resiste viene forzato, malmenato, negato.<\/p>\n<p>Si staccano le zampe in volo, si stacca la goccia, quando \u00e8 il momento, si staccano gi\u00e0 i figli mentre guardano fuori.<\/p>\n<p>Si stacca la vita nuova \u2013 dall\u2019utero, dalla terra, dalla cellula madre \u2013 per farsi vita propria.<\/p>\n<p>Si stacca la Gran Bretagna, si stacca l\u2019America, si staccano la Russia e la Turchia, e poi in tanti si staccano ancora. Si stacca l\u2019Europa, rinnegando se stessa.<\/p>\n<p>Si stacca lo sguardo, si allontana da chi ha promesso, blandito, confuso.<\/p>\n<p>Si stacca; e a chi si rivolge?<\/p>\n<p>Si sta staccando qualcosa, trasformando le donne e gli uomini in altro da s\u00e9.<\/p>\n<p>Si sta staccando ora.<\/p>\n<p>Prima del distacco, \u00e8 il momento di aprire, e guardare.<\/p>\n<p>Aprire il S\u00ec per guardare alle relazioni. Ai legami che sembravano immutabili. E invece.<\/p>\n<p>Aprire il S\u00ec per condividere, nei prossimi mesi, un gruppo di opere che sulla relazione e il distacco propongono una visione precisa.<\/p>\n<p>Aprire il S\u00ec con In Your Face, che parte dalla crisi di Facebook, si immerge nel linguaggio e nelle relazioni dei social e preannuncia un distacco dell\u2019io.<\/p>\n<p>Proseguire abbandonando le relazioni assodate tra performer e spettatore con Minor Place &#8211; nato al S\u00ec e presentato insieme a Gender Bender &#8211; e indagando l\u2019ambito dei presentimenti: diaframma mobile che separa corpo e spazio in Gong.<\/p>\n<p>Precipitare nel distacco come negazione di s\u00e9, quello di Lila, che porter\u00e0 Len\u00f9 a scrivere della loro amicizia nell\u2019Amica Geniale, di cui condividiamo lo spettacolo ispirato al primo libro.<\/p>\n<p>Cercare di comprendere il distacco di una scomparsa attraversando i documenti e le testimonianze in Between me and P., costruito intorno all\u2019improvvisa assenza di un fratello, di cui \u00e8 necessario ricostruire la genesi.<\/p>\n<p>Seguire il distacco nell\u2019aria, la relazione tra gli elementi, le mutazioni di stato nelle scariche elettriche di Nikola Tesla. Lectures.<\/p>\n<p>Aprire il S\u00ec prima del distacco, accogliere altri che compongono e tessono; complici di chi lavora per una citt\u00e0 pi\u00f9 viva, farlo mentre diventiamo qualcos\u2019altro, per riconoscerci quando avremo \u2013 ognuno \u2013 cambiato forma.<\/p>\n<p>&nbsp;<\/p>\n<p><img loading=\"lazy\" decoding=\"async\" class=\"aligncenter size-full wp-image-4699\" src=\"http:\/\/ateliersi.it\/si\/wp-content\/uploads\/2017\/09\/ateliersi_distacco_2017.gif\" alt=\"\" width=\"500\" height=\"500\" \/><\/p>\n<p>&nbsp;<\/p>\n<p>A <a href=\"http:\/\/ateliersi.it\/si\/category\/programma-201718\/\">questo link<\/a> gli approfondimenti sul programma<\/p>\n<\/div><\/div>\n<div class=\"column2\"><div class=\"column_inner\">\n<\/div><\/div>\n<\/div>\n<p>&nbsp;<\/p>\n","protected":false},"excerpt":{"rendered":"<p>&nbsp;<\/p>\n","protected":false},"author":1,"featured_media":0,"parent":0,"menu_order":0,"comment_status":"closed","ping_status":"closed","template":"","meta":{"footnotes":""},"class_list":["post-4698","page","type-page","status-publish","hentry"],"yoast_head":"<!-- This site is optimized with the Yoast SEO plugin v27.1.1 - https:\/\/yoast.com\/product\/yoast-seo-wordpress\/ -->\n<title>PRIMA DEL DISTACCO 2017-2018 - S\u00ec<\/title>\n<meta name=\"robots\" content=\"index, follow, max-snippet:-1, max-image-preview:large, max-video-preview:-1\" \/>\n<link rel=\"canonical\" href=\"https:\/\/ateliersi.it\/si\/prima-del-distacco-2017-2018\/\" \/>\n<meta property=\"og:locale\" content=\"it_IT\" \/>\n<meta property=\"og:type\" content=\"article\" \/>\n<meta property=\"og:title\" content=\"PRIMA DEL DISTACCO 2017-2018 - S\u00ec\" \/>\n<meta property=\"og:description\" content=\"&nbsp;\" \/>\n<meta property=\"og:url\" content=\"https:\/\/ateliersi.it\/si\/prima-del-distacco-2017-2018\/\" \/>\n<meta property=\"og:site_name\" content=\"S\u00ec\" \/>\n<meta property=\"article:publisher\" content=\"https:\/\/www.facebook.com\/si.ateliersi\" \/>\n<meta property=\"article:modified_time\" content=\"2018-07-02T09:49:44+00:00\" \/>\n<meta property=\"og:image\" content=\"http:\/\/ateliersi.it\/si\/wp-content\/uploads\/2017\/09\/ateliersi_distacco_2017.gif\" \/>\n<meta name=\"twitter:card\" content=\"summary_large_image\" \/>\n<meta name=\"twitter:site\" content=\"@AtelierSi\" \/>\n<meta name=\"twitter:label1\" content=\"Tempo di lettura stimato\" \/>\n\t<meta name=\"twitter:data1\" content=\"2 minuti\" \/>\n<!-- \/ Yoast SEO plugin. -->","yoast_head_json":{"title":"PRIMA DEL DISTACCO 2017-2018 - S\u00ec","robots":{"index":"index","follow":"follow","max-snippet":"max-snippet:-1","max-image-preview":"max-image-preview:large","max-video-preview":"max-video-preview:-1"},"canonical":"https:\/\/ateliersi.it\/si\/prima-del-distacco-2017-2018\/","og_locale":"it_IT","og_type":"article","og_title":"PRIMA DEL DISTACCO 2017-2018 - S\u00ec","og_description":"&nbsp;","og_url":"https:\/\/ateliersi.it\/si\/prima-del-distacco-2017-2018\/","og_site_name":"S\u00ec","article_publisher":"https:\/\/www.facebook.com\/si.ateliersi","article_modified_time":"2018-07-02T09:49:44+00:00","og_image":[{"url":"http:\/\/ateliersi.it\/si\/wp-content\/uploads\/2017\/09\/ateliersi_distacco_2017.gif","type":"","width":"","height":""}],"twitter_card":"summary_large_image","twitter_site":"@AtelierSi","twitter_misc":{"Tempo di lettura stimato":"2 minuti"},"schema":{"@context":"https:\/\/schema.org","@graph":[{"@type":"WebPage","@id":"https:\/\/ateliersi.it\/si\/prima-del-distacco-2017-2018\/","url":"https:\/\/ateliersi.it\/si\/prima-del-distacco-2017-2018\/","name":"PRIMA DEL DISTACCO 2017-2018 - S\u00ec","isPartOf":{"@id":"https:\/\/ateliersi.it\/si\/#website"},"primaryImageOfPage":{"@id":"https:\/\/ateliersi.it\/si\/prima-del-distacco-2017-2018\/#primaryimage"},"image":{"@id":"https:\/\/ateliersi.it\/si\/prima-del-distacco-2017-2018\/#primaryimage"},"thumbnailUrl":"http:\/\/ateliersi.it\/si\/wp-content\/uploads\/2017\/09\/ateliersi_distacco_2017.gif","datePublished":"2017-09-16T10:00:23+00:00","dateModified":"2018-07-02T09:49:44+00:00","breadcrumb":{"@id":"https:\/\/ateliersi.it\/si\/prima-del-distacco-2017-2018\/#breadcrumb"},"inLanguage":"it-IT","potentialAction":[{"@type":"ReadAction","target":["https:\/\/ateliersi.it\/si\/prima-del-distacco-2017-2018\/"]}]},{"@type":"ImageObject","inLanguage":"it-IT","@id":"https:\/\/ateliersi.it\/si\/prima-del-distacco-2017-2018\/#primaryimage","url":"https:\/\/ateliersi.it\/si\/wp-content\/uploads\/2017\/09\/ateliersi_distacco_2017.gif","contentUrl":"https:\/\/ateliersi.it\/si\/wp-content\/uploads\/2017\/09\/ateliersi_distacco_2017.gif","width":500,"height":500},{"@type":"BreadcrumbList","@id":"https:\/\/ateliersi.it\/si\/prima-del-distacco-2017-2018\/#breadcrumb","itemListElement":[{"@type":"ListItem","position":1,"name":"Home","item":"https:\/\/ateliersi.it\/si\/"},{"@type":"ListItem","position":2,"name":"PRIMA DEL DISTACCO 2017-2018"}]},{"@type":"WebSite","@id":"https:\/\/ateliersi.it\/si\/#website","url":"https:\/\/ateliersi.it\/si\/","name":"S\u00ec","description":"","publisher":{"@id":"https:\/\/ateliersi.it\/si\/#organization"},"potentialAction":[{"@type":"SearchAction","target":{"@type":"EntryPoint","urlTemplate":"https:\/\/ateliersi.it\/si\/?s={search_term_string}"},"query-input":{"@type":"PropertyValueSpecification","valueRequired":true,"valueName":"search_term_string"}}],"inLanguage":"it-IT"},{"@type":"Organization","@id":"https:\/\/ateliersi.it\/si\/#organization","name":"S\u00ec \u2013 Ateliersi","url":"https:\/\/ateliersi.it\/si\/","logo":{"@type":"ImageObject","inLanguage":"it-IT","@id":"https:\/\/ateliersi.it\/si\/#\/schema\/logo\/image\/","url":"https:\/\/ateliersi.it\/si\/wp-content\/uploads\/2015\/09\/cropped-si_head_1516.png","contentUrl":"https:\/\/ateliersi.it\/si\/wp-content\/uploads\/2015\/09\/cropped-si_head_1516.png","width":512,"height":512,"caption":"S\u00ec \u2013 Ateliersi"},"image":{"@id":"https:\/\/ateliersi.it\/si\/#\/schema\/logo\/image\/"},"sameAs":["https:\/\/www.facebook.com\/si.ateliersi","https:\/\/x.com\/AtelierSi","https:\/\/www.instagram.com\/si.ateliersi\/"]}]}},"rttpg_featured_image_url":null,"rttpg_author":{"display_name":"D1gh3z_1975","author_link":"https:\/\/ateliersi.it\/si\/author\/d1gh3z_1975\/"},"rttpg_comment":0,"rttpg_category":false,"rttpg_excerpt":"&nbsp;","_links":{"self":[{"href":"https:\/\/ateliersi.it\/si\/wp-json\/wp\/v2\/pages\/4698","targetHints":{"allow":["GET"]}}],"collection":[{"href":"https:\/\/ateliersi.it\/si\/wp-json\/wp\/v2\/pages"}],"about":[{"href":"https:\/\/ateliersi.it\/si\/wp-json\/wp\/v2\/types\/page"}],"author":[{"embeddable":true,"href":"https:\/\/ateliersi.it\/si\/wp-json\/wp\/v2\/users\/1"}],"replies":[{"embeddable":true,"href":"https:\/\/ateliersi.it\/si\/wp-json\/wp\/v2\/comments?post=4698"}],"version-history":[{"count":0,"href":"https:\/\/ateliersi.it\/si\/wp-json\/wp\/v2\/pages\/4698\/revisions"}],"wp:attachment":[{"href":"https:\/\/ateliersi.it\/si\/wp-json\/wp\/v2\/media?parent=4698"}],"curies":[{"name":"wp","href":"https:\/\/api.w.org\/{rel}","templated":true}]}}