{"id":11089,"date":"2025-09-15T19:31:25","date_gmt":"2025-09-15T17:31:25","guid":{"rendered":"https:\/\/ateliersi.it\/si\/?page_id=11089"},"modified":"2026-01-09T11:10:17","modified_gmt":"2026-01-09T10:10:17","slug":"scheggia-su-scheggia-2025-2026","status":"publish","type":"page","link":"https:\/\/ateliersi.it\/si\/scheggia-su-scheggia-2025-2026\/","title":{"rendered":"SCHEGGIA SU SCHEGGIA 2025-2026"},"content":{"rendered":"<div class=\"two_columns_75_25 clearfix\">\n<div class=\"column1\"><div class=\"column_inner\">\n<p><em>Non c&#8217;\u00e8 terra su questa terra<\/em><br \/>\n<em>da quando il tempo attorno a me<\/em><br \/>\n<em>si \u00e8 frammentato in scheggia su scheggia.<\/em><\/p>\n<p>\u2013 Mahmoud Darwish<\/p>\n<p>Quanto valgono le nostre vite, i nostri desideri, le nostre speranze? E quanto valgono quelle delle altre persone? Proviamo a dare corpo alle risposte nel momento in cui apriamo un nuovo anno di programmazione all\u2019Atelier S\u00ec, mentre sempre pi\u00f9 governi intorno a noi innalzano muri che appaiono inscalfibili. Sembrano scavalcarli solo per irrompere con violenza nei percorsi di vita, annientando i corpi e i progetti con tonnellate di armi e un profluvio di leggi ingiuste. \u201c\u00c8 necessario un poeta che nel caos cerchi un uccello per scalfire la superficie del marmo\u201d scriveva, gi\u00e0 molti anni prima del genocidio in corso, il poeta palestinese Mahmoud Darwish. Sentiamo la necessit\u00e0 di scalfire, frammentare, scheggiare queste barriere marmoree, cimiteriali. Ci sono necessarie le crepe, le scalfitture, le schegge. Atti di creazione che rispondono al deflagrare mortifero delle bombe e dei decreti aprendo spiragli, conficcandosi nella realt\u00e0, facendo nascere ambienti di pensiero in cui riunirsi attorno al valore della nostra umanit\u00e0 e delle nostre azioni. Al valore dei nostri corpi e delle nostre aspirazioni. \u00c8 necessaria la creatura senza storia n\u00e9 identit\u00e0 di <i>Daemo<\/i>n; sono necessari i quaderni di <i>A.L.D.E.<\/i> che fanno della poesia l&#8217;unica realt\u00e0; ci \u00e8 necessario entrare nella stanza della tragedia di <i>Ave Medea<\/i>, percorrere le rovine di una notte a venire con <i>Non una voce<\/i>, condividere l&#8217;immaginazione dei nuovi futuri descritti in <i>We did it!<\/i> e le utopie di una terra propizia evocate in <i>Matrice<\/i>; ci \u00e8 necessario vivere a due dita da terra come l&#8217;<i>Armande<\/i> di Carla Lonzi e saper riconoscere &#8211; come in <i>Oh, spirito!<\/i> &#8211; le figure che emergono dall&#8217;oscurit\u00e0 dei tempi presenti. Ci \u00e8 necessario il teatro per ritrovarci intorno a una riflessione comune sul tempo e la transitoriet\u00e0. Ci sono necessarie le Penelopi contemporanee per riprendere il filo della nostra storia recente. Ci \u00e8 necessario rifarci alle grida mostruose delle antiche figure mitologiche e sviluppare relazioni nuovissime tra i corpi e le voci per trasmettere emozioni che assumano senso ora e qui. Ci sono necessari gli spazi di formazione del s\u00e9, che attraverso la scrittura, la musica, la danza e i dialoghi tra le intelligenze umane e artificiali ridefiniscono risonanze e battimenti tra l\u2019esterno e l\u2019interiore. Ci \u00e8 necessario accompagnarci ad altri stranieri nelle residenze che accogliamo e nelle progettualit\u00e0 che ospitiamo. Ci \u00e8 necessario trovarci all\u2019Atelier S\u00ec per generare pratiche e pensieri vitali tra i frammenti acuminati di un tempo esploso.<\/p>\n<p><img loading=\"lazy\" decoding=\"async\" class=\"size-full wp-image-11170 alignnone\" src=\"https:\/\/ateliersi.it\/si\/wp-content\/uploads\/2025\/09\/scheggia-animazione-320.gif\" alt=\"\" width=\"320\" height=\"320\" \/><\/p>\n<p>&nbsp;<\/p>\n<p>A <a href=\"https:\/\/ateliersi.it\/si\/programma-2025-2026\/\" rel=\"noopener\">questo link<\/a> gli approfondimenti sul programma<\/p>\n<\/div><\/div>\n<div class=\"column2\"><div class=\"column_inner\">\n<\/div><\/div>\n<\/div>\n<p>&nbsp;<\/p>\n","protected":false},"excerpt":{"rendered":"<p>&nbsp;<\/p>\n","protected":false},"author":1,"featured_media":0,"parent":0,"menu_order":0,"comment_status":"closed","ping_status":"closed","template":"","meta":{"footnotes":""},"class_list":["post-11089","page","type-page","status-publish","hentry"],"yoast_head":"<!-- This site is optimized with the Yoast SEO plugin v27.1.1 - https:\/\/yoast.com\/product\/yoast-seo-wordpress\/ -->\n<title>SCHEGGIA SU SCHEGGIA 2025-2026 - S\u00ec<\/title>\n<meta name=\"robots\" content=\"index, follow, max-snippet:-1, max-image-preview:large, max-video-preview:-1\" \/>\n<link rel=\"canonical\" href=\"https:\/\/ateliersi.it\/si\/scheggia-su-scheggia-2025-2026\/\" \/>\n<meta property=\"og:locale\" content=\"it_IT\" \/>\n<meta property=\"og:type\" content=\"article\" \/>\n<meta property=\"og:title\" content=\"SCHEGGIA SU SCHEGGIA 2025-2026 - S\u00ec\" \/>\n<meta property=\"og:description\" content=\"&nbsp;\" \/>\n<meta property=\"og:url\" content=\"https:\/\/ateliersi.it\/si\/scheggia-su-scheggia-2025-2026\/\" \/>\n<meta property=\"og:site_name\" content=\"S\u00ec\" \/>\n<meta property=\"article:publisher\" content=\"https:\/\/www.facebook.com\/si.ateliersi\" \/>\n<meta property=\"article:modified_time\" content=\"2026-01-09T10:10:17+00:00\" \/>\n<meta property=\"og:image\" content=\"https:\/\/ateliersi.it\/si\/wp-content\/uploads\/2025\/09\/scheggia-animazione-320.gif\" \/>\n\t<meta property=\"og:image:width\" content=\"320\" \/>\n\t<meta property=\"og:image:height\" content=\"320\" \/>\n\t<meta property=\"og:image:type\" content=\"image\/gif\" \/>\n<meta name=\"twitter:card\" content=\"summary_large_image\" \/>\n<meta name=\"twitter:site\" content=\"@AtelierSi\" \/>\n<meta name=\"twitter:label1\" content=\"Tempo di lettura stimato\" \/>\n\t<meta name=\"twitter:data1\" content=\"2 minuti\" \/>\n<!-- \/ Yoast SEO plugin. -->","yoast_head_json":{"title":"SCHEGGIA SU SCHEGGIA 2025-2026 - S\u00ec","robots":{"index":"index","follow":"follow","max-snippet":"max-snippet:-1","max-image-preview":"max-image-preview:large","max-video-preview":"max-video-preview:-1"},"canonical":"https:\/\/ateliersi.it\/si\/scheggia-su-scheggia-2025-2026\/","og_locale":"it_IT","og_type":"article","og_title":"SCHEGGIA SU SCHEGGIA 2025-2026 - S\u00ec","og_description":"&nbsp;","og_url":"https:\/\/ateliersi.it\/si\/scheggia-su-scheggia-2025-2026\/","og_site_name":"S\u00ec","article_publisher":"https:\/\/www.facebook.com\/si.ateliersi","article_modified_time":"2026-01-09T10:10:17+00:00","og_image":[{"width":320,"height":320,"url":"https:\/\/ateliersi.it\/si\/wp-content\/uploads\/2025\/09\/scheggia-animazione-320.gif","type":"image\/gif"}],"twitter_card":"summary_large_image","twitter_site":"@AtelierSi","twitter_misc":{"Tempo di lettura stimato":"2 minuti"},"schema":{"@context":"https:\/\/schema.org","@graph":[{"@type":"WebPage","@id":"https:\/\/ateliersi.it\/si\/scheggia-su-scheggia-2025-2026\/","url":"https:\/\/ateliersi.it\/si\/scheggia-su-scheggia-2025-2026\/","name":"SCHEGGIA SU SCHEGGIA 2025-2026 - S\u00ec","isPartOf":{"@id":"https:\/\/ateliersi.it\/si\/#website"},"primaryImageOfPage":{"@id":"https:\/\/ateliersi.it\/si\/scheggia-su-scheggia-2025-2026\/#primaryimage"},"image":{"@id":"https:\/\/ateliersi.it\/si\/scheggia-su-scheggia-2025-2026\/#primaryimage"},"thumbnailUrl":"https:\/\/ateliersi.it\/si\/wp-content\/uploads\/2025\/09\/scheggia-animazione-320.gif","datePublished":"2025-09-15T17:31:25+00:00","dateModified":"2026-01-09T10:10:17+00:00","breadcrumb":{"@id":"https:\/\/ateliersi.it\/si\/scheggia-su-scheggia-2025-2026\/#breadcrumb"},"inLanguage":"it-IT","potentialAction":[{"@type":"ReadAction","target":["https:\/\/ateliersi.it\/si\/scheggia-su-scheggia-2025-2026\/"]}]},{"@type":"ImageObject","inLanguage":"it-IT","@id":"https:\/\/ateliersi.it\/si\/scheggia-su-scheggia-2025-2026\/#primaryimage","url":"https:\/\/ateliersi.it\/si\/wp-content\/uploads\/2025\/09\/scheggia-animazione-320.gif","contentUrl":"https:\/\/ateliersi.it\/si\/wp-content\/uploads\/2025\/09\/scheggia-animazione-320.gif","width":320,"height":320},{"@type":"BreadcrumbList","@id":"https:\/\/ateliersi.it\/si\/scheggia-su-scheggia-2025-2026\/#breadcrumb","itemListElement":[{"@type":"ListItem","position":1,"name":"Home","item":"https:\/\/ateliersi.it\/si\/"},{"@type":"ListItem","position":2,"name":"SCHEGGIA SU SCHEGGIA 2025-2026"}]},{"@type":"WebSite","@id":"https:\/\/ateliersi.it\/si\/#website","url":"https:\/\/ateliersi.it\/si\/","name":"S\u00ec","description":"","publisher":{"@id":"https:\/\/ateliersi.it\/si\/#organization"},"potentialAction":[{"@type":"SearchAction","target":{"@type":"EntryPoint","urlTemplate":"https:\/\/ateliersi.it\/si\/?s={search_term_string}"},"query-input":{"@type":"PropertyValueSpecification","valueRequired":true,"valueName":"search_term_string"}}],"inLanguage":"it-IT"},{"@type":"Organization","@id":"https:\/\/ateliersi.it\/si\/#organization","name":"S\u00ec \u2013 Ateliersi","url":"https:\/\/ateliersi.it\/si\/","logo":{"@type":"ImageObject","inLanguage":"it-IT","@id":"https:\/\/ateliersi.it\/si\/#\/schema\/logo\/image\/","url":"https:\/\/ateliersi.it\/si\/wp-content\/uploads\/2015\/09\/cropped-si_head_1516.png","contentUrl":"https:\/\/ateliersi.it\/si\/wp-content\/uploads\/2015\/09\/cropped-si_head_1516.png","width":512,"height":512,"caption":"S\u00ec \u2013 Ateliersi"},"image":{"@id":"https:\/\/ateliersi.it\/si\/#\/schema\/logo\/image\/"},"sameAs":["https:\/\/www.facebook.com\/si.ateliersi","https:\/\/x.com\/AtelierSi","https:\/\/www.instagram.com\/si.ateliersi\/"]}]}},"rttpg_featured_image_url":null,"rttpg_author":{"display_name":"D1gh3z_1975","author_link":"https:\/\/ateliersi.it\/si\/author\/d1gh3z_1975\/"},"rttpg_comment":0,"rttpg_category":" <a href=\"https:\/\/ateliersi.it\/si\/?taxonomy=translation_priority&#038;term=opzionale\" rel=\"tag\">Opzionale<\/a>","rttpg_excerpt":"&nbsp;","_links":{"self":[{"href":"https:\/\/ateliersi.it\/si\/wp-json\/wp\/v2\/pages\/11089","targetHints":{"allow":["GET"]}}],"collection":[{"href":"https:\/\/ateliersi.it\/si\/wp-json\/wp\/v2\/pages"}],"about":[{"href":"https:\/\/ateliersi.it\/si\/wp-json\/wp\/v2\/types\/page"}],"author":[{"embeddable":true,"href":"https:\/\/ateliersi.it\/si\/wp-json\/wp\/v2\/users\/1"}],"replies":[{"embeddable":true,"href":"https:\/\/ateliersi.it\/si\/wp-json\/wp\/v2\/comments?post=11089"}],"version-history":[{"count":5,"href":"https:\/\/ateliersi.it\/si\/wp-json\/wp\/v2\/pages\/11089\/revisions"}],"predecessor-version":[{"id":11583,"href":"https:\/\/ateliersi.it\/si\/wp-json\/wp\/v2\/pages\/11089\/revisions\/11583"}],"wp:attachment":[{"href":"https:\/\/ateliersi.it\/si\/wp-json\/wp\/v2\/media?parent=11089"}],"curies":[{"name":"wp","href":"https:\/\/api.w.org\/{rel}","templated":true}]}}