{"id":64,"date":"2013-07-19T18:45:47","date_gmt":"2013-07-19T16:45:47","guid":{"rendered":"http:\/\/ateliersi.it\/ateliersi\/?page_id=64"},"modified":"2013-07-31T19:56:29","modified_gmt":"2013-07-31T17:56:29","slug":"spettacoli","status":"publish","type":"page","link":"https:\/\/ateliersi.it\/ateliersi\/attivita\/spettacoli\/","title":{"rendered":"spettacoli"},"content":{"rendered":"<a href=\"http:\/\/ateliersi.it\/ateliersi\/attivita\/event-calendar\/\" target=\"\" class=\"button tiny\" style=\"color: #fff; font-size: 15px; font-style: normal; font-weight: 600; \">prossime date<\/a>\n<div style=\"margin-top:-10px;margin-bottom:20px;background-color: #666;height:1px;\" class=\"separator small\"><\/div>\n<div class='portfolio_outer'><div class='portfolio_holder portfolio_holder_v4'><article class='element spettacoli progetti-in-corso '><div class='article_inner'><div class='image'><img loading=\"lazy\" decoding=\"async\" width=\"219\" height=\"143\" src=\"https:\/\/ateliersi.it\/ateliersi\/wp-content\/uploads\/2025\/07\/armande-sonoio_ateliersi_PICCOLA-copy-1.jpg\" class=\"attachment-post-thumbnail size-post-thumbnail wp-post-image\" alt=\"\" \/><\/div><h5><a href='https:\/\/ateliersi.it\/ateliersi\/portfolio_page\/armande-sono-io\/' class='more'>Armande sono io!<\/a><\/h5><hr\/><p>ARMANDE SONO IO! Non vedo l\u2019ora che la nostra assemblea sia aperta Armande, Les Femmes Savantes di Moli\u00e8re La preziosit\u00e0...<\/p><a class=\"view button tiny\" href=\"https:\/\/ateliersi.it\/ateliersi\/portfolio_page\/armande-sono-io\/\">View<\/a><a href='https:\/\/ateliersi.it\/ateliersi\/portfolio_page\/armande-sono-io\/' class='fake_link'>&nbsp;<\/a><\/div><div class='separator'><\/div><\/article><article class='element spettacoli progetti-in-corso '><div class='article_inner'><div class='image'><img loading=\"lazy\" decoding=\"async\" width=\"620\" height=\"402\" src=\"https:\/\/ateliersi.it\/ateliersi\/wp-content\/uploads\/2024\/03\/ateliersi_ESTREMI_solarpunk_occhi-copy-4.jpg\" class=\"attachment-post-thumbnail size-post-thumbnail wp-post-image\" alt=\"\" srcset=\"https:\/\/ateliersi.it\/ateliersi\/wp-content\/uploads\/2024\/03\/ateliersi_ESTREMI_solarpunk_occhi-copy-4.jpg 620w, https:\/\/ateliersi.it\/ateliersi\/wp-content\/uploads\/2024\/03\/ateliersi_ESTREMI_solarpunk_occhi-copy-4-300x195.jpg 300w\" sizes=\"auto, (max-width: 620px) 100vw, 620px\" \/><\/div><h5><a href='https:\/\/ateliersi.it\/ateliersi\/portfolio_page\/we-did-it\/' class='more'>We did it!<\/a><\/h5><hr\/><p>WE DID IT! Nel futuro prossimo in cui \u00e8 ambientato WE DID IT!, la figura in scena ci accompagna lungo...<\/p><a class=\"view button tiny\" href=\"https:\/\/ateliersi.it\/ateliersi\/portfolio_page\/we-did-it\/\">View<\/a><a href='https:\/\/ateliersi.it\/ateliersi\/portfolio_page\/we-did-it\/' class='fake_link'>&nbsp;<\/a><\/div><div class='separator'><\/div><\/article><article class='element spettacoli progetti-in-corso '><div class='article_inner'><div class='image'><img loading=\"lazy\" decoding=\"async\" width=\"620\" height=\"402\" src=\"https:\/\/ateliersi.it\/ateliersi\/wp-content\/uploads\/2023\/06\/ateliersi_occhi_orizz2-copy-2-1.jpg\" class=\"attachment-post-thumbnail size-post-thumbnail wp-post-image\" alt=\"\" srcset=\"https:\/\/ateliersi.it\/ateliersi\/wp-content\/uploads\/2023\/06\/ateliersi_occhi_orizz2-copy-2-1.jpg 620w, https:\/\/ateliersi.it\/ateliersi\/wp-content\/uploads\/2023\/06\/ateliersi_occhi_orizz2-copy-2-1-300x195.jpg 300w\" sizes=\"auto, (max-width: 620px) 100vw, 620px\" \/><\/div><h5><a href='https:\/\/ateliersi.it\/ateliersi\/portfolio_page\/il-linguaggio-degli-oggetti\/' class='more'>Il linguaggio degli oggetti<\/a><\/h5><hr\/><p>Ateliersi invita il pubblico a un&#8217;esperienza immaginativa composta a partire dalla scrittura di Daniele Del Giudice e da un concerto...<\/p><a class=\"view button tiny\" href=\"https:\/\/ateliersi.it\/ateliersi\/portfolio_page\/il-linguaggio-degli-oggetti\/\">View<\/a><a href='https:\/\/ateliersi.it\/ateliersi\/portfolio_page\/il-linguaggio-degli-oggetti\/' class='fake_link'>&nbsp;<\/a><\/div><div class='separator'><\/div><\/article><article class='element spettacoli progetti-in-corso '><div class='article_inner'><div class='image'><img loading=\"lazy\" decoding=\"async\" width=\"220\" height=\"143\" src=\"https:\/\/ateliersi.it\/ateliersi\/wp-content\/uploads\/2022\/10\/ateliersi-impero-th.jpg\" class=\"attachment-post-thumbnail size-post-thumbnail wp-post-image\" alt=\"\" \/><\/div><h5><a href='https:\/\/ateliersi.it\/ateliersi\/portfolio_page\/nellimpero-delle-misure\/' class='more'>Nell&#8217;impero delle misure<\/a><\/h5><hr\/><p>La sconfinata personalit\u00e0 della poeta dissidente russa Marina Cvetaeva viene esplorata nello spettacolo di Ateliersi attraverso una composizione scenica tesa...<\/p><a class=\"view button tiny\" href=\"https:\/\/ateliersi.it\/ateliersi\/portfolio_page\/nellimpero-delle-misure\/\">View<\/a><a href='https:\/\/ateliersi.it\/ateliersi\/portfolio_page\/nellimpero-delle-misure\/' class='fake_link'>&nbsp;<\/a><\/div><div class='separator'><\/div><\/article><article class='element spettacoli progetti-in-corso '><div class='article_inner'><div class='image'><img loading=\"lazy\" decoding=\"async\" width=\"220\" height=\"143\" src=\"https:\/\/ateliersi.it\/ateliersi\/wp-content\/uploads\/2022\/06\/ateliersi-gipsylady-th.jpg\" class=\"attachment-post-thumbnail size-post-thumbnail wp-post-image\" alt=\"\" \/><\/div><h5><a href='https:\/\/ateliersi.it\/ateliersi\/portfolio_page\/gipsy-lady-1646\/' class='more'>Gipsy Lady 1646<\/a><\/h5><hr\/><p>Gipsy Lady 1646 Nella commedia Signorina Zingaretta, scritta nel 1646 da Florido De Silvestris, compare la prima testimonianza della lingua...<\/p><a class=\"view button tiny\" href=\"https:\/\/ateliersi.it\/ateliersi\/portfolio_page\/gipsy-lady-1646\/\">View<\/a><a href='https:\/\/ateliersi.it\/ateliersi\/portfolio_page\/gipsy-lady-1646\/' class='fake_link'>&nbsp;<\/a><\/div><div class='separator'><\/div><\/article><article class='element spettacoli progetti-in-corso '><div class='article_inner'><div class='image'><img loading=\"lazy\" decoding=\"async\" width=\"220\" height=\"143\" src=\"https:\/\/ateliersi.it\/ateliersi\/wp-content\/uploads\/2021\/04\/Ateliersi-Mambo-1-1-scaled-2.jpg\" class=\"attachment-post-thumbnail size-post-thumbnail wp-post-image\" alt=\"\" \/><\/div><h5><a href='https:\/\/ateliersi.it\/ateliersi\/portfolio_page\/la-mappa-del-cuore-in-vr\/' class='more'>La mappa del cuore in VR<\/a><\/h5><hr\/><p>LA MAPPA DEL CUORE DI LEA MELANDRI in VR \u2022 durata 60 minuti \u2022 per uno spettatore alla volta \u2022...<\/p><a class=\"view button tiny\" href=\"https:\/\/ateliersi.it\/ateliersi\/portfolio_page\/la-mappa-del-cuore-in-vr\/\">View<\/a><a href='https:\/\/ateliersi.it\/ateliersi\/portfolio_page\/la-mappa-del-cuore-in-vr\/' class='fake_link'>&nbsp;<\/a><\/div><div class='separator'><\/div><\/article><article class='element spettacoli progetti-in-corso '><div class='article_inner'><div class='image'><img loading=\"lazy\" decoding=\"async\" width=\"220\" height=\"143\" src=\"https:\/\/ateliersi.it\/ateliersi\/wp-content\/uploads\/2020\/06\/ateliersi-mappalea-th.jpg\" class=\"attachment-post-thumbnail size-post-thumbnail wp-post-image\" alt=\"\" \/><\/div><h5><a href='https:\/\/ateliersi.it\/ateliersi\/portfolio_page\/la-mappa-del-cuore-di-lea-melandri\/' class='more'>La mappa del cuore<\/a><\/h5><hr\/><p>Dove si incontrano i Duran Duran e Jean-Luc Godard, i consigli dell\u2019endocrinologo e Il diavolo in corpo, Siouxsie, i tarocchi...<\/p><a class=\"view button tiny\" href=\"https:\/\/ateliersi.it\/ateliersi\/portfolio_page\/la-mappa-del-cuore-di-lea-melandri\/\">View<\/a><a href='https:\/\/ateliersi.it\/ateliersi\/portfolio_page\/la-mappa-del-cuore-di-lea-melandri\/' class='fake_link'>&nbsp;<\/a><\/div><div class='separator'><\/div><\/article><article class='element spettacoli progetti-in-corso '><div class='article_inner'><div class='image'><img loading=\"lazy\" decoding=\"async\" width=\"620\" height=\"402\" src=\"https:\/\/ateliersi.it\/ateliersi\/wp-content\/uploads\/2019\/04\/IMG_5688-copy.jpg\" class=\"attachment-post-thumbnail size-post-thumbnail wp-post-image\" alt=\"\" srcset=\"https:\/\/ateliersi.it\/ateliersi\/wp-content\/uploads\/2019\/04\/IMG_5688-copy.jpg 620w, https:\/\/ateliersi.it\/ateliersi\/wp-content\/uploads\/2019\/04\/IMG_5688-copy-300x195.jpg 300w\" sizes=\"auto, (max-width: 620px) 100vw, 620px\" \/><\/div><h5><a href='https:\/\/ateliersi.it\/ateliersi\/portfolio_page\/gap-cose-un-gap-dialogo-sulla-liberazione\/' class='more'>[g\u00e6p] Cos&#8217;\u00e8 un GAP?<\/a><\/h5><hr\/><p>[g\u00e6p] COS\u2019\u00c8 UN GAP? Dialogo ludico sulla Liberazione In [g\u00e6p] Cos\u2019\u00e8 un GAP? un bambino dei nostri giorni si mette...<\/p><a class=\"view button tiny\" href=\"https:\/\/ateliersi.it\/ateliersi\/portfolio_page\/gap-cose-un-gap-dialogo-sulla-liberazione\/\">View<\/a><a href='https:\/\/ateliersi.it\/ateliersi\/portfolio_page\/gap-cose-un-gap-dialogo-sulla-liberazione\/' class='fake_link'>&nbsp;<\/a><\/div><div class='separator'><\/div><\/article><article class='element spettacoli progetti-in-corso '><div class='article_inner'><div class='image'><img loading=\"lazy\" decoding=\"async\" width=\"220\" height=\"143\" src=\"https:\/\/ateliersi.it\/ateliersi\/wp-content\/uploads\/2018\/11\/ateliersi-soli-th.jpg\" class=\"attachment-post-thumbnail size-post-thumbnail wp-post-image\" alt=\"\" \/><\/div><h5><a href='https:\/\/ateliersi.it\/ateliersi\/portfolio_page\/soli\/' class='more'>Soli<\/a><\/h5><hr\/><p>&nbsp; SOLI \u00e8 uno spettacolo incentrato sulla relazione tra identit\u00e0 e dimensione lavorativa nelle strutture sociali contemporanee e sulla capacit\u00e0...<\/p><a class=\"view button tiny\" href=\"https:\/\/ateliersi.it\/ateliersi\/portfolio_page\/soli\/\">View<\/a><a href='https:\/\/ateliersi.it\/ateliersi\/portfolio_page\/soli\/' class='fake_link'>&nbsp;<\/a><\/div><div class='separator'><\/div><\/article><article class='element spettacoli progetti-in-corso '><div class='article_inner'><div class='image'><img loading=\"lazy\" decoding=\"async\" width=\"640\" height=\"402\" src=\"https:\/\/ateliersi.it\/ateliersi\/wp-content\/uploads\/2019\/06\/15_Non-troverete-nulla-di-me-in-questo-film.jpg\" class=\"attachment-post-thumbnail size-post-thumbnail wp-post-image\" alt=\"\" srcset=\"https:\/\/ateliersi.it\/ateliersi\/wp-content\/uploads\/2019\/06\/15_Non-troverete-nulla-di-me-in-questo-film.jpg 640w, https:\/\/ateliersi.it\/ateliersi\/wp-content\/uploads\/2019\/06\/15_Non-troverete-nulla-di-me-in-questo-film-300x188.jpg 300w\" sizes=\"auto, (max-width: 640px) 100vw, 640px\" \/><\/div><h5><a href='https:\/\/ateliersi.it\/ateliersi\/portfolio_page\/cenere-cineconcerto\/' class='more'>Non troverete nulla di me<\/a><\/h5><hr\/><p>Non troverete nulla di me in questo film Eleonora Duse, considerata la pi\u00f9 grande attrice teatrale di tutti i tempi,...<\/p><a class=\"view button tiny\" href=\"https:\/\/ateliersi.it\/ateliersi\/portfolio_page\/cenere-cineconcerto\/\">View<\/a><a href='https:\/\/ateliersi.it\/ateliersi\/portfolio_page\/cenere-cineconcerto\/' class='fake_link'>&nbsp;<\/a><\/div><div class='separator'><\/div><\/article><article class='element spettacoli progetti-in-corso '><div class='article_inner'><div class='image'><img loading=\"lazy\" decoding=\"async\" width=\"220\" height=\"143\" src=\"https:\/\/ateliersi.it\/ateliersi\/wp-content\/uploads\/2017\/07\/ateliersi-inyourface-th.jpg\" class=\"attachment-post-thumbnail size-post-thumbnail wp-post-image\" alt=\"\" \/><\/div><h5><a href='https:\/\/ateliersi.it\/ateliersi\/portfolio_page\/in-your-face\/' class='more'>In Your Face<\/a><\/h5><hr\/><p>Alcune persone attraverso i social media scandiscono in modo efficace la loro relazione con gli accadimenti del reale. Generano visioni...<\/p><a class=\"view button tiny\" href=\"https:\/\/ateliersi.it\/ateliersi\/portfolio_page\/in-your-face\/\">View<\/a><a href='https:\/\/ateliersi.it\/ateliersi\/portfolio_page\/in-your-face\/' class='fake_link'>&nbsp;<\/a><\/div><div class='separator'><\/div><\/article><article class='element spettacoli progetti-in-corso '><div class='article_inner'><div class='image'><img loading=\"lazy\" decoding=\"async\" width=\"220\" height=\"143\" src=\"https:\/\/ateliersi.it\/ateliersi\/wp-content\/uploads\/2017\/06\/ateliersi-daparteloro-th.jpg\" class=\"attachment-post-thumbnail size-post-thumbnail wp-post-image\" alt=\"\" \/><\/div><h5><a href='https:\/\/ateliersi.it\/ateliersi\/portfolio_page\/da-parte-loro-nessuna-domanda-imbarazzante\/' class='more'>Da parte loro<\/a><\/h5><hr\/><p>Ateliersi e Fanny &amp; Alexander Da parte loro nessuna domanda imbarazzante 1. L&#8217;Amica geniale, lettura scenica Nel primo dei quattro...<\/p><a class=\"view button tiny\" href=\"https:\/\/ateliersi.it\/ateliersi\/portfolio_page\/da-parte-loro-nessuna-domanda-imbarazzante\/\">View<\/a><a href='https:\/\/ateliersi.it\/ateliersi\/portfolio_page\/da-parte-loro-nessuna-domanda-imbarazzante\/' class='fake_link'>&nbsp;<\/a><\/div><div class='separator'><\/div><\/article><article class='element spettacoli progetti-in-corso '><div class='article_inner'><div class='image'><img loading=\"lazy\" decoding=\"async\" width=\"220\" height=\"143\" src=\"https:\/\/ateliersi.it\/ateliersi\/wp-content\/uploads\/2016\/05\/ateliersi-defacto-th.jpg\" class=\"attachment-post-thumbnail size-post-thumbnail wp-post-image\" alt=\"\" \/><\/div><h5><a href='https:\/\/ateliersi.it\/ateliersi\/portfolio_page\/de-facto\/' class='more'>De Facto<\/a><\/h5><hr\/><p>De facto\u00a0\u00e8 un\u2019opera poetica elettronica che elabora i materiali relativi alla strage di Ustica in una composizione che va oltre...<\/p><a class=\"view button tiny\" href=\"https:\/\/ateliersi.it\/ateliersi\/portfolio_page\/de-facto\/\">View<\/a><a href='https:\/\/ateliersi.it\/ateliersi\/portfolio_page\/de-facto\/' class='fake_link'>&nbsp;<\/a><\/div><div class='separator'><\/div><\/article><article class='element spettacoli progetti-in-corso '><div class='article_inner'><div class='image'><img loading=\"lazy\" decoding=\"async\" width=\"220\" height=\"143\" src=\"https:\/\/ateliersi.it\/ateliersi\/wp-content\/uploads\/2015\/02\/ateliersi-isolasogna-th.jpg\" class=\"attachment-post-thumbnail size-post-thumbnail wp-post-image\" alt=\"\" \/><\/div><h5><a href='https:\/\/ateliersi.it\/ateliersi\/portfolio_page\/isola-e-sogna\/' class='more'>Isola e sogna<\/a><\/h5><hr\/><p>Un report in forma di concerto su Giusi Nicolini, Sindaco di Lampedusa fino al giugno 2017, e sull\u2019esercizio del potere...<\/p><a class=\"view button tiny\" href=\"https:\/\/ateliersi.it\/ateliersi\/portfolio_page\/isola-e-sogna\/\">View<\/a><a href='https:\/\/ateliersi.it\/ateliersi\/portfolio_page\/isola-e-sogna\/' class='fake_link'>&nbsp;<\/a><\/div><div class='separator'><\/div><\/article><article class='element spettacoli progetti-in-corso '><div class='article_inner'><div class='image'><img loading=\"lazy\" decoding=\"async\" width=\"220\" height=\"143\" src=\"https:\/\/ateliersi.it\/ateliersi\/wp-content\/uploads\/2013\/07\/ateliersi-selamiapelle-th.jpg\" class=\"attachment-post-thumbnail size-post-thumbnail wp-post-image\" alt=\"\" \/><\/div><h5><a href='https:\/\/ateliersi.it\/ateliersi\/portfolio_page\/se-la-mia-pelle-vuoi\/' class='more'>Se la mia pelle vuoi<\/a><\/h5><hr\/><p>All\u2019interpretazione scenica dei versi murali, al gusto performativo per il pensiero graffiato sui muri, Se la mia pelle vuoi fa...<\/p><a class=\"view button tiny\" href=\"https:\/\/ateliersi.it\/ateliersi\/portfolio_page\/se-la-mia-pelle-vuoi\/\">View<\/a><a href='https:\/\/ateliersi.it\/ateliersi\/portfolio_page\/se-la-mia-pelle-vuoi\/' class='fake_link'>&nbsp;<\/a><\/div><div class='separator'><\/div><\/article><article class='element spettacoli progetti-in-corso '><div class='article_inner'><div class='image'><img loading=\"lazy\" decoding=\"async\" width=\"220\" height=\"143\" src=\"https:\/\/ateliersi.it\/ateliersi\/wp-content\/uploads\/2013\/09\/ateliersi-freedom-th.jpg\" class=\"attachment-post-thumbnail size-post-thumbnail wp-post-image\" alt=\"\" \/><\/div><h5><a href='https:\/\/ateliersi.it\/ateliersi\/portfolio_page\/freedom-has-many-forms\/' class='more'>Freedom has many forms<\/a><\/h5><hr\/><p>immagine: Keizer In questa lezione-performance Ateliersi espone materiali che raccontano le vicende legate alle scritte sui muri. Vengono rivelati piccoli...<\/p><a class=\"view button tiny\" href=\"https:\/\/ateliersi.it\/ateliersi\/portfolio_page\/freedom-has-many-forms\/\">View<\/a><a href='https:\/\/ateliersi.it\/ateliersi\/portfolio_page\/freedom-has-many-forms\/' class='fake_link'>&nbsp;<\/a><\/div><div class='separator'><\/div><\/article><article class='element spettacoli progetti-in-corso '><div class='article_inner'><div class='image'><img loading=\"lazy\" decoding=\"async\" width=\"220\" height=\"143\" src=\"https:\/\/ateliersi.it\/ateliersi\/wp-content\/uploads\/2013\/07\/ateliersi-boia-th.jpg\" class=\"attachment-post-thumbnail size-post-thumbnail wp-post-image\" alt=\"\" \/><\/div><h5><a href='https:\/\/ateliersi.it\/ateliersi\/portfolio_page\/boia\/' class='more'>Boia<\/a><\/h5><hr\/><p>Questo esercizio interpretativo del lessico spray dal primo novecento \ufb01no a oggi \u00e8 un altro pezzo di pagina aggiunta per guardare la nostra parte di mondo, per incocciare nei rovesci, nei crolli.<\/p><a class=\"view button tiny\" href=\"https:\/\/ateliersi.it\/ateliersi\/portfolio_page\/boia\/\">View<\/a><a href='https:\/\/ateliersi.it\/ateliersi\/portfolio_page\/boia\/' class='fake_link'>&nbsp;<\/a><\/div><div class='separator'><\/div><\/article><\/div><\/div>\n","protected":false},"excerpt":{"rendered":"","protected":false},"author":1,"featured_media":0,"parent":21,"menu_order":0,"comment_status":"closed","ping_status":"closed","template":"","meta":{"footnotes":""},"class_list":["post-64","page","type-page","status-publish","hentry"],"yoast_head":"<!-- This site is optimized with the Yoast SEO plugin v27.1.1 - https:\/\/yoast.com\/product\/yoast-seo-wordpress\/ -->\n<title>spettacoli - ateliersi<\/title>\n<meta name=\"robots\" content=\"index, follow, max-snippet:-1, max-image-preview:large, max-video-preview:-1\" \/>\n<link rel=\"canonical\" href=\"https:\/\/ateliersi.it\/ateliersi\/attivita\/spettacoli\/\" \/>\n<meta property=\"og:locale\" content=\"it_IT\" \/>\n<meta property=\"og:type\" content=\"article\" \/>\n<meta property=\"og:title\" content=\"spettacoli - ateliersi\" \/>\n<meta property=\"og:url\" content=\"https:\/\/ateliersi.it\/ateliersi\/attivita\/spettacoli\/\" \/>\n<meta property=\"og:site_name\" content=\"ateliersi\" \/>\n<meta property=\"article:publisher\" content=\"https:\/\/www.facebook.com\/si.ateliersi\" \/>\n<meta property=\"article:modified_time\" content=\"2013-07-31T17:56:29+00:00\" \/>\n<meta name=\"twitter:card\" content=\"summary_large_image\" \/>\n<meta name=\"twitter:site\" content=\"@AtelierSi\" \/>\n<!-- \/ Yoast SEO plugin. -->","yoast_head_json":{"title":"spettacoli - ateliersi","robots":{"index":"index","follow":"follow","max-snippet":"max-snippet:-1","max-image-preview":"max-image-preview:large","max-video-preview":"max-video-preview:-1"},"canonical":"https:\/\/ateliersi.it\/ateliersi\/attivita\/spettacoli\/","og_locale":"it_IT","og_type":"article","og_title":"spettacoli - ateliersi","og_url":"https:\/\/ateliersi.it\/ateliersi\/attivita\/spettacoli\/","og_site_name":"ateliersi","article_publisher":"https:\/\/www.facebook.com\/si.ateliersi","article_modified_time":"2013-07-31T17:56:29+00:00","twitter_card":"summary_large_image","twitter_site":"@AtelierSi","schema":{"@context":"https:\/\/schema.org","@graph":[{"@type":"WebPage","@id":"https:\/\/ateliersi.it\/ateliersi\/attivita\/spettacoli\/","url":"https:\/\/ateliersi.it\/ateliersi\/attivita\/spettacoli\/","name":"spettacoli - ateliersi","isPartOf":{"@id":"https:\/\/ateliersi.it\/ateliersi\/#website"},"datePublished":"2013-07-19T16:45:47+00:00","dateModified":"2013-07-31T17:56:29+00:00","breadcrumb":{"@id":"https:\/\/ateliersi.it\/ateliersi\/attivita\/spettacoli\/#breadcrumb"},"inLanguage":"it-IT","potentialAction":[{"@type":"ReadAction","target":["https:\/\/ateliersi.it\/ateliersi\/attivita\/spettacoli\/"]}]},{"@type":"BreadcrumbList","@id":"https:\/\/ateliersi.it\/ateliersi\/attivita\/spettacoli\/#breadcrumb","itemListElement":[{"@type":"ListItem","position":1,"name":"Home","item":"https:\/\/ateliersi.it\/ateliersi\/"},{"@type":"ListItem","position":2,"name":"attivit\u00e0","item":"https:\/\/ateliersi.it\/ateliersi\/"},{"@type":"ListItem","position":3,"name":"spettacoli"}]},{"@type":"WebSite","@id":"https:\/\/ateliersi.it\/ateliersi\/#website","url":"https:\/\/ateliersi.it\/ateliersi\/","name":"ateliersi","description":"","publisher":{"@id":"https:\/\/ateliersi.it\/ateliersi\/#organization"},"potentialAction":[{"@type":"SearchAction","target":{"@type":"EntryPoint","urlTemplate":"https:\/\/ateliersi.it\/ateliersi\/?s={search_term_string}"},"query-input":{"@type":"PropertyValueSpecification","valueRequired":true,"valueName":"search_term_string"}}],"inLanguage":"it-IT"},{"@type":"Organization","@id":"https:\/\/ateliersi.it\/ateliersi\/#organization","name":"Ateliersi","url":"https:\/\/ateliersi.it\/ateliersi\/","logo":{"@type":"ImageObject","inLanguage":"it-IT","@id":"https:\/\/ateliersi.it\/ateliersi\/#\/schema\/logo\/image\/","url":"https:\/\/ateliersi.it\/ateliersi\/wp-content\/uploads\/2013\/07\/ateliersi.jpeg","contentUrl":"https:\/\/ateliersi.it\/ateliersi\/wp-content\/uploads\/2013\/07\/ateliersi.jpeg","width":152,"height":36,"caption":"Ateliersi"},"image":{"@id":"https:\/\/ateliersi.it\/ateliersi\/#\/schema\/logo\/image\/"},"sameAs":["https:\/\/www.facebook.com\/si.ateliersi","https:\/\/x.com\/AtelierSi","https:\/\/www.instagram.com\/si.ateliersi\/","https:\/\/www.youtube.com\/c\/AteliersiItBologna"]}]}},"_links":{"self":[{"href":"https:\/\/ateliersi.it\/ateliersi\/wp-json\/wp\/v2\/pages\/64","targetHints":{"allow":["GET"]}}],"collection":[{"href":"https:\/\/ateliersi.it\/ateliersi\/wp-json\/wp\/v2\/pages"}],"about":[{"href":"https:\/\/ateliersi.it\/ateliersi\/wp-json\/wp\/v2\/types\/page"}],"author":[{"embeddable":true,"href":"https:\/\/ateliersi.it\/ateliersi\/wp-json\/wp\/v2\/users\/1"}],"replies":[{"embeddable":true,"href":"https:\/\/ateliersi.it\/ateliersi\/wp-json\/wp\/v2\/comments?post=64"}],"version-history":[{"count":0,"href":"https:\/\/ateliersi.it\/ateliersi\/wp-json\/wp\/v2\/pages\/64\/revisions"}],"up":[{"embeddable":true,"href":"https:\/\/ateliersi.it\/ateliersi\/wp-json\/wp\/v2\/pages\/21"}],"wp:attachment":[{"href":"https:\/\/ateliersi.it\/ateliersi\/wp-json\/wp\/v2\/media?parent=64"}],"curies":[{"name":"wp","href":"https:\/\/api.w.org\/{rel}","templated":true}]}}