{"id":2797,"date":"2018-05-31T13:10:22","date_gmt":"2018-05-31T11:10:22","guid":{"rendered":"http:\/\/ateliersi.it\/ateliersi\/?page_id=2797"},"modified":"2018-05-31T13:10:22","modified_gmt":"2018-05-31T11:10:22","slug":"privacy-policy","status":"publish","type":"page","link":"https:\/\/ateliersi.it\/ateliersi\/privacy-policy\/","title":{"rendered":"Privacy Policy"},"content":{"rendered":"<p>ateliersi.it raccoglie alcuni Dati Personali dai navigatori.<\/p>\n<p>Informativa per trattamento di dati personali \u2013 Documento informativo ai sensi e per gli effetti del Regolamento per il Trattamento dei Dati Personali (GDPR) (EU) 2016\/679<\/p>\n<p>L\u2019informativa non \u00e8 da considerarsi valida per altri siti web eventualmente consultabili tramite links presenti sui siti internet a dominio del titolare, che non \u00e8 da considerarsi in alcun modo responsabile dei siti internet dei terzi.<\/p>\n<p>IL TITOLARE DEI DATI E DEL TRATTAMENTO \u00e8 Associazione Culturale Ateliersi \u2014 Via San Vitale, 69 &#8211; 40125 Bologna (BO), IT<br \/>\nemail: <a href=\"mailto:info@ateliersi.it\">info@ateliersi.it<\/a><\/p>\n<p>IL DATA MANAGER \u00e8 Diego Segatto \u2014 Via Guerrazzi, 1 &#8211; Bologna (BO), IT nominato amministratore del sito web<br \/>\nemail: <a href=\"mailto:diegosegatto@protonmail.com\">diegosegatto@protonmail.com<\/a><\/p>\n<hr \/>\n<h5>TIPI DI DATI TRATTATI<\/h5>\n<p>Dato personale, qualunque informazione relativa a persona fisica, identificata o identificabile, anche indirettamente, mediante riferimento a qualsiasi altra informazione, ivi compreso un numero di identificazione personale; Dati identificativi, i dati personali che permettono l\u2019identificazione diretta dell\u2019interessato (quali a titolo esemplificativo nome, cognome, data di nascita, indirizzo, indirizzo e-mail, numero di telefono, ecc\u2026).<\/p>\n<h5>Dati di navigazione<\/h5>\n<p>I sistemi informatici e le procedure software preposte al funzionamento di questo sito web acquisiscono, nel corso del loro normale esercizio, alcuni dati personali la cui trasmissione \u00e8 implicita nell\u2019uso dei protocolli di comunicazione di Internet.<br \/>\nSi tratta di informazioni che non sono raccolte per essere associate a interessati identificati, ma che per loro stessa natura potrebbero, attraverso elaborazioni ed associazioni con dati detenuti da terzi, permettere di identificare gli utenti.<br \/>\nIn questa categoria di dati rientrano gli indirizzi IP o i nomi a dominio dei computer utilizzati dagli utenti che si connettono al sito, gli indirizzi in notazione URI (Uniform Resource Identifier) delle risorse richieste, l\u2019orario della richiesta, il metodo utilizzato nel sottoporre la richiesta al server, la dimensione del file ottenuto in risposta, il codice numerico indicante lo stato della risposta data dal server (buon fine, errore, ecc.) ed altri parametri relativi al sistema operativo e all\u2019ambiente informatico dell\u2019utente.<\/p>\n<h5>Dati forniti volontariamente dall\u2019utente<\/h5>\n<p>L\u2019invio facoltativo, esplicito e volontario di posta elettronica agli indirizzi indicati su questo sito e\/o la compilazione di form di raccolta dati, comporta la successiva acquisizione dell\u2019indirizzo del mittente, necessario per rispondere alle richieste, nonch\u00e9 degli eventuali altri dati personali inseriti.<\/p>\n<hr \/>\n<h5>FINALIT\u00c0 DEL TRATTAMENTO<\/h5>\n<p>I dati di natura personale ed eventualmente sensibili, volontariamente forniti saranno oggetto di trattamento per le seguenti finalit\u00e0, fino a sua opposizione:<br \/>\n\u2013 navigazione sul presente sito internet;<br \/>\n\u2013 eventuale richiesta di contatto, con invio di informazioni da Lei richieste;<\/p>\n<hr \/>\n<h4>COOKIES POLICY<br \/>\nCosa sono i cookie<\/h4>\n<p>I cookie sono piccoli file di testo che i siti visitati dagli utenti inviano ai loro terminali, dove vengono memorizzati per essere ritrasmessi agli stessi siti in occasione di visite successive. I cookie sono utilizzati per diverse finalit\u00e0, hanno caratteristiche diverse, e possono essere utilizzati sia dal titolare del sito che si sta visitando, sia da terze parti. Di seguito troverai tutte le informazioni sui cookie installati attraverso questo sito, e le indicazioni necessarie su come gestire le tue preferenze riguardo ad essi.<\/p>\n<h5>Cookie tecnici che non richiedono consenso<\/h5>\n<p>Cookie relativi ad attivit\u00e0 strettamente necessarie al funzionamento del sito e all\u2019erogazione del servizio:<br \/>\nwordpress_test_cookie<br \/>\nwp-saving-post<br \/>\nwp-settings-1<br \/>\nwp-settings-time-1<br \/>\ndatabase indicizzato<\/p>\n<h5>Cookie di statistica utilizzati per raccogliere informazioni in forma aggregata<\/h5>\n<p><strong>WordPress stats<\/strong> (Dati utente non profilati a livello di IP)<br \/>\n<a href=\"https:\/\/automattic.com\/cookies\/\" target=\"_blank\" rel=\"noopener\">automattic.com\/cookies\/<\/a><\/p>\n<p>Il consenso pu\u00f2 essere espresso in modo generico, interagendo con il cookie banner, secondo le diverse modalit\u00e0 spiegate nel banner (ad esempio cliccando sul pulsante ACCETTA, continuando la visita sul sito, scorrendo verso il basso o dal link); altrimenti il consenso pu\u00f2 essere fornito \/ non fornito in modo selettivo, seguendo le modalit\u00e0 sotto riportate. Il tuo consenso verr\u00e0 tracciato in occasione di altre o future visite al sito. L&#8217;utente ha, in ogni caso, il diritto di revocare &#8211; in tutto o in parte &#8211; il proprio consenso.<\/p>\n<p><strong>Ricorda che puoi gestire la tua navigazione attraverso le impostazioni del browser o gli strumenti forniti dalla Electronic Frontier Foundation<\/strong><br \/>\n<a href=\"https:\/\/www.eff.org\/pages\/tools\" target=\"_blank\" rel=\"noopener\">eff.org\/pages\/tools<\/a><\/p>\n<hr \/>\n<h5>MODALIT\u00c0 DEL TRATTAMENTO \u2013 CONSERVAZIONE<\/h5>\n<p>Il trattamento sar\u00e0 svolto in forma automatizzata e manuale, con modalit\u00e0 e strumenti volti a garantire la massima sicurezza e riservatezza, ad opera del Data Controller. I dati saranno conservati per un periodo non superiore agli scopi per i quali i dati sono stati raccolti e successivamente trattati.<\/p>\n<hr \/>\n<h5>AMBITO DI COMUNICAZIONE E DIFFUSIONE<\/h5>\n<p>I Suoi dati, oggetto del trattamento, saranno trattati confidenzialmente e non saranno diffusi a enti terzi, se non quelli sopra indicati per la funzionalit\u00e0 del commercio elettronico.<\/p>\n<hr \/>\n<h5>NATURA DEL CONFERIMENTO E RIFIUTO<\/h5>\n<p>A parte quanto specificato per i dati di navigazione, l\u2019utente \u00e8 libero di fornire i dati personali. Il conferimento dei dati \u00e8 facoltativo ma necessario. Il loro mancato conferimento pu\u00f2 comportare l\u2019impossibilit\u00e0 di ottenere quanto richiesto o per usufruire dei servizi del titolare del trattamento.<\/p>\n<hr \/>\n<h5>DIRITTI DEGLI INTERESSATI<\/h5>\n<p>Lei potr\u00e0 far valere i propri diritti rivolgendosi al titolare, contattandoci all&#8217;indirizzo email <a href=\"mailto:info@ateliersi.it\">info@ateliersi.it<\/a>. Lei ha il diritto, in qualunque momento, di ottenere la conferma dell\u2019esistenza o meno dei dati e di conoscerne il contenuto e l\u2019origine, verificarne l\u2019esattezza o chiederne l\u2019integrazione o l\u2019aggiornamento, oppure la rettificazione. Ai sensi del GDPR (EU) 2016\/679 si ha il diritto di chiedere la cancellazione, la trasformazione in forma anonima o il blocco dei dati trattati in violazione di legge, nonch\u00e9 di opporsi in ogni caso, per motivi legittimi, al loro trattamento.<\/p>\n<hr \/>\n<h5>MODIFICHE ALL\u2019INFORMATIVA SULLA PRIVACY<\/h5>\n<p>Il titolare si riserva il diritto di modificare, aggiornare, aggiungere o rimuovere parti della presente informativa sulla privacy a propria discrezione e in qualsiasi momento. La persona interessata \u00e8 tenuta a verificare periodicamente le eventuali modifiche. Al fine di facilitare tale verifica l\u2019informativa conterr\u00e0 l\u2019indicazione della data di aggiornamento dell\u2019informativa. L\u2019utilizzo del sito, dopo la pubblicazione delle modifiche, costituir\u00e0 accettazione delle stesse.<\/p>\n<hr \/>\n<p>data di aggiornamento: 25.05.2018<\/p>\n","protected":false},"excerpt":{"rendered":"<p>ateliersi.it raccoglie alcuni Dati Personali dai navigatori. Informativa per trattamento di dati personali \u2013 Documento informativo ai sensi e per&#8230;<\/p>\n","protected":false},"author":1,"featured_media":0,"parent":0,"menu_order":0,"comment_status":"closed","ping_status":"closed","template":"","meta":{"footnotes":""},"class_list":["post-2797","page","type-page","status-publish","hentry"],"yoast_head":"<!-- This site is optimized with the Yoast SEO plugin v27.1.1 - https:\/\/yoast.com\/product\/yoast-seo-wordpress\/ -->\n<title>Privacy Policy - ateliersi<\/title>\n<meta name=\"robots\" content=\"index, follow, max-snippet:-1, max-image-preview:large, max-video-preview:-1\" \/>\n<link rel=\"canonical\" href=\"https:\/\/ateliersi.it\/ateliersi\/privacy-policy\/\" \/>\n<meta property=\"og:locale\" content=\"it_IT\" \/>\n<meta property=\"og:type\" content=\"article\" \/>\n<meta property=\"og:title\" content=\"Privacy Policy - ateliersi\" \/>\n<meta property=\"og:description\" content=\"ateliersi.it raccoglie alcuni Dati Personali dai navigatori. Informativa per trattamento di dati personali \u2013 Documento informativo ai sensi e per...\" \/>\n<meta property=\"og:url\" content=\"https:\/\/ateliersi.it\/ateliersi\/privacy-policy\/\" \/>\n<meta property=\"og:site_name\" content=\"ateliersi\" \/>\n<meta property=\"article:publisher\" content=\"https:\/\/www.facebook.com\/si.ateliersi\" \/>\n<meta name=\"twitter:card\" content=\"summary_large_image\" \/>\n<meta name=\"twitter:site\" content=\"@AtelierSi\" \/>\n<meta name=\"twitter:label1\" content=\"Tempo di lettura stimato\" \/>\n\t<meta name=\"twitter:data1\" content=\"5 minuti\" \/>\n<!-- \/ Yoast SEO plugin. -->","yoast_head_json":{"title":"Privacy Policy - ateliersi","robots":{"index":"index","follow":"follow","max-snippet":"max-snippet:-1","max-image-preview":"max-image-preview:large","max-video-preview":"max-video-preview:-1"},"canonical":"https:\/\/ateliersi.it\/ateliersi\/privacy-policy\/","og_locale":"it_IT","og_type":"article","og_title":"Privacy Policy - ateliersi","og_description":"ateliersi.it raccoglie alcuni Dati Personali dai navigatori. Informativa per trattamento di dati personali \u2013 Documento informativo ai sensi e per...","og_url":"https:\/\/ateliersi.it\/ateliersi\/privacy-policy\/","og_site_name":"ateliersi","article_publisher":"https:\/\/www.facebook.com\/si.ateliersi","twitter_card":"summary_large_image","twitter_site":"@AtelierSi","twitter_misc":{"Tempo di lettura stimato":"5 minuti"},"schema":{"@context":"https:\/\/schema.org","@graph":[{"@type":"WebPage","@id":"https:\/\/ateliersi.it\/ateliersi\/privacy-policy\/","url":"https:\/\/ateliersi.it\/ateliersi\/privacy-policy\/","name":"Privacy Policy - ateliersi","isPartOf":{"@id":"https:\/\/ateliersi.it\/ateliersi\/#website"},"datePublished":"2018-05-31T11:10:22+00:00","breadcrumb":{"@id":"https:\/\/ateliersi.it\/ateliersi\/privacy-policy\/#breadcrumb"},"inLanguage":"it-IT","potentialAction":[{"@type":"ReadAction","target":["https:\/\/ateliersi.it\/ateliersi\/privacy-policy\/"]}]},{"@type":"BreadcrumbList","@id":"https:\/\/ateliersi.it\/ateliersi\/privacy-policy\/#breadcrumb","itemListElement":[{"@type":"ListItem","position":1,"name":"Home","item":"https:\/\/ateliersi.it\/ateliersi\/"},{"@type":"ListItem","position":2,"name":"Privacy Policy"}]},{"@type":"WebSite","@id":"https:\/\/ateliersi.it\/ateliersi\/#website","url":"https:\/\/ateliersi.it\/ateliersi\/","name":"ateliersi","description":"","publisher":{"@id":"https:\/\/ateliersi.it\/ateliersi\/#organization"},"potentialAction":[{"@type":"SearchAction","target":{"@type":"EntryPoint","urlTemplate":"https:\/\/ateliersi.it\/ateliersi\/?s={search_term_string}"},"query-input":{"@type":"PropertyValueSpecification","valueRequired":true,"valueName":"search_term_string"}}],"inLanguage":"it-IT"},{"@type":"Organization","@id":"https:\/\/ateliersi.it\/ateliersi\/#organization","name":"Ateliersi","url":"https:\/\/ateliersi.it\/ateliersi\/","logo":{"@type":"ImageObject","inLanguage":"it-IT","@id":"https:\/\/ateliersi.it\/ateliersi\/#\/schema\/logo\/image\/","url":"https:\/\/ateliersi.it\/ateliersi\/wp-content\/uploads\/2013\/07\/ateliersi.jpeg","contentUrl":"https:\/\/ateliersi.it\/ateliersi\/wp-content\/uploads\/2013\/07\/ateliersi.jpeg","width":152,"height":36,"caption":"Ateliersi"},"image":{"@id":"https:\/\/ateliersi.it\/ateliersi\/#\/schema\/logo\/image\/"},"sameAs":["https:\/\/www.facebook.com\/si.ateliersi","https:\/\/x.com\/AtelierSi","https:\/\/www.instagram.com\/si.ateliersi\/","https:\/\/www.youtube.com\/c\/AteliersiItBologna"]}]}},"_links":{"self":[{"href":"https:\/\/ateliersi.it\/ateliersi\/wp-json\/wp\/v2\/pages\/2797","targetHints":{"allow":["GET"]}}],"collection":[{"href":"https:\/\/ateliersi.it\/ateliersi\/wp-json\/wp\/v2\/pages"}],"about":[{"href":"https:\/\/ateliersi.it\/ateliersi\/wp-json\/wp\/v2\/types\/page"}],"author":[{"embeddable":true,"href":"https:\/\/ateliersi.it\/ateliersi\/wp-json\/wp\/v2\/users\/1"}],"replies":[{"embeddable":true,"href":"https:\/\/ateliersi.it\/ateliersi\/wp-json\/wp\/v2\/comments?post=2797"}],"version-history":[{"count":0,"href":"https:\/\/ateliersi.it\/ateliersi\/wp-json\/wp\/v2\/pages\/2797\/revisions"}],"wp:attachment":[{"href":"https:\/\/ateliersi.it\/ateliersi\/wp-json\/wp\/v2\/media?parent=2797"}],"curies":[{"name":"wp","href":"https:\/\/api.w.org\/{rel}","templated":true}]}}