{"id":157,"date":"2013-07-22T12:15:30","date_gmt":"2013-07-22T10:15:30","guid":{"rendered":"http:\/\/ateliersi.it\/ateliersi\/?page_id=157"},"modified":"2025-04-07T09:46:03","modified_gmt":"2025-04-07T07:46:03","slug":"persone","status":"publish","type":"page","link":"https:\/\/ateliersi.it\/ateliersi\/persone\/","title":{"rendered":"persone"},"content":{"rendered":"<div class=\"two_columns_33_66 clearfix\">\n<div class=\"column1\"><div class=\"column_inner\">\n<img loading=\"lazy\" decoding=\"async\" class=\"alignnone size-full wp-image-897\" src=\"http:\/\/ateliersi.it\/ateliersi\/wp-content\/uploads\/2013\/07\/fiorenza.gif\" alt=\"_fiorenza\" width=\"275\" height=\"162\" \/><\/p>\n<\/div><\/div>\n<div class=\"column2\"><div class=\"column_inner\">\n<h4>Fiorenza Menni<\/h4>\n<h5>direzione artistica<\/h5>\n<div class='accordion'>\n<h5>bio<\/h5><div><div class='inner'>\n<p><strong>Fiorenza Menni<\/strong> \u00e8 regista, attrice e autrice di teatro, presidente e direttrice artistica di Ateliersi. La sua scrittura \u00e8 volta alla creazione di una drammaturgia originale e di testi di riflessione estetica e filosofica. Si occupa della formazione dell\u2019attore proponendo percorsi di lavoro che tendono ad allenare la precisione contestuale e sentimentale dell\u2019interpretazione utilizzando i materiali del suo stesso percorso e ricerca. Fiorenza Menni ha collaborato in qualit\u00e0 d&#8217;attrice, tra gli altri con Teatro delle Albe e Fanny &amp; Alexander. Attualmente collabora con artisti e performer provenienti da diverse discipline artistiche e scientifiche, e come formatrice con Jean Michele Bruy\u00e8re (Sup de Sub. Formations \u00e0 \u00catre pour la libert\u00e9). Nel 2007 \u00e8 stata insignita del Premio Eleonora Duse &#8211; Menzione d\u2019Onore miglior attrice emergente.<\/p>\n<\/div><\/div>\n<\/div>\n       <ul class='social_menu white'><li class='email'><a href='mailto:fiorenza.menni@ateliersi.it' target='_blank'>email<\/a><\/li><li class='facebook'><a href='https:\/\/www.facebook.com\/fiorenza.menni' target='_blank'>facebook<\/a><\/li><li class='tumblr'><a href='http:\/\/instagram.com\/lolamochi' target='_blank'>tumblr<\/a><\/li><li class='skype'><a href='skype:mesmer67?chat' target='_blank'>skype<\/a><\/li>           <\/ul>\n<\/div><\/div>\n<\/div>\n<p>&nbsp;<\/p>\n<div class=\"two_columns_33_66 clearfix\">\n<div class=\"column1\"><div class=\"column_inner\">\n<img loading=\"lazy\" decoding=\"async\" class=\"alignnone size-full wp-image-899\" src=\"http:\/\/ateliersi.it\/ateliersi\/wp-content\/uploads\/2013\/07\/andrea.gif\" alt=\"_andrea\" width=\"275\" height=\"162\" \/><\/p>\n<\/div><\/div>\n<div class=\"column2\"><div class=\"column_inner\">\n<h4>Andrea Mochi Sismondi<\/h4>\n<h5>direzione artistica<\/h5>\n<div class='accordion'>\n<h5>bio<\/h5><div><div class='inner'>\n<p><strong>Andrea Mochi Sismondi<\/strong> \u00e8 autore e attore. Direttore Artistico di Ateliersi dal 2013, da sempre intreccia l\u2019attivit\u00e0 in teatro con l\u2019interesse per l\u2019evoluzione dei linguaggi del contemporaneo nello spazio pubblico. Un interesse che lo ha portato ad avere la responsabilit\u00e0 degli eventi live con format innovativi del Forum PA e del programma di Smart City Exhibition, manifestazione internazionale dedicata all\u2019applicazione delle tecnologie e dei processi partecipativi per aumentare la ricchezza dei flussi informativi nelle citt\u00e0.<br \/>\nDopo aver lavorato dal 2001 come attore negli spettacoli di Teatrino Clandestino, dal 2008 Andrea Mochi Sismondi compone con Fiorenza Menni gli spettacoli di Ateliersi, dei quali \u00e8 anche interprete. Dalla loro ricerca a \u0160utka in Macedonia, nell\u2019unica comunit\u00e0 al mondo in cui i rom sono in maggioranza, nasce il suo libro <em>Confini Diamanti. Viaggio ai margini d\u2019Europa<\/em>, ospiti dei rom pubblicato per Ombre Corte nel maggio 2012 (andato esaurito e ristampato nel giugno 2013). Nel 2021 esce nella collana <em>Il Contemporaneo delle Edizioni Cue Press il suo libro\u00a0Il segno di Ustica. L\u2019eccezionale percorso artistico nato dalla battaglia per la verit\u00e0<\/em>\u00a0che parte dallo spettacolo di Ateliersi\u00a0<em>De Facto<\/em>\u00a0per confrontarsi con cinquanta altri artisti che si sono posti negli anni in relazione con la strage.<\/p>\n<\/div><\/div>\n<\/div>\n       <ul class='social_menu white'><li class='email'><a href='mailto:andrea.mochisismondi@ateliersi.it' target='_blank'>email<\/a><\/li><li class='facebook'><a href='https:\/\/www.facebook.com\/andrea.sismondi' target='_blank'>facebook<\/a><\/li><li class='skype'><a href='skype:andrea.mochi.sismondi?chat' target='_blank'>skype<\/a><\/li>           <\/ul>\n<\/div><\/div>\n<\/div>\n<p>&nbsp;<\/p>\n<div class=\"two_columns_33_66 clearfix\">\n<div class=\"column1\"><div class=\"column_inner\">\n<img loading=\"lazy\" decoding=\"async\" class=\"alignnone size-full wp-image-901\" src=\"http:\/\/ateliersi.it\/ateliersi\/wp-content\/uploads\/2013\/07\/elisa.gif\" alt=\"_elisa\" width=\"275\" height=\"162\" \/><\/p>\n<\/div><\/div>\n<div class=\"column2\"><div class=\"column_inner\">\n<h4>Greta Fuzzi<\/h4>\n<h5>amministrazione e organizzazione<\/h5>\n<div class='accordion'>\n<h5>bio<\/h5><div><div class='inner'>\n<p><strong>Greta Fuzzi<\/strong> \u00e8 responsabile amministrativa di Ateliersi dal 2021. Precedentemente ha lavorato nell\u2019ufficio produzione del Centro Nazionale di Produzione della Danza Virgilio Sieni, come assistente alla produzione del Festival Danza Urbana, come referente organizzativa del progetto Atlas of Transitions di ERT\/Teatro Nazionale, nell\u2019organizzazione e amministrazione dell\u2019Associazione Culturale Ferrara Off. Per ci\u00f2 che concerne la formazione, nel 2016 ottiene la Laurea Triennale in Psicologia all\u2019Universit\u00e0 degli studi di Padova, e nel 2018 svolge il Master in imprenditoria dello spettacolo all\u2019Universit\u00e0 di Bologna.<\/p>\n<\/div><\/div>\n<\/div>\n       <ul class='social_menu white'><li class='email'><a href='mailto:greta.fuzzi@ateliersi.it' target='_blank'>email<\/a><\/li>           <\/ul>\n<\/div><\/div>\n<\/div>\n<p>&nbsp;<\/p>\n<div class=\"two_columns_33_66 clearfix\">\n<div class=\"column1\"><div class=\"column_inner\">\n<img loading=\"lazy\" decoding=\"async\" class=\"alignnone size-full wp-image-903\" src=\"http:\/\/ateliersi.it\/ateliersi\/wp-content\/uploads\/2013\/07\/tihana.gif\" alt=\"_tihana\" width=\"275\" height=\"162\" \/><\/p>\n<\/div><\/div>\n<div class=\"column2\"><div class=\"column_inner\">\n<h4>Tihana Maravi\u0107<\/h4>\n<h5>curatela e comunicazione<\/h5>\n<div class='accordion'>\n<h5>bio<\/h5><div><div class='inner'>\n<p><strong>Tihana Maravi\u0107<\/strong> \u00e8 nata in Croazia, dal 1995 vive e lavora in Italia. \u00c8 operatrice culturale e curatrice nel campo delle arti performative. Dal 2013 si occupa della curatela, della comunicazione e della promozione dei progetti di Ateliersi. Nel 2003 si laurea in Discipline dell\u2019arte, della musica e dello spettacolo dell\u2019Universit\u00e0 di Bologna dove nel 2008 ottiene il PhD in Studi teatrali e cinematografici. Ha svolto diversi periodi di studio all\u2019estero, in Germania (2000), in Russia (2005) e in Serbia (2010). Dal 2006 al 2010 ha lavorato come ufficio stampa internazionale per il Premio Europa per il Teatro e per il Festival Teatro a Corte | Fondazione TPE. Dal 2008 al 2010 ha curato una serie di eventi dedicati ai temi dell&#8217;arte e della cultura negli ambienti psichiatrici (Teatro PraTIKo-Merano; La Soffitta-Bologna; Teatro Metastasio-Prato; Futur Compos\u00e9-Paris). Dal 2007 al 2011 ha collaborato al progetto artistico Teatri di silenzio e al Festival CRATere (Merano-Bolzano-Trento). Dal 2013 al 2017 \u00e8 stata co-direttrice artistica del Festival internazionale delle arti performative BLITZ a Rovigno in Croazia. Come studiosa si \u00e8 occupata delle interrelazioni tra gli studi teatrali e gli studi religiosi. Ha pubblicato numerosi saggi e il libro <em>Vado a prendermi gioco del mondo. Dal Folle in Cristo in Bisanzio e in Russia al performer contemporaneo<\/em> (La Casa Usher, Firenze, 2016).<\/p>\n<\/div><\/div>\n<\/div>\n       <ul class='social_menu white'><li class='email'><a href='mailto:tihana.maravich@ateliersi.it' target='_blank'>email<\/a><\/li><li class='facebook'><a href='https:\/\/www.facebook.com\/tihihini.maravic' target='_blank'>facebook<\/a><\/li><li class='skype'><a href='skype:tihanati?chat' target='_blank'>skype<\/a><\/li>           <\/ul>\n<\/div><\/div>\n<\/div>\n<p>&nbsp;<\/p>\n<div class=\"two_columns_33_66 clearfix\">\n<div class=\"column1\"><div class=\"column_inner\">\n<img loading=\"lazy\" decoding=\"async\" class=\"alignnone size-full wp-image-906\" src=\"http:\/\/ateliersi.it\/ateliersi\/wp-content\/uploads\/2013\/07\/giovanni.gif\" alt=\"_giovanni\" width=\"275\" height=\"162\" \/><\/p>\n<\/div><\/div>\n<div class=\"column2\"><div class=\"column_inner\">\n<h4>Giovanni Brunetto<\/h4>\n<h5>direzione tecnica<\/h5>\n<div class='accordion'>\n<h5>bio<\/h5><div><div class='inner'>\n<p><strong>Giovanni Brunetto<\/strong> \u00e8 nato a Verona nel 1967. Negli anni &#8217;80 e &#8217;90 frequenta i circuiti punk alternativi in giro per l&#8217;Italia e l&#8217;Europa, promuovendo esperienze di occupazioni, sperimentando vita comunitaria e organizzando eventi culturali underground e anarchici. Dal 1990 al 1999 promuove e anima assieme ad altri solidali il Centro Culturale di Documentazione Anarchica la Pecora Nera a Verona. Nel 1997 assiste, alla Pergola di Firenze, alla messa in scena di King Lear nr. 1 di Leo De Berardinis; in seguito a questo evento si avvicina progressivamente al teatro di ricerca per approdare nel 1999 alla prima collaborazione con la compagnia Teatrino Clandestino presso il Festival Prototipo di Interzona a Verona. Dal 2000 si trasferisce a vivere a Bologna e diventa effettivo nell&#8217;organico di Teatrino Clandestino per poi diventare negli anni successivi il responsabile tecnico della compagnia. Ha lavorato come freelance per Emilia Romagna Teatro presso il Teatro Comunale di Casalecchio; per alcuni festival di arte contemporanea nella citt\u00e0 di Bologna e per altre compagnie teatrali del territorio. Dal 2011 \u00e8 macchinista di palco presso il Teatro Romano di Verona per la stagione estiva curata da Estate Teatrale Veronese. Appassionato in attrezzatura vintage, da alcuni anni ha dato vita a un progetto chiamato \u201cb\/n biancoenero\u201d per il recupero e la valorizzazione di strumentazione d&#8217;epoca per lo spettacolo. Direttore tecnico del collettivo Ateliersi e dell\u2019Atelier S\u00ec.<\/p>\n<\/div><\/div>\n<\/div>\n       <ul class='social_menu white'><li class='email'><a href='mailto:giovanni.brunetto@ateliersi.it' target='_blank'>email<\/a><\/li><li class='facebook'><a href='https:\/\/www.facebook.com\/ben.biancoenero' target='_blank'>facebook<\/a><\/li><li class='skype'><a href='skype:daunesposizionealdialogo?chat' target='_blank'>skype<\/a><\/li>           <\/ul>\n<\/div><\/div>\n<\/div>\n<p>&nbsp;<\/p>\n<div class=\"two_columns_33_66 clearfix\">\n<div class=\"column1\"><div class=\"column_inner\">\n<img loading=\"lazy\" decoding=\"async\" class=\"alignnone size-full wp-image-908\" src=\"http:\/\/ateliersi.it\/ateliersi\/wp-content\/uploads\/2013\/07\/diego.gif\" alt=\"_diego\" width=\"275\" height=\"162\" \/><\/p>\n<\/div><\/div>\n<div class=\"column2\"><div class=\"column_inner\">\n<h4>Diego Segatto<\/h4>\n<h5>design<\/h5>\n<div class='accordion'>\n<h5>bio<\/h5><div><div class='inner'>\n<p><strong>Diego Segatto<\/strong>, architetto, direttore creativo e designer visivo, inoltre attiva e accompagna processi di trasformazione. Gli aspetti multidisciplinari e relazionali sono al centro della sua pratica. Adottando approcci ibridi frutto del percorso iniziato nel 2001 con artway of thinking (Venezia), prende parte a realt\u00e0 orientate alla rigenerazione umana e ambientale. Nel 2009 \u00e8 cofondatore di OpenQuadra studio e inizia la collaborazione con DAAR \u2013 Decolonizing Architecture Art Residency (Betlemme, Palestina) nell\u2019espressione visiva ed editoriale della ricerca, il cui esito viene esposto alle biennali di Istanbul (2009), Beirut, Rotterdam e Sharjiah (2010), al Festival Internazionale di Edimburgo (2011) e nella pubblicazione \u201cArchitecture after Revolution\u201d (Sternberg Press, 2013). Dal 2010 \u00e8 cofondatore e coordinatore di Re:Habitat \u2013 organismo di rigenerazione (Bologna). Nel 2012 entra nel gruppo di ricerca attiva Archiviazioni \u2013 arte e progettazione nella sfera pubblica. Tra il 2012 e 2013 partecipa al programma Campus in Camps (campo profughi di Dheisheh, Palestina) come coordinatore e designer; la permanenza include la collaborazione con UNRWA Camp Improvement Programme in qualit\u00e0 di designer visivo. Collabora con Teatrino Clandestino dal 2008 al 2012. Nel 2013 partecipa alla fondazione del progetto artistico Ateliersi con cui approfondisce la relazione tra arti e multidisciplinariet\u00e0. Per le pubblicazioni \u201cDecolonizing Minds\u201d (Societ\u00e0 Italiana di Scienze Psicosociali per la Pace, 2011), \u201cJournal 2007-2011\u2033 (Nosadella.due, 2012), \u201c#1 Under Construction\u201d (FARE\/Giusy Checola, 2013) e \u201cA-Journal #0\u2033 (Archiviazioni, 2013) Diego ha curato la grafica editoriale e partecipato come co-autore. I suoi articoli sono apparsi su Doppiozero e Il Lavoro Culturale. <a href=\"http:\/\/www.diegosegatto.com\/\" target=\"_blank\" rel=\"noopener noreferrer\">diegosegatto.com<\/a><\/p>\n<\/div><\/div>\n<\/div>\n       <ul class='social_menu white'><li class='email'><a href='mailto:diegosegatto@pm.me' target='_blank'>email<\/a><\/li><li class='linkedin'><a href='https:\/\/www.linkedin.com\/in\/diego-segatto\/' target='_blank'>linkedin<\/a><\/li>           <\/ul>\n<\/div><\/div>\n<\/div>\n<p>&nbsp;<\/p>\n<div class=\"two_columns_33_66 clearfix\">\n<div class=\"column1\"><div class=\"column_inner\">\n<img loading=\"lazy\" decoding=\"async\" class=\"alignnone wp-image-4471 size-full\" src=\"https:\/\/ateliersi.it\/ateliersi\/wp-content\/uploads\/2023\/03\/margherita.gif\" alt=\"\" width=\"275\" height=\"162\" \/><\/p>\n<\/div><\/div>\n<div class=\"column2\"><div class=\"column_inner\">\n<h4>Margherita Kay Budillon<\/h4>\n<div class='accordion'>\n<h5>bio<\/h5><div><div class='inner'>\n<p>Interessata alla ricerca contemporanea nell\u2019ambito delle arti visive, performative, sonore, affianca lo studio teorico con l\u2019osservazione di percorsi di creazione artistica che superino confini disciplinari e inneschino pensieri. Si laurea all\u2019Universit\u00e0 di Bologna in Lettere Moderne e si specializza in Arti Visive; parallelamente ha costruito una formazione eterogenea nelle arti performative. Studia in modo continuativo con l\u2019attrice Fiorenza Menni dal 2017, lavorando sul proprio gusto interpretativo, la presenza scenica e le potenzialit\u00e0 espressive della voce. Lavora con Ateliersi dal 2018 in qualit\u00e0 di attrice e collaboratrice. Dal 2020, insieme a Eugenia Delbue, lavora ad un progetto sperimentale di archivio pratico che possa trasmettere la pratica formativa di Fiorenza Menni in sua assenza. Negli anni \u00e8 stata parte di diversi progetti collettivi, organizzando concerti, festival di teatro, residenze d\u2019artista e redazioni radiofoniche. Da sempre osservatrice delle relazioni spaziali nei contesti urbani, sensibile alle tematiche legate all\u2019abitare e ai beni comuni, partecipa ad iniziative di impegno politico su questi temi. Approfondisce lo studio e la cura delle pratiche artistiche nello spazio pubblico e nel paesaggio conseguendo il Master in Environmental Humanities di Roma Tre nel 2021. Ha lavorato come curatrice e assistente di produzione per il festival Ombre Lunghe, la compagnia di danza LeSupplici\/klm, la piattaforma Post Disaster, il festival Danza Urbana, il Centro Nazionale di Produzione Virgilio Sieni.<\/p>\n<\/div><\/div>\n<\/div>\n<\/div><\/div>\n<\/div>\n<p>&nbsp;<\/p>\n<div class=\"two_columns_33_66 clearfix\">\n<div class=\"column1\"><div class=\"column_inner\">\n<img loading=\"lazy\" decoding=\"async\" class=\"alignnone wp-image-4473 size-full\" src=\"https:\/\/ateliersi.it\/ateliersi\/wp-content\/uploads\/2023\/03\/eugenia.gif\" alt=\"\" width=\"275\" height=\"162\" \/><\/p>\n<\/div><\/div>\n<div class=\"column2\"><div class=\"column_inner\">\n<h4>Eugenia Delbue<\/h4>\n<div class='accordion'>\n<h5>bio<\/h5><div><div class='inner'>\n<p><strong>Eugenia Delbue<\/strong> \u00e8 attrice e autrice.<br \/>\nDal 2016 collabora con Ateliersi come attrice, performer e assistente.<br \/>\nDavanti alla camera \u00e8 diretta da Jacopo Miliani ne La discoteca, cortometraggio acquisito dal Centro per l\u2019Arte Contemporanea Luigi Pecci di Prato, e da Arkasha Stevenson in The First Omen. Le sue creazioni indagano sensibilit\u00e0 interiori, silenziose e anonime. Si laurea in Discipline delle Arti, della Musica e dello Spettacolo nel 2019 con una tesi sul pensiero e sulle pratiche di Fiorenza Menni come formatrice in ambito performativo. Dal<br \/>\n2020, insieme a Margherita Kay Budillon, lavora ad un progetto sperimentale di archivio pratico che possa trasmettere la pratica formativa di Fiorenza Menni in sua assenza.<\/p>\n<\/div><\/div>\n<\/div>\n<\/div><\/div>\n<\/div>\n","protected":false},"excerpt":{"rendered":"<p>&nbsp; &nbsp; &nbsp; &nbsp; &nbsp; &nbsp; &nbsp;<\/p>\n","protected":false},"author":1,"featured_media":0,"parent":0,"menu_order":0,"comment_status":"closed","ping_status":"closed","template":"","meta":{"footnotes":""},"class_list":["post-157","page","type-page","status-publish","hentry"],"yoast_head":"<!-- This site is optimized with the Yoast SEO plugin v27.1.1 - https:\/\/yoast.com\/product\/yoast-seo-wordpress\/ -->\n<title>persone - ateliersi<\/title>\n<meta name=\"robots\" content=\"index, follow, max-snippet:-1, max-image-preview:large, max-video-preview:-1\" \/>\n<link rel=\"canonical\" href=\"https:\/\/ateliersi.it\/ateliersi\/persone\/\" \/>\n<meta property=\"og:locale\" content=\"it_IT\" \/>\n<meta property=\"og:type\" content=\"article\" \/>\n<meta property=\"og:title\" content=\"persone - ateliersi\" \/>\n<meta property=\"og:description\" content=\"&nbsp; &nbsp; &nbsp; &nbsp; &nbsp; &nbsp; &nbsp;\" \/>\n<meta property=\"og:url\" content=\"https:\/\/ateliersi.it\/ateliersi\/persone\/\" \/>\n<meta property=\"og:site_name\" content=\"ateliersi\" \/>\n<meta property=\"article:publisher\" content=\"https:\/\/www.facebook.com\/si.ateliersi\" \/>\n<meta property=\"article:modified_time\" content=\"2025-04-07T07:46:03+00:00\" \/>\n<meta property=\"og:image\" content=\"https:\/\/ateliersi.it\/ateliersi\/wp-content\/uploads\/2013\/07\/fiorenza.gif\" \/>\n\t<meta property=\"og:image:width\" content=\"275\" \/>\n\t<meta property=\"og:image:height\" content=\"162\" \/>\n\t<meta property=\"og:image:type\" content=\"image\/gif\" \/>\n<meta name=\"twitter:card\" content=\"summary_large_image\" \/>\n<meta name=\"twitter:site\" content=\"@AtelierSi\" \/>\n<meta name=\"twitter:label1\" content=\"Tempo di lettura stimato\" \/>\n\t<meta name=\"twitter:data1\" content=\"10 minuti\" \/>\n<!-- \/ Yoast SEO plugin. -->","yoast_head_json":{"title":"persone - ateliersi","robots":{"index":"index","follow":"follow","max-snippet":"max-snippet:-1","max-image-preview":"max-image-preview:large","max-video-preview":"max-video-preview:-1"},"canonical":"https:\/\/ateliersi.it\/ateliersi\/persone\/","og_locale":"it_IT","og_type":"article","og_title":"persone - ateliersi","og_description":"&nbsp; &nbsp; &nbsp; &nbsp; &nbsp; &nbsp; &nbsp;","og_url":"https:\/\/ateliersi.it\/ateliersi\/persone\/","og_site_name":"ateliersi","article_publisher":"https:\/\/www.facebook.com\/si.ateliersi","article_modified_time":"2025-04-07T07:46:03+00:00","og_image":[{"width":275,"height":162,"url":"https:\/\/ateliersi.it\/ateliersi\/wp-content\/uploads\/2013\/07\/fiorenza.gif","type":"image\/gif"}],"twitter_card":"summary_large_image","twitter_site":"@AtelierSi","twitter_misc":{"Tempo di lettura stimato":"10 minuti"},"schema":{"@context":"https:\/\/schema.org","@graph":[{"@type":"WebPage","@id":"https:\/\/ateliersi.it\/ateliersi\/persone\/","url":"https:\/\/ateliersi.it\/ateliersi\/persone\/","name":"persone - ateliersi","isPartOf":{"@id":"https:\/\/ateliersi.it\/ateliersi\/#website"},"primaryImageOfPage":{"@id":"https:\/\/ateliersi.it\/ateliersi\/persone\/#primaryimage"},"image":{"@id":"https:\/\/ateliersi.it\/ateliersi\/persone\/#primaryimage"},"thumbnailUrl":"http:\/\/ateliersi.it\/ateliersi\/wp-content\/uploads\/2013\/07\/fiorenza.gif","datePublished":"2013-07-22T10:15:30+00:00","dateModified":"2025-04-07T07:46:03+00:00","breadcrumb":{"@id":"https:\/\/ateliersi.it\/ateliersi\/persone\/#breadcrumb"},"inLanguage":"it-IT","potentialAction":[{"@type":"ReadAction","target":["https:\/\/ateliersi.it\/ateliersi\/persone\/"]}]},{"@type":"ImageObject","inLanguage":"it-IT","@id":"https:\/\/ateliersi.it\/ateliersi\/persone\/#primaryimage","url":"http:\/\/ateliersi.it\/ateliersi\/wp-content\/uploads\/2013\/07\/fiorenza.gif","contentUrl":"http:\/\/ateliersi.it\/ateliersi\/wp-content\/uploads\/2013\/07\/fiorenza.gif"},{"@type":"BreadcrumbList","@id":"https:\/\/ateliersi.it\/ateliersi\/persone\/#breadcrumb","itemListElement":[{"@type":"ListItem","position":1,"name":"Home","item":"https:\/\/ateliersi.it\/ateliersi\/"},{"@type":"ListItem","position":2,"name":"persone"}]},{"@type":"WebSite","@id":"https:\/\/ateliersi.it\/ateliersi\/#website","url":"https:\/\/ateliersi.it\/ateliersi\/","name":"ateliersi","description":"","publisher":{"@id":"https:\/\/ateliersi.it\/ateliersi\/#organization"},"potentialAction":[{"@type":"SearchAction","target":{"@type":"EntryPoint","urlTemplate":"https:\/\/ateliersi.it\/ateliersi\/?s={search_term_string}"},"query-input":{"@type":"PropertyValueSpecification","valueRequired":true,"valueName":"search_term_string"}}],"inLanguage":"it-IT"},{"@type":"Organization","@id":"https:\/\/ateliersi.it\/ateliersi\/#organization","name":"Ateliersi","url":"https:\/\/ateliersi.it\/ateliersi\/","logo":{"@type":"ImageObject","inLanguage":"it-IT","@id":"https:\/\/ateliersi.it\/ateliersi\/#\/schema\/logo\/image\/","url":"https:\/\/ateliersi.it\/ateliersi\/wp-content\/uploads\/2013\/07\/ateliersi.jpeg","contentUrl":"https:\/\/ateliersi.it\/ateliersi\/wp-content\/uploads\/2013\/07\/ateliersi.jpeg","width":152,"height":36,"caption":"Ateliersi"},"image":{"@id":"https:\/\/ateliersi.it\/ateliersi\/#\/schema\/logo\/image\/"},"sameAs":["https:\/\/www.facebook.com\/si.ateliersi","https:\/\/x.com\/AtelierSi","https:\/\/www.instagram.com\/si.ateliersi\/","https:\/\/www.youtube.com\/c\/AteliersiItBologna"]}]}},"_links":{"self":[{"href":"https:\/\/ateliersi.it\/ateliersi\/wp-json\/wp\/v2\/pages\/157","targetHints":{"allow":["GET"]}}],"collection":[{"href":"https:\/\/ateliersi.it\/ateliersi\/wp-json\/wp\/v2\/pages"}],"about":[{"href":"https:\/\/ateliersi.it\/ateliersi\/wp-json\/wp\/v2\/types\/page"}],"author":[{"embeddable":true,"href":"https:\/\/ateliersi.it\/ateliersi\/wp-json\/wp\/v2\/users\/1"}],"replies":[{"embeddable":true,"href":"https:\/\/ateliersi.it\/ateliersi\/wp-json\/wp\/v2\/comments?post=157"}],"version-history":[{"count":17,"href":"https:\/\/ateliersi.it\/ateliersi\/wp-json\/wp\/v2\/pages\/157\/revisions"}],"predecessor-version":[{"id":5700,"href":"https:\/\/ateliersi.it\/ateliersi\/wp-json\/wp\/v2\/pages\/157\/revisions\/5700"}],"wp:attachment":[{"href":"https:\/\/ateliersi.it\/ateliersi\/wp-json\/wp\/v2\/media?parent=157"}],"curies":[{"name":"wp","href":"https:\/\/api.w.org\/{rel}","templated":true}]}}